{"id":8984,"date":"2025-02-14T11:47:54","date_gmt":"2025-02-14T10:47:54","guid":{"rendered":"https:\/\/asosafety.biz\/?page_id=8984"},"modified":"2026-03-05T15:09:40","modified_gmt":"2026-03-05T14:09:40","slug":"portfolio-2","status":"publish","type":"page","link":"https:\/\/asosafety.com\/us\/portfolio-2\/","title":{"rendered":"Portfolio"},"content":{"rendered":"\n<div class=\"wp-block-group alignfull\"><div class=\"wp-block-group__inner-container is-layout-constrained wp-block-group-is-layout-constrained\">\n<div class=\"wp-block-cover alignfull is-light\" style=\"margin-top:0;min-height:498px;aspect-ratio:unset;\"><img loading=\"lazy\" decoding=\"async\" width=\"2560\" height=\"1437\" class=\"wp-block-cover__image-background wp-image-15112 size-full\" alt=\"\" src=\"https:\/\/asosafety.com\/wp-content\/uploads\/2025\/12\/IMG_8155-scaled.jpg\" style=\"object-position:40% 48%\" data-object-fit=\"cover\" data-object-position=\"40% 48%\" srcset=\"https:\/\/asosafety.com\/wp-content\/uploads\/2025\/12\/IMG_8155-scaled.jpg 2560w, https:\/\/asosafety.com\/wp-content\/uploads\/2025\/12\/IMG_8155-300x168.jpg 300w, https:\/\/asosafety.com\/wp-content\/uploads\/2025\/12\/IMG_8155-1024x575.jpg 1024w, https:\/\/asosafety.com\/wp-content\/uploads\/2025\/12\/IMG_8155-768x431.jpg 768w, https:\/\/asosafety.com\/wp-content\/uploads\/2025\/12\/IMG_8155-1536x862.jpg 1536w, https:\/\/asosafety.com\/wp-content\/uploads\/2025\/12\/IMG_8155-2048x1150.jpg 2048w, https:\/\/asosafety.com\/wp-content\/uploads\/2025\/12\/IMG_8155-600x337.jpg 600w\" sizes=\"auto, (max-width: 2560px) 100vw, 2560px\" \/><span aria-hidden=\"true\" class=\"wp-block-cover__background has-theme-palette-1-background-color has-background-dim-0 has-background-dim\"><\/span><div class=\"wp-block-cover__inner-container is-layout-flow wp-block-cover-is-layout-flow\">\n<p class=\"has-text-align-center has-large-font-size\"><\/p>\n<\/div><\/div>\n<\/div><\/div>\n\n\n\n<p class=\"has-text-align-center has-theme-palette-3-color has-text-color has-link-color has-xxlarge-font-size wp-elements-de4e06405c164f14b727ebb2ed05cee3\"><strong>Our products. Your possibilities.<\/strong><\/p>\n\n\n\n<p class=\"has-text-align-center has-theme-palette-3-color has-theme-palette-1-background-color has-text-color has-background has-link-color has-medium-font-size wp-elements-7a0f81b83796bb2d1310ef77d9a4711d\" style=\"border-style:none;border-width:0px;margin-top:0;margin-right:var(--wp--preset--spacing--80);margin-bottom:0;margin-left:var(--wp--preset--spacing--80)\">Our projects form the foundation of our company \u2013 challenges that we tackle with passion, precision and innovative spirit. Each project combines our expertise, commitment and values to create forward-looking solutions. As an innovative market leader, we actively shape the industry and deliver high-quality results focused on safety, quality and long-term success.<\/p>\n\n\n<style>.wp-block-kadence-advancedbtn.kb-btns8984_68da74-10{gap:var(--global-kb-gap-xs, 0.5rem );justify-content:center;align-items:center;}.kt-btns8984_68da74-10 .kt-button{font-weight:normal;font-style:normal;}.kt-btns8984_68da74-10 .kt-btn-wrap-0{margin-right:5px;}.wp-block-kadence-advancedbtn.kt-btns8984_68da74-10 .kt-btn-wrap-0 .kt-button{color:#555555;border-color:#555555;}.wp-block-kadence-advancedbtn.kt-btns8984_68da74-10 .kt-btn-wrap-0 .kt-button:hover, .wp-block-kadence-advancedbtn.kt-btns8984_68da74-10 .kt-btn-wrap-0 .kt-button:focus{color:#ffffff;border-color:#444444;}.wp-block-kadence-advancedbtn.kt-btns8984_68da74-10 .kt-btn-wrap-0 .kt-button::before{display:none;}.wp-block-kadence-advancedbtn.kt-btns8984_68da74-10 .kt-btn-wrap-0 .kt-button:hover, .wp-block-kadence-advancedbtn.kt-btns8984_68da74-10 .kt-btn-wrap-0 .kt-button:focus{background:#444444;}<\/style>\n<div class=\"wp-block-kadence-advancedbtn kb-buttons-wrap kb-btns8984_68da74-10\"><style>ul.menu .wp-block-kadence-advancedbtn .kb-btn8984_642d1d-7c.kb-button{width:initial;}.wp-block-kadence-advancedbtn .kb-btn8984_642d1d-7c.kb-button{color:var(--global-palette1, #3182CE);background:var(--global-palette2, #2B6CB0);border-top-left-radius:0px;border-top-right-radius:0px;border-bottom-right-radius:0px;border-bottom-left-radius:0px;padding-top:var(--global-kb-spacing-xs, 1rem);padding-right:var(--global-kb-spacing-md, 2rem);padding-bottom:var(--global-kb-spacing-xs, 1rem);padding-left:var(--global-kb-spacing-md, 2rem);}.wp-block-kadence-advancedbtn .kb-btn8984_642d1d-7c.kb-button:hover, .wp-block-kadence-advancedbtn .kb-btn8984_642d1d-7c.kb-button:focus{color:var(--global-palette9, #ffffff);background:var(--global-palette4, #2D3748);border-top-left-radius:0px;border-top-right-radius:0px;border-bottom-right-radius:0px;border-bottom-left-radius:0px;}<\/style><a class=\"kb-button kt-button button kb-btn8984_642d1d-7c kt-btn-size-large kt-btn-width-type-auto kb-btn-global-inherit  kt-btn-has-text-true kt-btn-has-svg-false  wp-block-button__link wp-block-kadence-singlebtn\" href=\"https:\/\/asosafety.com\/shared-files\/17827\/?ASO-product-catalogue-2025-DE-EN.pdf\"><span class=\"kt-btn-inner-text\"><a href=\"https:\/\/asosafety.com\/shared-files\/17827\/?ASO-product-catalogue-2025-DE-EN.pdf\" target=\"_blank\" rel=\"noreferrer noopener\">product catalogue<\/a><\/span><\/a><\/div>\n\n\n<style>.kb-row-layout-id8984_a219ff-14 > .kt-row-column-wrap{align-content:start;}:where(.kb-row-layout-id8984_a219ff-14 > .kt-row-column-wrap) > .wp-block-kadence-column{justify-content:start;}.kb-row-layout-id8984_a219ff-14 > .kt-row-column-wrap{column-gap:var(--global-kb-gap-md, 2rem);row-gap:var(--global-kb-gap-md, 2rem);max-width:1314px;margin-left:auto;margin-right:auto;padding-top:var(--global-kb-spacing-sm, 1.5rem);padding-bottom:var(--global-kb-spacing-sm, 1.5rem);grid-template-columns:repeat(2, minmax(0, 1fr));}.kb-row-layout-id8984_a219ff-14 > .kt-row-layout-overlay{opacity:0.30;}@media all and (max-width: 1024px){.kb-row-layout-id8984_a219ff-14 > .kt-row-column-wrap{grid-template-columns:repeat(2, minmax(0, 1fr));}}@media all and (max-width: 767px){.kb-row-layout-id8984_a219ff-14 > .kt-row-column-wrap{grid-template-columns:minmax(0, 1fr);}}<\/style><div class=\"kb-row-layout-wrap kb-row-layout-id8984_a219ff-14 alignnone wp-block-kadence-rowlayout\"><div class=\"kt-row-column-wrap kt-has-2-columns kt-row-layout-equal kt-tab-layout-inherit kt-mobile-layout-row kt-row-valign-top\">\n<style>.kadence-column8984_f9e853-f9 > .kt-inside-inner-col,.kadence-column8984_f9e853-f9 > .kt-inside-inner-col:before{border-top-left-radius:0px;border-top-right-radius:0px;border-bottom-right-radius:0px;border-bottom-left-radius:0px;}.kadence-column8984_f9e853-f9 > .kt-inside-inner-col{column-gap:var(--global-kb-gap-sm, 1rem);}.kadence-column8984_f9e853-f9 > .kt-inside-inner-col{flex-direction:column;}.kadence-column8984_f9e853-f9 > .kt-inside-inner-col > .aligncenter{width:100%;}.kadence-column8984_f9e853-f9 > .kt-inside-inner-col:before{opacity:0.3;}.kadence-column8984_f9e853-f9{position:relative;}@media all and (max-width: 1024px){.kadence-column8984_f9e853-f9 > .kt-inside-inner-col{flex-direction:column;justify-content:center;}}@media all and (max-width: 767px){.kadence-column8984_f9e853-f9 > .kt-inside-inner-col{flex-direction:column;justify-content:center;}}<\/style>\n<div class=\"wp-block-kadence-column kadence-column8984_f9e853-f9\"><div class=\"kt-inside-inner-col\"><style>.wp-block-kadence-advancedheading.kt-adv-heading8984_58ee15-0e, .wp-block-kadence-advancedheading.kt-adv-heading8984_58ee15-0e[data-kb-block=\"kb-adv-heading8984_58ee15-0e\"]{text-align:center;font-style:normal;text-transform:none;}.wp-block-kadence-advancedheading.kt-adv-heading8984_58ee15-0e mark.kt-highlight, .wp-block-kadence-advancedheading.kt-adv-heading8984_58ee15-0e[data-kb-block=\"kb-adv-heading8984_58ee15-0e\"] mark.kt-highlight{font-style:normal;color:#f76a0c;-webkit-box-decoration-break:clone;box-decoration-break:clone;padding-top:0px;padding-right:0px;padding-bottom:0px;padding-left:0px;}.wp-block-kadence-advancedheading.kt-adv-heading8984_58ee15-0e img.kb-inline-image, .wp-block-kadence-advancedheading.kt-adv-heading8984_58ee15-0e[data-kb-block=\"kb-adv-heading8984_58ee15-0e\"] img.kb-inline-image{width:150px;vertical-align:baseline;}<\/style>\n<h2 class=\"kt-adv-heading8984_58ee15-0e wp-block-kadence-advancedheading\" data-kb-block=\"kb-adv-heading8984_58ee15-0e\"><a href=\"https:\/\/asosafety.com\/us\/industries\/\">Industries<\/a><\/h2>\n\n\n<style>.kb-image8984_4a5e5f-78 .kb-image-has-overlay:after{opacity:0.3;}.kb-image8984_4a5e5f-78 img.kb-img, .kb-image8984_4a5e5f-78 .kb-img img{object-position:50% 49%;}<\/style>\n<div class=\"wp-block-kadence-image kb-image8984_4a5e5f-78\"><figure class=\"aligncenter size-large kb-image-is-ratio-size\"><a href=\"https:\/\/asosafety.com\/us\/industries\/\" class=\"kb-advanced-image-link\"><div class=\"kb-is-ratio-image kb-image-ratio-land43\"><img loading=\"lazy\" decoding=\"async\" width=\"1024\" height=\"724\" src=\"https:\/\/asosafety.com\/wp-content\/uploads\/2025\/12\/Applikationsgrafik-1024x724.png\" alt=\"\" class=\"kb-img wp-image-15115\" srcset=\"https:\/\/asosafety.com\/wp-content\/uploads\/2025\/12\/Applikationsgrafik-1024x724.png 1024w, https:\/\/asosafety.com\/wp-content\/uploads\/2025\/12\/Applikationsgrafik-300x212.png 300w, https:\/\/asosafety.com\/wp-content\/uploads\/2025\/12\/Applikationsgrafik-768x543.png 768w, https:\/\/asosafety.com\/wp-content\/uploads\/2025\/12\/Applikationsgrafik-1536x1086.png 1536w, https:\/\/asosafety.com\/wp-content\/uploads\/2025\/12\/Applikationsgrafik-2048x1448.png 2048w, https:\/\/asosafety.com\/wp-content\/uploads\/2025\/12\/Applikationsgrafik-600x424.png 600w\" sizes=\"auto, (max-width: 1024px) 100vw, 1024px\" \/><\/div><\/a><\/figure><\/div>\n<\/div><\/div>\n\n\n<style>.kadence-column8984_9133f2-e6 > .kt-inside-inner-col,.kadence-column8984_9133f2-e6 > .kt-inside-inner-col:before{border-top-left-radius:0px;border-top-right-radius:0px;border-bottom-right-radius:0px;border-bottom-left-radius:0px;}.kadence-column8984_9133f2-e6 > .kt-inside-inner-col{column-gap:var(--global-kb-gap-sm, 1rem);}.kadence-column8984_9133f2-e6 > .kt-inside-inner-col{flex-direction:column;}.kadence-column8984_9133f2-e6 > .kt-inside-inner-col > .aligncenter{width:100%;}.kadence-column8984_9133f2-e6 > .kt-inside-inner-col:before{opacity:0.3;}.kadence-column8984_9133f2-e6{position:relative;}@media all and (max-width: 1024px){.kadence-column8984_9133f2-e6 > .kt-inside-inner-col{flex-direction:column;justify-content:center;}}@media all and (max-width: 767px){.kadence-column8984_9133f2-e6 > .kt-inside-inner-col{flex-direction:column;justify-content:center;}}<\/style>\n<div class=\"wp-block-kadence-column kadence-column8984_9133f2-e6\"><div class=\"kt-inside-inner-col\"><style>.wp-block-kadence-advancedheading.kt-adv-heading8984_234677-f7, .wp-block-kadence-advancedheading.kt-adv-heading8984_234677-f7[data-kb-block=\"kb-adv-heading8984_234677-f7\"]{text-align:center;font-style:normal;text-transform:none;}.wp-block-kadence-advancedheading.kt-adv-heading8984_234677-f7 mark.kt-highlight, .wp-block-kadence-advancedheading.kt-adv-heading8984_234677-f7[data-kb-block=\"kb-adv-heading8984_234677-f7\"] mark.kt-highlight{font-style:normal;color:#f76a0c;-webkit-box-decoration-break:clone;box-decoration-break:clone;padding-top:0px;padding-right:0px;padding-bottom:0px;padding-left:0px;}.wp-block-kadence-advancedheading.kt-adv-heading8984_234677-f7 img.kb-inline-image, .wp-block-kadence-advancedheading.kt-adv-heading8984_234677-f7[data-kb-block=\"kb-adv-heading8984_234677-f7\"] img.kb-inline-image{width:150px;vertical-align:baseline;}<\/style>\n<h2 class=\"kt-adv-heading8984_234677-f7 wp-block-kadence-advancedheading\" data-kb-block=\"kb-adv-heading8984_234677-f7\"><a href=\"https:\/\/asosafety.com\/us\/products\/\">Products<\/a><\/h2>\n\n\n<style>.kb-image8984_62fa56-cc .kb-image-has-overlay:after{opacity:0.3;}.kb-image8984_62fa56-cc img.kb-img, .kb-image8984_62fa56-cc .kb-img img{object-position:52% 100%;}<\/style>\n<div class=\"wp-block-kadence-image kb-image8984_62fa56-cc\"><figure class=\"aligncenter size-large kb-image-is-ratio-size\"><a href=\"https:\/\/asosafety.com\/us\/products\/\" class=\"kb-advanced-image-link\"><div class=\"kb-is-ratio-image kb-image-ratio-land43\"><img loading=\"lazy\" decoding=\"async\" width=\"1024\" height=\"575\" src=\"https:\/\/asosafety.com\/wp-content\/uploads\/2025\/12\/IMG_8155-1024x575.jpg\" alt=\"\" class=\"kb-img wp-image-15112\" srcset=\"https:\/\/asosafety.com\/wp-content\/uploads\/2025\/12\/IMG_8155-1024x575.jpg 1024w, https:\/\/asosafety.com\/wp-content\/uploads\/2025\/12\/IMG_8155-300x168.jpg 300w, https:\/\/asosafety.com\/wp-content\/uploads\/2025\/12\/IMG_8155-768x431.jpg 768w, https:\/\/asosafety.com\/wp-content\/uploads\/2025\/12\/IMG_8155-1536x862.jpg 1536w, https:\/\/asosafety.com\/wp-content\/uploads\/2025\/12\/IMG_8155-2048x1150.jpg 2048w, https:\/\/asosafety.com\/wp-content\/uploads\/2025\/12\/IMG_8155-600x337.jpg 600w\" sizes=\"auto, (max-width: 1024px) 100vw, 1024px\" \/><\/div><\/a><\/figure><\/div>\n<\/div><\/div>\n\n<\/div><\/div>\n\n\n<p>n<\/p>\n\n\n\n<p><\/p>\n\n\n\n<p><\/p>\n","protected":false},"excerpt":{"rendered":"<p>Our products. Your possibilities. Our projects form the foundation of our company \u2013 challenges that we tackle with passion, precision and innovative spirit. Each project combines our expertise, commitment and values to create forward-looking solutions. As an innovative market leader, we actively shape the industry and deliver high-quality results focused on safety, quality and long-term&#8230;<\/p>\n","protected":false},"author":5,"featured_media":0,"parent":0,"menu_order":0,"comment_status":"closed","ping_status":"closed","template":"","meta":{"_kad_blocks_custom_css":"","_kad_blocks_head_custom_js":"","_kad_blocks_body_custom_js":"","_kad_blocks_footer_custom_js":"","_kad_post_transparent":"","_kad_post_title":"","_kad_post_layout":"","_kad_post_sidebar_id":"","_kad_post_content_style":"","_kad_post_vertical_padding":"","_kad_post_feature":"","_kad_post_feature_position":"","_kad_post_header":false,"_kad_post_footer":false,"_kad_post_classname":"","footnotes":""},"class_list":["post-8984","page","type-page","status-publish","hentry"],"yoast_head":"<!-- This site is optimized with the Yoast SEO Premium plugin v26.2 (Yoast SEO v27.3) - https:\/\/yoast.com\/product\/yoast-seo-premium-wordpress\/ -->\n<title>Portfolio - ASO Safety Solutions<\/title>\n<meta name=\"robots\" content=\"index, follow, max-snippet:-1, max-image-preview:large, max-video-preview:-1\" \/>\n<link rel=\"canonical\" href=\"https:\/\/asosafety.com\/us\/portfolio-2\/\" \/>\n<meta property=\"og:locale\" content=\"en_US\" \/>\n<meta property=\"og:type\" content=\"article\" \/>\n<meta property=\"og:title\" content=\"Portfolio\" \/>\n<meta property=\"og:description\" content=\"Our products. Your possibilities. Our projects form the foundation of our company \u2013 challenges that we tackle with passion, precision and innovative spirit. Each project combines our expertise, commitment and values to create forward-looking solutions. As an innovative market leader, we actively shape the industry and deliver high-quality results focused on safety, quality and long-term...\" \/>\n<meta property=\"og:url\" content=\"https:\/\/asosafety.com\/us\/portfolio-2\/\" \/>\n<meta property=\"og:site_name\" content=\"ASO Safety Solutions\" \/>\n<meta property=\"article:modified_time\" content=\"2026-03-05T14:09:40+00:00\" \/>\n<meta property=\"og:image\" content=\"https:\/\/asosafety.com\/wp-content\/uploads\/2025\/12\/IMG_8155-scaled.jpg\" \/>\n\t<meta property=\"og:image:width\" content=\"2560\" \/>\n\t<meta property=\"og:image:height\" content=\"1437\" \/>\n\t<meta property=\"og:image:type\" content=\"image\/jpeg\" \/>\n<meta name=\"twitter:card\" content=\"summary_large_image\" \/>\n<meta name=\"twitter:label1\" content=\"Est. reading time\" \/>\n\t<meta name=\"twitter:data1\" content=\"1 minute\" \/>\n<script type=\"application\/ld+json\" class=\"yoast-schema-graph\">{\"@context\":\"https:\\\/\\\/schema.org\",\"@graph\":[{\"@type\":\"WebPage\",\"@id\":\"https:\\\/\\\/asosafety.com\\\/us\\\/portfolio-2\\\/\",\"url\":\"https:\\\/\\\/asosafety.com\\\/us\\\/portfolio-2\\\/\",\"name\":\"Portfolio - ASO Safety Solutions\",\"isPartOf\":{\"@id\":\"https:\\\/\\\/asosafety.com\\\/us\\\/#website\"},\"primaryImageOfPage\":{\"@id\":\"https:\\\/\\\/asosafety.com\\\/us\\\/portfolio-2\\\/#primaryimage\"},\"image\":{\"@id\":\"https:\\\/\\\/asosafety.com\\\/us\\\/portfolio-2\\\/#primaryimage\"},\"thumbnailUrl\":\"https:\\\/\\\/asosafety.com\\\/wp-content\\\/uploads\\\/2025\\\/12\\\/IMG_8155-scaled.jpg\",\"datePublished\":\"2025-02-14T10:47:54+00:00\",\"dateModified\":\"2026-03-05T14:09:40+00:00\",\"breadcrumb\":{\"@id\":\"https:\\\/\\\/asosafety.com\\\/us\\\/portfolio-2\\\/#breadcrumb\"},\"inLanguage\":\"en-US\",\"potentialAction\":[{\"@type\":\"ReadAction\",\"target\":[\"https:\\\/\\\/asosafety.com\\\/us\\\/portfolio-2\\\/\"]}]},{\"@type\":\"ImageObject\",\"inLanguage\":\"en-US\",\"@id\":\"https:\\\/\\\/asosafety.com\\\/us\\\/portfolio-2\\\/#primaryimage\",\"url\":\"https:\\\/\\\/asosafety.com\\\/wp-content\\\/uploads\\\/2025\\\/12\\\/IMG_8155-scaled.jpg\",\"contentUrl\":\"https:\\\/\\\/asosafety.com\\\/wp-content\\\/uploads\\\/2025\\\/12\\\/IMG_8155-scaled.jpg\"},{\"@type\":\"BreadcrumbList\",\"@id\":\"https:\\\/\\\/asosafety.com\\\/us\\\/portfolio-2\\\/#breadcrumb\",\"itemListElement\":[{\"@type\":\"ListItem\",\"position\":1,\"name\":\"Startseite\",\"item\":\"https:\\\/\\\/asosafety.com\\\/us\\\/\"},{\"@type\":\"ListItem\",\"position\":2,\"name\":\"Portfolio\"}]},{\"@type\":\"WebSite\",\"@id\":\"https:\\\/\\\/asosafety.com\\\/us\\\/#website\",\"url\":\"https:\\\/\\\/asosafety.com\\\/us\\\/\",\"name\":\"ASO Safety Solutions\",\"description\":\"\",\"publisher\":{\"@id\":\"https:\\\/\\\/asosafety.com\\\/us\\\/#organization\"},\"potentialAction\":[{\"@type\":\"SearchAction\",\"target\":{\"@type\":\"EntryPoint\",\"urlTemplate\":\"https:\\\/\\\/asosafety.com\\\/us\\\/?s={search_term_string}\"},\"query-input\":{\"@type\":\"PropertyValueSpecification\",\"valueRequired\":true,\"valueName\":\"search_term_string\"}}],\"inLanguage\":\"en-US\"},{\"@type\":\"Organization\",\"@id\":\"https:\\\/\\\/asosafety.com\\\/us\\\/#organization\",\"name\":\"ASO Safety Solutions\",\"alternateName\":\"ASO\",\"url\":\"https:\\\/\\\/asosafety.com\\\/us\\\/\",\"logo\":{\"@type\":\"ImageObject\",\"inLanguage\":\"en-US\",\"@id\":\"https:\\\/\\\/asosafety.com\\\/us\\\/#\\\/schema\\\/logo\\\/image\\\/\",\"url\":\"https:\\\/\\\/asosafety.com\\\/wp-content\\\/uploads\\\/2025\\\/11\\\/cropped-cropped-ASO-Logo-1.png\",\"contentUrl\":\"https:\\\/\\\/asosafety.com\\\/wp-content\\\/uploads\\\/2025\\\/11\\\/cropped-cropped-ASO-Logo-1.png\",\"width\":200,\"height\":80,\"caption\":\"ASO Safety Solutions\"},\"image\":{\"@id\":\"https:\\\/\\\/asosafety.com\\\/us\\\/#\\\/schema\\\/logo\\\/image\\\/\"},\"sameAs\":[\"https:\\\/\\\/www.linkedin.com\\\/company\\\/aso-safety-solutions\",\"https:\\\/\\\/www.youtube.com\\\/@ASOGmbHDeutschland\",\"https:\\\/\\\/www.instagram.com\\\/ausbildung_aso\\\/\"],\"description\":\"ASO Safety Solutions ist f\u00fchrender Hersteller von Sicherheitssensoren f\u00fcr die Automation Seit \u00fcber 40 Jahren steht die ASO GmbH f\u00fcr innovative Sicherheitssensorik und ma\u00dfgeschneiderte L\u00f6sungen in der Automatisierungstechnik. Als familiengef\u00fchrtes Unternehmen mit Hauptsitz in Lippstadt entwickeln, produzieren und vertreiben wir hochwertige Sicherheitskomponenten f\u00fcr industrielle Anwendungen.\",\"email\":\"info@asosafety.com\",\"telephone\":\"+49294197930\",\"legalName\":\"ASO GmbH\",\"vatID\":\"DE126316194\",\"taxID\":\"330\\\/5703\\\/2780\",\"numberOfEmployees\":{\"@type\":\"QuantitativeValue\",\"minValue\":\"51\",\"maxValue\":\"200\"}}]}<\/script>\n<!-- \/ Yoast SEO Premium plugin. -->","yoast_head_json":{"title":"Portfolio - ASO Safety Solutions","robots":{"index":"index","follow":"follow","max-snippet":"max-snippet:-1","max-image-preview":"max-image-preview:large","max-video-preview":"max-video-preview:-1"},"canonical":"https:\/\/asosafety.com\/us\/portfolio-2\/","og_locale":"en_US","og_type":"article","og_title":"Portfolio","og_description":"Our products. Your possibilities. Our projects form the foundation of our company \u2013 challenges that we tackle with passion, precision and innovative spirit. Each project combines our expertise, commitment and values to create forward-looking solutions. As an innovative market leader, we actively shape the industry and deliver high-quality results focused on safety, quality and long-term...","og_url":"https:\/\/asosafety.com\/us\/portfolio-2\/","og_site_name":"ASO Safety Solutions","article_modified_time":"2026-03-05T14:09:40+00:00","og_image":[{"width":2560,"height":1437,"url":"https:\/\/asosafety.com\/wp-content\/uploads\/2025\/12\/IMG_8155-scaled.jpg","type":"image\/jpeg"}],"twitter_card":"summary_large_image","twitter_misc":{"Est. reading time":"1 minute"},"schema":{"@context":"https:\/\/schema.org","@graph":[{"@type":"WebPage","@id":"https:\/\/asosafety.com\/us\/portfolio-2\/","url":"https:\/\/asosafety.com\/us\/portfolio-2\/","name":"Portfolio - ASO Safety Solutions","isPartOf":{"@id":"https:\/\/asosafety.com\/us\/#website"},"primaryImageOfPage":{"@id":"https:\/\/asosafety.com\/us\/portfolio-2\/#primaryimage"},"image":{"@id":"https:\/\/asosafety.com\/us\/portfolio-2\/#primaryimage"},"thumbnailUrl":"https:\/\/asosafety.com\/wp-content\/uploads\/2025\/12\/IMG_8155-scaled.jpg","datePublished":"2025-02-14T10:47:54+00:00","dateModified":"2026-03-05T14:09:40+00:00","breadcrumb":{"@id":"https:\/\/asosafety.com\/us\/portfolio-2\/#breadcrumb"},"inLanguage":"en-US","potentialAction":[{"@type":"ReadAction","target":["https:\/\/asosafety.com\/us\/portfolio-2\/"]}]},{"@type":"ImageObject","inLanguage":"en-US","@id":"https:\/\/asosafety.com\/us\/portfolio-2\/#primaryimage","url":"https:\/\/asosafety.com\/wp-content\/uploads\/2025\/12\/IMG_8155-scaled.jpg","contentUrl":"https:\/\/asosafety.com\/wp-content\/uploads\/2025\/12\/IMG_8155-scaled.jpg"},{"@type":"BreadcrumbList","@id":"https:\/\/asosafety.com\/us\/portfolio-2\/#breadcrumb","itemListElement":[{"@type":"ListItem","position":1,"name":"Startseite","item":"https:\/\/asosafety.com\/us\/"},{"@type":"ListItem","position":2,"name":"Portfolio"}]},{"@type":"WebSite","@id":"https:\/\/asosafety.com\/us\/#website","url":"https:\/\/asosafety.com\/us\/","name":"ASO Safety Solutions","description":"","publisher":{"@id":"https:\/\/asosafety.com\/us\/#organization"},"potentialAction":[{"@type":"SearchAction","target":{"@type":"EntryPoint","urlTemplate":"https:\/\/asosafety.com\/us\/?s={search_term_string}"},"query-input":{"@type":"PropertyValueSpecification","valueRequired":true,"valueName":"search_term_string"}}],"inLanguage":"en-US"},{"@type":"Organization","@id":"https:\/\/asosafety.com\/us\/#organization","name":"ASO Safety Solutions","alternateName":"ASO","url":"https:\/\/asosafety.com\/us\/","logo":{"@type":"ImageObject","inLanguage":"en-US","@id":"https:\/\/asosafety.com\/us\/#\/schema\/logo\/image\/","url":"https:\/\/asosafety.com\/wp-content\/uploads\/2025\/11\/cropped-cropped-ASO-Logo-1.png","contentUrl":"https:\/\/asosafety.com\/wp-content\/uploads\/2025\/11\/cropped-cropped-ASO-Logo-1.png","width":200,"height":80,"caption":"ASO Safety Solutions"},"image":{"@id":"https:\/\/asosafety.com\/us\/#\/schema\/logo\/image\/"},"sameAs":["https:\/\/www.linkedin.com\/company\/aso-safety-solutions","https:\/\/www.youtube.com\/@ASOGmbHDeutschland","https:\/\/www.instagram.com\/ausbildung_aso\/"],"description":"ASO Safety Solutions ist f\u00fchrender Hersteller von Sicherheitssensoren f\u00fcr die Automation Seit \u00fcber 40 Jahren steht die ASO GmbH f\u00fcr innovative Sicherheitssensorik und ma\u00dfgeschneiderte L\u00f6sungen in der Automatisierungstechnik. Als familiengef\u00fchrtes Unternehmen mit Hauptsitz in Lippstadt entwickeln, produzieren und vertreiben wir hochwertige Sicherheitskomponenten f\u00fcr industrielle Anwendungen.","email":"info@asosafety.com","telephone":"+49294197930","legalName":"ASO GmbH","vatID":"DE126316194","taxID":"330\/5703\/2780","numberOfEmployees":{"@type":"QuantitativeValue","minValue":"51","maxValue":"200"}}]}},"taxonomy_info":[],"featured_image_src_large":false,"author_info":{"display_name":"Simon Micheel","author_link":"https:\/\/asosafety.com\/us\/author\/admin-smi\/"},"comment_info":0,"_links":{"self":[{"href":"https:\/\/asosafety.com\/us\/wp-json\/wp\/v2\/pages\/8984","targetHints":{"allow":["GET"]}}],"collection":[{"href":"https:\/\/asosafety.com\/us\/wp-json\/wp\/v2\/pages"}],"about":[{"href":"https:\/\/asosafety.com\/us\/wp-json\/wp\/v2\/types\/page"}],"author":[{"embeddable":true,"href":"https:\/\/asosafety.com\/us\/wp-json\/wp\/v2\/users\/5"}],"replies":[{"embeddable":true,"href":"https:\/\/asosafety.com\/us\/wp-json\/wp\/v2\/comments?post=8984"}],"version-history":[{"count":4,"href":"https:\/\/asosafety.com\/us\/wp-json\/wp\/v2\/pages\/8984\/revisions"}],"predecessor-version":[{"id":18054,"href":"https:\/\/asosafety.com\/us\/wp-json\/wp\/v2\/pages\/8984\/revisions\/18054"}],"wp:attachment":[{"href":"https:\/\/asosafety.com\/us\/wp-json\/wp\/v2\/media?parent=8984"}],"curies":[{"name":"wp","href":"https:\/\/api.w.org\/{rel}","templated":true}]}}