{"id":6093,"date":"2025-07-25T07:31:06","date_gmt":"2025-07-25T05:31:06","guid":{"rendered":"https:\/\/asosafety.biz\/foot-switches\/"},"modified":"2025-11-12T12:03:10","modified_gmt":"2025-11-12T11:03:10","slug":"foot-switches-2","status":"publish","type":"page","link":"https:\/\/asosafety.com\/us\/foot-switches-2\/","title":{"rendered":"Foot Switches"},"content":{"rendered":"<style>.kb-row-layout-id6093_5a4d1e-2a > .kt-row-column-wrap{align-content:center;}:where(.kb-row-layout-id6093_5a4d1e-2a > .kt-row-column-wrap) > .wp-block-kadence-column{justify-content:center;}.kb-row-layout-id6093_5a4d1e-2a > .kt-row-column-wrap{column-gap:var(--global-kb-gap-md, 2rem);row-gap:var(--global-kb-gap-md, 2rem);max-width:var( --global-content-width, 2000px );padding-left:var(--global-content-edge-padding);padding-right:var(--global-content-edge-padding);padding-top:var(--global-kb-spacing-xxl, 5rem);padding-bottom:var(--global-kb-spacing-5xl, 10rem);grid-template-columns:minmax(0, calc(50% - ((var(--global-kb-gap-md, 2rem) * 1 )\/2)))minmax(0, calc(50% - ((var(--global-kb-gap-md, 2rem) * 1 )\/2)));}.kb-row-layout-id6093_5a4d1e-2a{background-image:url('https:\/\/asosafety.com\/wp-content\/uploads\/2025\/08\/Steptu.png');background-size:cover;background-position:8% 50%;background-attachment:scroll;background-repeat:no-repeat;}.kb-row-layout-id6093_5a4d1e-2a > .kt-row-layout-overlay{opacity:1;background:linear-gradient(90deg,var(--global-palette8,#F7FAFC) 37%,rgba(247,250,252,0) 100%);}@media all and (max-width: 1024px){.kb-row-layout-id6093_5a4d1e-2a > .kt-row-column-wrap{grid-template-columns:minmax(0, 1fr);}}@media all and (max-width: 1024px){.kb-row-layout-id6093_5a4d1e-2a > .kt-row-layout-overlay{opacity:1;background:linear-gradient(180deg,var(--global-palette8,#F7FAFC) 53%,rgba(247,250,252,0) 100%);}}@media all and (max-width: 767px){.kb-row-layout-id6093_5a4d1e-2a > .kt-row-column-wrap{grid-template-columns:minmax(0, 1fr);}}<\/style><div class=\"kb-row-layout-wrap kb-row-layout-id6093_5a4d1e-2a alignfull kt-row-has-bg wp-block-kadence-rowlayout\"><div class=\"kt-row-layout-overlay kt-row-overlay-gradient\"><\/div><div class=\"kt-row-column-wrap kt-has-2-columns kt-row-layout-equal kt-tab-layout-row kt-mobile-layout-row kt-row-valign-middle kb-theme-content-width\">\n<style>.kadence-column6093_fda442-8e > .kt-inside-inner-col,.kadence-column6093_fda442-8e > .kt-inside-inner-col:before{border-top-left-radius:0px;border-top-right-radius:0px;border-bottom-right-radius:0px;border-bottom-left-radius:0px;}.kadence-column6093_fda442-8e > .kt-inside-inner-col{column-gap:var(--global-kb-gap-sm, 1rem);}.kadence-column6093_fda442-8e > .kt-inside-inner-col{flex-direction:column;}.kadence-column6093_fda442-8e > .kt-inside-inner-col > .aligncenter{width:100%;}.kadence-column6093_fda442-8e > .kt-inside-inner-col:before{opacity:0.3;}.kadence-column6093_fda442-8e{position:relative;}@media all and (max-width: 1024px){.kadence-column6093_fda442-8e{text-align:center;}}@media all and (max-width: 1024px){.kadence-column6093_fda442-8e > .kt-inside-inner-col{flex-direction:column;justify-content:center;}}@media all and (max-width: 767px){.kadence-column6093_fda442-8e > .kt-inside-inner-col{flex-direction:column;justify-content:center;}}<\/style>\n<div class=\"wp-block-kadence-column kadence-column6093_fda442-8e kb-section-dir-vertical inner-column-1\"><div class=\"kt-inside-inner-col\">\n<h1 class=\"wp-block-heading has-theme-palette-3-color has-text-color has-link-color wp-elements-696d485fb6ed1a6a1e7d05e938e1f205\" id=\"h-operation-made-easy\">Operation made easy.<\/h1>\n\n\n<style>.wp-block-kadence-advancedheading.kt-adv-heading6093_9dd0a9-32, .wp-block-kadence-advancedheading.kt-adv-heading6093_9dd0a9-32[data-kb-block=\"kb-adv-heading6093_9dd0a9-32\"]{font-style:normal;}.wp-block-kadence-advancedheading.kt-adv-heading6093_9dd0a9-32 mark.kt-highlight, .wp-block-kadence-advancedheading.kt-adv-heading6093_9dd0a9-32[data-kb-block=\"kb-adv-heading6093_9dd0a9-32\"] mark.kt-highlight{font-style:normal;color:#f76a0c;-webkit-box-decoration-break:clone;box-decoration-break:clone;padding-top:0px;padding-right:0px;padding-bottom:0px;padding-left:0px;}.wp-block-kadence-advancedheading.kt-adv-heading6093_9dd0a9-32 img.kb-inline-image, .wp-block-kadence-advancedheading.kt-adv-heading6093_9dd0a9-32[data-kb-block=\"kb-adv-heading6093_9dd0a9-32\"] img.kb-inline-image{width:150px;vertical-align:baseline;}@media all and (max-width: 1024px){.wp-block-kadence-advancedheading.kt-adv-heading6093_9dd0a9-32, .wp-block-kadence-advancedheading.kt-adv-heading6093_9dd0a9-32[data-kb-block=\"kb-adv-heading6093_9dd0a9-32\"]{text-align:center!important;}}<\/style>\n<p class=\"kt-adv-heading6093_9dd0a9-32 wp-block-kadence-advancedheading has-theme-palette-3-color has-text-color\" data-kb-block=\"kb-adv-heading6093_9dd0a9-32\">Our STEPTU foot switch is a practical control element that triggers electrical signals by foot pressure, enabling hands-free control of medical devices. It offers decisive advantages, particularly in medical technology: it ensures ergonomic working, increases efficiency, and meets the highest hygiene standards. Our foot switches are completely encased in polyurethane \u2013 this robust encapsulation reliably protects the electronics from moisture, dust and mechanical stress. The chemically resistant polyurethane surface is easy to clean and ideal for hygiene-critical areas.    <br>In addition, the shape and color can be flexibly customized for maximum functionality and optimal integration into your application. <\/p>\n<\/div><\/div>\n\n\n<style>.kadence-column6093_ac10cd-c0 > .kt-inside-inner-col,.kadence-column6093_ac10cd-c0 > .kt-inside-inner-col:before{border-top-left-radius:0px;border-top-right-radius:0px;border-bottom-right-radius:0px;border-bottom-left-radius:0px;}.kadence-column6093_ac10cd-c0 > .kt-inside-inner-col{column-gap:var(--global-kb-gap-sm, 1rem);}.kadence-column6093_ac10cd-c0 > .kt-inside-inner-col{flex-direction:column;}.kadence-column6093_ac10cd-c0 > .kt-inside-inner-col > .aligncenter{width:100%;}.kadence-column6093_ac10cd-c0 > .kt-inside-inner-col:before{opacity:0.3;}.kadence-column6093_ac10cd-c0{position:relative;}@media all and (max-width: 1024px){.kadence-column6093_ac10cd-c0 > .kt-inside-inner-col{flex-direction:column;justify-content:center;}}@media all and (max-width: 767px){.kadence-column6093_ac10cd-c0 > .kt-inside-inner-col{flex-direction:column;justify-content:center;}}<\/style>\n<div class=\"wp-block-kadence-column kadence-column6093_ac10cd-c0 kvs-md-false kvs-sm-false inner-column-2\"><div class=\"kt-inside-inner-col\"><\/div><\/div>\n\n<\/div><\/div>\n\n\n<h2 class=\"wp-block-heading has-theme-palette-3-color has-theme-palette-4-background-color has-text-color has-background has-link-color has-larger-font-size wp-elements-8f0923da27bdcfae507def6ff845ba04\" id=\"h-foot-switches\">Foot Switches<\/h2>\n\n\n<div class=\"woocommerce columns-6 \"><\/div>\n\n\n<style>.kb-row-layout-id6093_b7fba2-1f > .kt-row-column-wrap{align-content:start;}:where(.kb-row-layout-id6093_b7fba2-1f > .kt-row-column-wrap) > .wp-block-kadence-column{justify-content:start;}.kb-row-layout-id6093_b7fba2-1f > .kt-row-column-wrap{column-gap:var(--global-kb-gap-none, 0rem );row-gap:var(--global-kb-gap-none, 0rem );max-width:var( --global-content-width, 2000px );padding-left:var(--global-content-edge-padding);padding-right:var(--global-content-edge-padding);padding-top:0px;padding-bottom:0px;grid-template-columns:minmax(0, calc(50% - ((var(--global-kb-gap-none, 0rem ) * 1 )\/2)))minmax(0, calc(50% - ((var(--global-kb-gap-none, 0rem ) * 1 )\/2)));}.kb-row-layout-id6093_b7fba2-1f{background-image:url('https:\/\/asosafety.com\/wp-content\/uploads\/2025\/10\/Landingneu.jpg');background-size:auto;background-position:0% 43%;background-attachment:scroll;background-repeat:no-repeat;}.kb-row-layout-id6093_b7fba2-1f > .kt-row-layout-overlay{opacity:0.00;}@media all and (max-width: 1024px){.kb-row-layout-id6093_b7fba2-1f > .kt-row-column-wrap{padding-top:var(--global-kb-spacing-md, 2rem);padding-bottom:var(--global-kb-spacing-md, 2rem);grid-template-columns:minmax(0, 1fr);}}@media all and (max-width: 767px){.kb-row-layout-id6093_b7fba2-1f > .kt-row-column-wrap{grid-template-columns:minmax(0, 1fr);}}<\/style><div class=\"kb-row-layout-wrap kb-row-layout-id6093_b7fba2-1f alignfull has-theme-palette4-background-color kt-row-has-bg wp-block-kadence-rowlayout\"><div class=\"kt-row-column-wrap kt-has-2-columns kt-row-layout-equal kt-tab-layout-row kt-mobile-layout-row kt-row-valign-top kb-theme-content-width\">\n<style>.kadence-column6093_54401d-06 > .kt-inside-inner-col,.kadence-column6093_54401d-06 > .kt-inside-inner-col:before{border-top-left-radius:0px;border-top-right-radius:0px;border-bottom-right-radius:0px;border-bottom-left-radius:0px;}.kadence-column6093_54401d-06 > .kt-inside-inner-col{column-gap:var(--global-kb-gap-sm, 1rem);}.kadence-column6093_54401d-06 > .kt-inside-inner-col{flex-direction:column;}.kadence-column6093_54401d-06 > .kt-inside-inner-col > .aligncenter{width:100%;}.kadence-column6093_54401d-06 > .kt-inside-inner-col:before{opacity:0.3;}.kadence-column6093_54401d-06{position:relative;}@media all and (max-width: 1024px){.kadence-column6093_54401d-06 > .kt-inside-inner-col{flex-direction:column;justify-content:center;}}@media all and (max-width: 767px){.kadence-column6093_54401d-06 > .kt-inside-inner-col{flex-direction:column;justify-content:center;}}<\/style>\n<div class=\"wp-block-kadence-column kadence-column6093_54401d-06\"><div class=\"kt-inside-inner-col\"><\/div><\/div>\n\n\n<style>.kadence-column6093_9b0f34-72 > .kt-inside-inner-col{padding-top:var(--global-kb-spacing-xl, 4rem);padding-right:var(--global-kb-spacing-xl, 4rem);padding-bottom:var(--global-kb-spacing-xl, 4rem);padding-left:var(--global-kb-spacing-xl, 4rem);}.kadence-column6093_9b0f34-72 > .kt-inside-inner-col,.kadence-column6093_9b0f34-72 > .kt-inside-inner-col:before{border-top-left-radius:0px;border-top-right-radius:0px;border-bottom-right-radius:0px;border-bottom-left-radius:0px;}.kadence-column6093_9b0f34-72 > .kt-inside-inner-col{column-gap:var(--global-kb-gap-sm, 1rem);}.kadence-column6093_9b0f34-72 > .kt-inside-inner-col{flex-direction:column;}.kadence-column6093_9b0f34-72 > .kt-inside-inner-col > .aligncenter{width:100%;}.kadence-column6093_9b0f34-72 > .kt-inside-inner-col{background-color:var(--global-palette1, #3182CE);}.kadence-column6093_9b0f34-72 > .kt-inside-inner-col:before{opacity:0.3;}.kadence-column6093_9b0f34-72{position:relative;}.kadence-column6093_9b0f34-72, .kt-inside-inner-col > .kadence-column6093_9b0f34-72:not(.specificity){margin-bottom:0px;}@media all and (max-width: 1024px){.kadence-column6093_9b0f34-72 > .kt-inside-inner-col{flex-direction:column;justify-content:center;}}@media all and (max-width: 767px){.kadence-column6093_9b0f34-72 > .kt-inside-inner-col{padding-top:var(--global-kb-spacing-md, 2rem);padding-right:var(--global-kb-spacing-md, 2rem);padding-bottom:var(--global-kb-spacing-md, 2rem);padding-left:var(--global-kb-spacing-md, 2rem);flex-direction:column;justify-content:center;}}<\/style>\n<div class=\"wp-block-kadence-column kadence-column6093_9b0f34-72 kb-section-dir-vertical inner-column-2\"><div class=\"kt-inside-inner-col\"><style>.wp-block-kadence-advancedheading.kt-adv-heading6093_e4ead6-14, .wp-block-kadence-advancedheading.kt-adv-heading6093_e4ead6-14[data-kb-block=\"kb-adv-heading6093_e4ead6-14\"]{display:block;margin-bottom:var(--global-kb-spacing-xs, 1rem);text-align:left;font-size:var(--global-kb-font-size-sm, 0.9rem);line-height:1;font-style:normal;text-transform:uppercase;letter-spacing:2px;}.wp-block-kadence-advancedheading.kt-adv-heading6093_e4ead6-14 mark.kt-highlight, .wp-block-kadence-advancedheading.kt-adv-heading6093_e4ead6-14[data-kb-block=\"kb-adv-heading6093_e4ead6-14\"] mark.kt-highlight{font-style:normal;color:#f76a0c;-webkit-box-decoration-break:clone;box-decoration-break:clone;padding-top:0px;padding-right:0px;padding-bottom:0px;padding-left:0px;}.wp-block-kadence-advancedheading.kt-adv-heading6093_e4ead6-14 img.kb-inline-image, .wp-block-kadence-advancedheading.kt-adv-heading6093_e4ead6-14[data-kb-block=\"kb-adv-heading6093_e4ead6-14\"] img.kb-inline-image{width:150px;vertical-align:baseline;}<\/style>\n<span class=\"kt-adv-heading6093_e4ead6-14 wp-block-kadence-advancedheading has-theme-palette-9-color has-text-color\" data-kb-block=\"kb-adv-heading6093_e4ead6-14\">CONTACT<\/span>\n\n\n<style>.wp-block-kadence-advancedheading.kt-adv-heading6093_93ae26-c4, .wp-block-kadence-advancedheading.kt-adv-heading6093_93ae26-c4[data-kb-block=\"kb-adv-heading6093_93ae26-c4\"]{margin-top:0px;margin-bottom:var(--global-kb-spacing-xs, 1rem);font-size:var(--global-kb-font-size-lg, 2rem);line-height:1.1;font-weight:700;font-style:normal;text-transform:uppercase;}.wp-block-kadence-advancedheading.kt-adv-heading6093_93ae26-c4 mark.kt-highlight, .wp-block-kadence-advancedheading.kt-adv-heading6093_93ae26-c4[data-kb-block=\"kb-adv-heading6093_93ae26-c4\"] mark.kt-highlight{font-style:normal;color:#f76a0c;-webkit-box-decoration-break:clone;box-decoration-break:clone;padding-top:0px;padding-right:0px;padding-bottom:0px;padding-left:0px;}.wp-block-kadence-advancedheading.kt-adv-heading6093_93ae26-c4 img.kb-inline-image, .wp-block-kadence-advancedheading.kt-adv-heading6093_93ae26-c4[data-kb-block=\"kb-adv-heading6093_93ae26-c4\"] img.kb-inline-image{width:150px;vertical-align:baseline;}<\/style>\n<h2 class=\"kt-adv-heading6093_93ae26-c4 wp-block-kadence-advancedheading has-theme-palette-9-color has-text-color\" data-kb-block=\"kb-adv-heading6093_93ae26-c4\">Can&#8217;t find the right product?<\/h2>\n\n\n<style>.wp-block-kadence-advancedheading.kt-adv-heading6093_f1a654-9b, .wp-block-kadence-advancedheading.kt-adv-heading6093_f1a654-9b[data-kb-block=\"kb-adv-heading6093_f1a654-9b\"]{max-width:480px;margin-bottom:var(--global-kb-spacing-md, 2rem);font-style:normal;}.wp-block-kadence-advancedheading.kt-adv-heading6093_f1a654-9b mark.kt-highlight, .wp-block-kadence-advancedheading.kt-adv-heading6093_f1a654-9b[data-kb-block=\"kb-adv-heading6093_f1a654-9b\"] mark.kt-highlight{font-style:normal;color:#f76a0c;-webkit-box-decoration-break:clone;box-decoration-break:clone;padding-top:0px;padding-right:0px;padding-bottom:0px;padding-left:0px;}.wp-block-kadence-advancedheading.kt-adv-heading6093_f1a654-9b img.kb-inline-image, .wp-block-kadence-advancedheading.kt-adv-heading6093_f1a654-9b[data-kb-block=\"kb-adv-heading6093_f1a654-9b\"] img.kb-inline-image{width:150px;vertical-align:baseline;}<\/style>\n<p class=\"kt-adv-heading6093_f1a654-9b wp-block-kadence-advancedheading has-theme-palette-9-color has-text-color\" data-kb-block=\"kb-adv-heading6093_f1a654-9b\">Please feel free to contact our US headquarters in Landing, NJ with your individual request. We will be happy to work with you to develop a solution!<\/p>\n\n\n<style>.wp-block-kadence-advancedbtn.kb-btns6093_fbdb0b-65{gap:var(--global-kb-gap-xs, 0.5rem );justify-content:flex-start;align-items:center;}.kt-btns6093_fbdb0b-65 .kt-button{font-weight:normal;font-style:normal;}<\/style>\n<div class=\"wp-block-kadence-advancedbtn kb-buttons-wrap kb-btns6093_fbdb0b-65\"><style>ul.menu .wp-block-kadence-advancedbtn .kb-btn6093_67771b-2c.kb-button{width:initial;}.wp-block-kadence-advancedbtn .kb-btn6093_67771b-2c.kb-button{color:var(--global-palette1, #3182CE);background:var(--global-palette2, #2B6CB0);}.wp-block-kadence-advancedbtn .kb-btn6093_67771b-2c.kb-button:hover, .wp-block-kadence-advancedbtn .kb-btn6093_67771b-2c.kb-button:focus{color:var(--global-palette9, #ffffff);background:var(--global-palette4, #2D3748);}<\/style><a class=\"kb-button kt-button button kb-btn6093_67771b-2c kt-btn-size-large kt-btn-width-type-auto kb-btn-global-fill  kt-btn-has-text-true kt-btn-has-svg-false  wp-block-kadence-singlebtn\" href=\"mailto:sales-us@asosafety.com\"><span class=\"kt-btn-inner-text\">Get in touch<\/span><\/a><\/div>\n<\/div><\/div>\n\n<\/div><\/div>","protected":false},"excerpt":{"rendered":"<p>Operation made easy. Our STEPTU foot switch is a practical control element that triggers electrical signals by foot pressure, enabling hands-free control of medical devices. It offers decisive advantages, particularly in medical technology: it ensures ergonomic working, increases efficiency, and meets the highest hygiene standards. Our foot switches are completely encased in polyurethane \u2013 this&#8230;<\/p>\n","protected":false},"author":1,"featured_media":0,"parent":0,"menu_order":0,"comment_status":"closed","ping_status":"closed","template":"","meta":{"_kad_blocks_custom_css":"","_kad_blocks_head_custom_js":"","_kad_blocks_body_custom_js":"","_kad_blocks_footer_custom_js":"","_kad_post_transparent":"","_kad_post_title":"","_kad_post_layout":"normal","_kad_post_sidebar_id":"","_kad_post_content_style":"","_kad_post_vertical_padding":"","_kad_post_feature":"","_kad_post_feature_position":"","_kad_post_header":false,"_kad_post_footer":false,"_kad_post_classname":"","footnotes":""},"class_list":["post-6093","page","type-page","status-publish","hentry"],"yoast_head":"<!-- This site is optimized with the Yoast SEO Premium plugin v26.2 (Yoast SEO v27.4) - https:\/\/yoast.com\/product\/yoast-seo-premium-wordpress\/ -->\n<title>Foot Switches - ASO Safety Solutions<\/title>\n<meta name=\"robots\" content=\"index, follow, max-snippet:-1, max-image-preview:large, max-video-preview:-1\" \/>\n<link rel=\"canonical\" href=\"https:\/\/asosafety.com\/us\/foot-switches-2\/\" \/>\n<meta property=\"og:locale\" content=\"en_US\" \/>\n<meta property=\"og:type\" content=\"article\" \/>\n<meta property=\"og:title\" content=\"Foot Switches\" \/>\n<meta property=\"og:description\" content=\"Operation made easy. Our STEPTU foot switch is a practical control element that triggers electrical signals by foot pressure, enabling hands-free control of medical devices. It offers decisive advantages, particularly in medical technology: it ensures ergonomic working, increases efficiency, and meets the highest hygiene standards. Our foot switches are completely encased in polyurethane \u2013 this...\" \/>\n<meta property=\"og:url\" content=\"https:\/\/asosafety.com\/us\/foot-switches-2\/\" \/>\n<meta property=\"og:site_name\" content=\"ASO Safety Solutions\" \/>\n<meta property=\"article:modified_time\" content=\"2025-11-12T11:03:10+00:00\" \/>\n<meta name=\"twitter:card\" content=\"summary_large_image\" \/>\n<meta name=\"twitter:label1\" content=\"Est. reading time\" \/>\n\t<meta name=\"twitter:data1\" content=\"1 minute\" \/>\n<script type=\"application\/ld+json\" class=\"yoast-schema-graph\">{\"@context\":\"https:\\\/\\\/schema.org\",\"@graph\":[{\"@type\":\"WebPage\",\"@id\":\"https:\\\/\\\/asosafety.com\\\/us\\\/foot-switches-2\\\/\",\"url\":\"https:\\\/\\\/asosafety.com\\\/us\\\/foot-switches-2\\\/\",\"name\":\"Foot Switches - ASO Safety Solutions\",\"isPartOf\":{\"@id\":\"https:\\\/\\\/asosafety.com\\\/us\\\/#website\"},\"datePublished\":\"2025-07-25T05:31:06+00:00\",\"dateModified\":\"2025-11-12T11:03:10+00:00\",\"breadcrumb\":{\"@id\":\"https:\\\/\\\/asosafety.com\\\/us\\\/foot-switches-2\\\/#breadcrumb\"},\"inLanguage\":\"en-US\",\"potentialAction\":[{\"@type\":\"ReadAction\",\"target\":[\"https:\\\/\\\/asosafety.com\\\/us\\\/foot-switches-2\\\/\"]}]},{\"@type\":\"BreadcrumbList\",\"@id\":\"https:\\\/\\\/asosafety.com\\\/us\\\/foot-switches-2\\\/#breadcrumb\",\"itemListElement\":[{\"@type\":\"ListItem\",\"position\":1,\"name\":\"Startseite\",\"item\":\"https:\\\/\\\/asosafety.com\\\/us\\\/\"},{\"@type\":\"ListItem\",\"position\":2,\"name\":\"Foot Switches\"}]},{\"@type\":\"WebSite\",\"@id\":\"https:\\\/\\\/asosafety.com\\\/us\\\/#website\",\"url\":\"https:\\\/\\\/asosafety.com\\\/us\\\/\",\"name\":\"ASO Safety Solutions\",\"description\":\"\",\"publisher\":{\"@id\":\"https:\\\/\\\/asosafety.com\\\/us\\\/#organization\"},\"potentialAction\":[{\"@type\":\"SearchAction\",\"target\":{\"@type\":\"EntryPoint\",\"urlTemplate\":\"https:\\\/\\\/asosafety.com\\\/us\\\/?s={search_term_string}\"},\"query-input\":{\"@type\":\"PropertyValueSpecification\",\"valueRequired\":true,\"valueName\":\"search_term_string\"}}],\"inLanguage\":\"en-US\"},{\"@type\":\"Organization\",\"@id\":\"https:\\\/\\\/asosafety.com\\\/us\\\/#organization\",\"name\":\"ASO Safety Solutions\",\"alternateName\":\"ASO\",\"url\":\"https:\\\/\\\/asosafety.com\\\/us\\\/\",\"logo\":{\"@type\":\"ImageObject\",\"inLanguage\":\"en-US\",\"@id\":\"https:\\\/\\\/asosafety.com\\\/us\\\/#\\\/schema\\\/logo\\\/image\\\/\",\"url\":\"https:\\\/\\\/asosafety.com\\\/wp-content\\\/uploads\\\/2025\\\/11\\\/cropped-cropped-ASO-Logo-1.png\",\"contentUrl\":\"https:\\\/\\\/asosafety.com\\\/wp-content\\\/uploads\\\/2025\\\/11\\\/cropped-cropped-ASO-Logo-1.png\",\"width\":200,\"height\":80,\"caption\":\"ASO Safety Solutions\"},\"image\":{\"@id\":\"https:\\\/\\\/asosafety.com\\\/us\\\/#\\\/schema\\\/logo\\\/image\\\/\"},\"sameAs\":[\"https:\\\/\\\/www.linkedin.com\\\/company\\\/aso-safety-solutions\",\"https:\\\/\\\/www.youtube.com\\\/@ASOGmbHDeutschland\",\"https:\\\/\\\/www.instagram.com\\\/ausbildung_aso\\\/\"],\"description\":\"ASO Safety Solutions ist f\u00fchrender Hersteller von Sicherheitssensoren f\u00fcr die Automation Seit \u00fcber 40 Jahren steht die ASO GmbH f\u00fcr innovative Sicherheitssensorik und ma\u00dfgeschneiderte L\u00f6sungen in der Automatisierungstechnik. Als familiengef\u00fchrtes Unternehmen mit Hauptsitz in Lippstadt entwickeln, produzieren und vertreiben wir hochwertige Sicherheitskomponenten f\u00fcr industrielle Anwendungen.\",\"email\":\"info@asosafety.com\",\"telephone\":\"+49294197930\",\"legalName\":\"ASO GmbH\",\"vatID\":\"DE126316194\",\"taxID\":\"330\\\/5703\\\/2780\",\"numberOfEmployees\":{\"@type\":\"QuantitativeValue\",\"minValue\":\"51\",\"maxValue\":\"200\"}}]}<\/script>\n<!-- \/ Yoast SEO Premium plugin. -->","yoast_head_json":{"title":"Foot Switches - ASO Safety Solutions","robots":{"index":"index","follow":"follow","max-snippet":"max-snippet:-1","max-image-preview":"max-image-preview:large","max-video-preview":"max-video-preview:-1"},"canonical":"https:\/\/asosafety.com\/us\/foot-switches-2\/","og_locale":"en_US","og_type":"article","og_title":"Foot Switches","og_description":"Operation made easy. Our STEPTU foot switch is a practical control element that triggers electrical signals by foot pressure, enabling hands-free control of medical devices. It offers decisive advantages, particularly in medical technology: it ensures ergonomic working, increases efficiency, and meets the highest hygiene standards. Our foot switches are completely encased in polyurethane \u2013 this...","og_url":"https:\/\/asosafety.com\/us\/foot-switches-2\/","og_site_name":"ASO Safety Solutions","article_modified_time":"2025-11-12T11:03:10+00:00","twitter_card":"summary_large_image","twitter_misc":{"Est. reading time":"1 minute"},"schema":{"@context":"https:\/\/schema.org","@graph":[{"@type":"WebPage","@id":"https:\/\/asosafety.com\/us\/foot-switches-2\/","url":"https:\/\/asosafety.com\/us\/foot-switches-2\/","name":"Foot Switches - ASO Safety Solutions","isPartOf":{"@id":"https:\/\/asosafety.com\/us\/#website"},"datePublished":"2025-07-25T05:31:06+00:00","dateModified":"2025-11-12T11:03:10+00:00","breadcrumb":{"@id":"https:\/\/asosafety.com\/us\/foot-switches-2\/#breadcrumb"},"inLanguage":"en-US","potentialAction":[{"@type":"ReadAction","target":["https:\/\/asosafety.com\/us\/foot-switches-2\/"]}]},{"@type":"BreadcrumbList","@id":"https:\/\/asosafety.com\/us\/foot-switches-2\/#breadcrumb","itemListElement":[{"@type":"ListItem","position":1,"name":"Startseite","item":"https:\/\/asosafety.com\/us\/"},{"@type":"ListItem","position":2,"name":"Foot Switches"}]},{"@type":"WebSite","@id":"https:\/\/asosafety.com\/us\/#website","url":"https:\/\/asosafety.com\/us\/","name":"ASO Safety Solutions","description":"","publisher":{"@id":"https:\/\/asosafety.com\/us\/#organization"},"potentialAction":[{"@type":"SearchAction","target":{"@type":"EntryPoint","urlTemplate":"https:\/\/asosafety.com\/us\/?s={search_term_string}"},"query-input":{"@type":"PropertyValueSpecification","valueRequired":true,"valueName":"search_term_string"}}],"inLanguage":"en-US"},{"@type":"Organization","@id":"https:\/\/asosafety.com\/us\/#organization","name":"ASO Safety Solutions","alternateName":"ASO","url":"https:\/\/asosafety.com\/us\/","logo":{"@type":"ImageObject","inLanguage":"en-US","@id":"https:\/\/asosafety.com\/us\/#\/schema\/logo\/image\/","url":"https:\/\/asosafety.com\/wp-content\/uploads\/2025\/11\/cropped-cropped-ASO-Logo-1.png","contentUrl":"https:\/\/asosafety.com\/wp-content\/uploads\/2025\/11\/cropped-cropped-ASO-Logo-1.png","width":200,"height":80,"caption":"ASO Safety Solutions"},"image":{"@id":"https:\/\/asosafety.com\/us\/#\/schema\/logo\/image\/"},"sameAs":["https:\/\/www.linkedin.com\/company\/aso-safety-solutions","https:\/\/www.youtube.com\/@ASOGmbHDeutschland","https:\/\/www.instagram.com\/ausbildung_aso\/"],"description":"ASO Safety Solutions ist f\u00fchrender Hersteller von Sicherheitssensoren f\u00fcr die Automation Seit \u00fcber 40 Jahren steht die ASO GmbH f\u00fcr innovative Sicherheitssensorik und ma\u00dfgeschneiderte L\u00f6sungen in der Automatisierungstechnik. Als familiengef\u00fchrtes Unternehmen mit Hauptsitz in Lippstadt entwickeln, produzieren und vertreiben wir hochwertige Sicherheitskomponenten f\u00fcr industrielle Anwendungen.","email":"info@asosafety.com","telephone":"+49294197930","legalName":"ASO GmbH","vatID":"DE126316194","taxID":"330\/5703\/2780","numberOfEmployees":{"@type":"QuantitativeValue","minValue":"51","maxValue":"200"}}]}},"taxonomy_info":[],"featured_image_src_large":false,"author_info":{"display_name":"admin-HEL","author_link":"https:\/\/asosafety.com\/us\/author\/admin-hel\/"},"comment_info":0,"_links":{"self":[{"href":"https:\/\/asosafety.com\/us\/wp-json\/wp\/v2\/pages\/6093","targetHints":{"allow":["GET"]}}],"collection":[{"href":"https:\/\/asosafety.com\/us\/wp-json\/wp\/v2\/pages"}],"about":[{"href":"https:\/\/asosafety.com\/us\/wp-json\/wp\/v2\/types\/page"}],"author":[{"embeddable":true,"href":"https:\/\/asosafety.com\/us\/wp-json\/wp\/v2\/users\/1"}],"replies":[{"embeddable":true,"href":"https:\/\/asosafety.com\/us\/wp-json\/wp\/v2\/comments?post=6093"}],"version-history":[{"count":0,"href":"https:\/\/asosafety.com\/us\/wp-json\/wp\/v2\/pages\/6093\/revisions"}],"wp:attachment":[{"href":"https:\/\/asosafety.com\/us\/wp-json\/wp\/v2\/media?parent=6093"}],"curies":[{"name":"wp","href":"https:\/\/api.w.org\/{rel}","templated":true}]}}