{"id":12898,"date":"2025-11-19T11:56:01","date_gmt":"2025-11-19T10:56:01","guid":{"rendered":"https:\/\/asosafety.biz\/?page_id=12898"},"modified":"2026-03-05T11:57:51","modified_gmt":"2026-03-05T10:57:51","slug":"news-events","status":"publish","type":"page","link":"https:\/\/asosafety.com\/us\/news-events\/","title":{"rendered":"News &amp; Events"},"content":{"rendered":"\n<div class=\"wp-block-group alignfull\"><div class=\"wp-block-group__inner-container is-layout-constrained wp-block-group-is-layout-constrained\">\n<div class=\"wp-block-cover alignfull\" style=\"margin-top:0;min-height:498px;aspect-ratio:unset;\"><img loading=\"lazy\" decoding=\"async\" width=\"1920\" height=\"1280\" class=\"wp-block-cover__image-background wp-image-11805 size-full\" alt=\"\" src=\"https:\/\/asosafety.com\/wp-content\/uploads\/2025\/01\/FJM00186.png\" style=\"object-position:42% 52%\" data-object-fit=\"cover\" data-object-position=\"42% 52%\" srcset=\"https:\/\/asosafety.com\/wp-content\/uploads\/2025\/01\/FJM00186.png 1920w, https:\/\/asosafety.com\/wp-content\/uploads\/2025\/01\/FJM00186-300x200.png 300w, https:\/\/asosafety.com\/wp-content\/uploads\/2025\/01\/FJM00186-1024x683.png 1024w, https:\/\/asosafety.com\/wp-content\/uploads\/2025\/01\/FJM00186-768x512.png 768w, https:\/\/asosafety.com\/wp-content\/uploads\/2025\/01\/FJM00186-1536x1024.png 1536w, https:\/\/asosafety.com\/wp-content\/uploads\/2025\/01\/FJM00186-600x400.png 600w\" sizes=\"auto, (max-width: 1920px) 100vw, 1920px\" \/><span aria-hidden=\"true\" class=\"wp-block-cover__background has-theme-palette-1-background-color has-background-dim-0 has-background-dim\"><\/span><div class=\"wp-block-cover__inner-container is-layout-flow wp-block-cover-is-layout-flow\">\n<div style=\"height:50px\" aria-hidden=\"true\" class=\"wp-block-spacer\"><\/div>\n<\/div><\/div>\n<\/div><\/div>\n\n\n\n<p class=\"has-text-align-center has-theme-palette-3-color has-text-color has-link-color has-xxlarge-font-size wp-elements-700cbf9121875aa0ed24d4bb4d6106b4\"><strong>Where innovation meets interaction<\/strong><\/p>\n\n\n\n<p class=\"has-text-align-center has-theme-palette-3-color has-theme-palette-1-background-color has-text-color has-background has-link-color has-medium-font-size wp-elements-44014c4c7cbcc5e0a9b3f67fff9ee7be\" style=\"border-style:none;border-width:0px;margin-top:0;margin-right:var(--wp--preset--spacing--80);margin-bottom:0;margin-left:var(--wp--preset--spacing--80)\">Our presence at trade fairs and events reflects our passion for innovation and quality. At every event, we create encounters that connect\u2014whether with customers, partners, or the industry as a whole. We present our solutions clearly, inspire with our expertise and commitment, and create experiences that leave a lasting impression.<\/p>\n\n\n<style>.kb-row-layout-id12898_77564f-12 > .kt-row-column-wrap{align-content:start;}:where(.kb-row-layout-id12898_77564f-12 > .kt-row-column-wrap) > .wp-block-kadence-column{justify-content:start;}.kb-row-layout-id12898_77564f-12 > .kt-row-column-wrap{column-gap:var(--global-kb-gap-md, 2rem);row-gap:var(--global-kb-gap-md, 2rem);max-width:1314px;margin-left:auto;margin-right:auto;padding-top:var(--global-kb-spacing-sm, 1.5rem);padding-bottom:var(--global-kb-spacing-sm, 1.5rem);grid-template-columns:repeat(2, minmax(0, 1fr));}.kb-row-layout-id12898_77564f-12 > .kt-row-layout-overlay{opacity:0.30;}@media all and (max-width: 1024px){.kb-row-layout-id12898_77564f-12 > .kt-row-column-wrap{grid-template-columns:repeat(2, minmax(0, 1fr));}}@media all and (max-width: 767px){.kb-row-layout-id12898_77564f-12 > .kt-row-column-wrap{grid-template-columns:minmax(0, 1fr);}}<\/style><div class=\"kb-row-layout-wrap kb-row-layout-id12898_77564f-12 alignnone wp-block-kadence-rowlayout\"><div class=\"kt-row-column-wrap kt-has-2-columns kt-row-layout-equal kt-tab-layout-inherit kt-mobile-layout-row kt-row-valign-top\">\n<style>.kadence-column12898_e9159f-16 > .kt-inside-inner-col,.kadence-column12898_e9159f-16 > .kt-inside-inner-col:before{border-top-left-radius:0px;border-top-right-radius:0px;border-bottom-right-radius:0px;border-bottom-left-radius:0px;}.kadence-column12898_e9159f-16 > .kt-inside-inner-col{column-gap:var(--global-kb-gap-sm, 1rem);}.kadence-column12898_e9159f-16 > .kt-inside-inner-col{flex-direction:column;}.kadence-column12898_e9159f-16 > .kt-inside-inner-col > .aligncenter{width:100%;}.kadence-column12898_e9159f-16 > .kt-inside-inner-col:before{opacity:0.3;}.kadence-column12898_e9159f-16{position:relative;}@media all and (max-width: 1024px){.kadence-column12898_e9159f-16 > .kt-inside-inner-col{flex-direction:column;justify-content:center;}}@media all and (max-width: 767px){.kadence-column12898_e9159f-16 > .kt-inside-inner-col{flex-direction:column;justify-content:center;}}<\/style>\n<div class=\"wp-block-kadence-column kadence-column12898_e9159f-16\"><div class=\"kt-inside-inner-col\"><style>.wp-block-kadence-advancedheading.kt-adv-heading12898_84ce89-11, .wp-block-kadence-advancedheading.kt-adv-heading12898_84ce89-11[data-kb-block=\"kb-adv-heading12898_84ce89-11\"]{text-align:center;font-style:normal;text-transform:none;}.wp-block-kadence-advancedheading.kt-adv-heading12898_84ce89-11 mark.kt-highlight, .wp-block-kadence-advancedheading.kt-adv-heading12898_84ce89-11[data-kb-block=\"kb-adv-heading12898_84ce89-11\"] mark.kt-highlight{font-style:normal;color:#f76a0c;-webkit-box-decoration-break:clone;box-decoration-break:clone;padding-top:0px;padding-right:0px;padding-bottom:0px;padding-left:0px;}.wp-block-kadence-advancedheading.kt-adv-heading12898_84ce89-11 img.kb-inline-image, .wp-block-kadence-advancedheading.kt-adv-heading12898_84ce89-11[data-kb-block=\"kb-adv-heading12898_84ce89-11\"] img.kb-inline-image{width:150px;vertical-align:baseline;}<\/style>\n<h2 class=\"kt-adv-heading12898_84ce89-11 wp-block-kadence-advancedheading\" data-kb-block=\"kb-adv-heading12898_84ce89-11\"><a href=\"https:\/\/asosafety.com\/us\/news\/\">News<\/a><\/h2>\n\n\n<style>.kb-image12898_2c0a11-d5.kb-image-is-ratio-size, .kb-image12898_2c0a11-d5 .kb-image-is-ratio-size{max-width:395px;width:100%;}.wp-block-kadence-column > .kt-inside-inner-col > .kb-image12898_2c0a11-d5.kb-image-is-ratio-size, .wp-block-kadence-column > .kt-inside-inner-col > .kb-image12898_2c0a11-d5 .kb-image-is-ratio-size{align-self:unset;}.kb-image12898_2c0a11-d5 figure{max-width:395px;}.kb-image12898_2c0a11-d5 .image-is-svg, .kb-image12898_2c0a11-d5 .image-is-svg img{width:100%;}.kb-image12898_2c0a11-d5 .kb-image-has-overlay:after{opacity:0.3;}.kb-image12898_2c0a11-d5 img.kb-img, .kb-image12898_2c0a11-d5 .kb-img img{object-position:50% 49%;}<\/style>\n<div class=\"wp-block-kadence-image kb-image12898_2c0a11-d5\"><figure class=\"aligncenter size-full kb-image-is-ratio-size\"><a href=\"https:\/\/asosafety.com\/us\/news\/\" class=\"kb-advanced-image-link\"><div class=\"kb-is-ratio-image kb-image-ratio-square\"><img loading=\"lazy\" decoding=\"async\" width=\"512\" height=\"512\" src=\"https:\/\/asosafety.com\/wp-content\/uploads\/2025\/12\/megaphone.png\" alt=\"\" class=\"kb-img wp-image-15120\" srcset=\"https:\/\/asosafety.com\/wp-content\/uploads\/2025\/12\/megaphone.png 512w, https:\/\/asosafety.com\/wp-content\/uploads\/2025\/12\/megaphone-300x300.png 300w, https:\/\/asosafety.com\/wp-content\/uploads\/2025\/12\/megaphone-150x150.png 150w, https:\/\/asosafety.com\/wp-content\/uploads\/2025\/12\/megaphone-100x100.png 100w\" sizes=\"auto, (max-width: 512px) 100vw, 512px\" \/><\/div><\/a><\/figure><\/div>\n<\/div><\/div>\n\n\n<style>.kadence-column12898_804d7c-47 > .kt-inside-inner-col,.kadence-column12898_804d7c-47 > .kt-inside-inner-col:before{border-top-left-radius:0px;border-top-right-radius:0px;border-bottom-right-radius:0px;border-bottom-left-radius:0px;}.kadence-column12898_804d7c-47 > .kt-inside-inner-col{column-gap:var(--global-kb-gap-sm, 1rem);}.kadence-column12898_804d7c-47 > .kt-inside-inner-col{flex-direction:column;}.kadence-column12898_804d7c-47 > .kt-inside-inner-col > .aligncenter{width:100%;}.kadence-column12898_804d7c-47 > .kt-inside-inner-col:before{opacity:0.3;}.kadence-column12898_804d7c-47{position:relative;}@media all and (max-width: 1024px){.kadence-column12898_804d7c-47 > .kt-inside-inner-col{flex-direction:column;justify-content:center;}}@media all and (max-width: 767px){.kadence-column12898_804d7c-47 > .kt-inside-inner-col{flex-direction:column;justify-content:center;}}<\/style>\n<div class=\"wp-block-kadence-column kadence-column12898_804d7c-47\"><div class=\"kt-inside-inner-col\"><style>.wp-block-kadence-advancedheading.kt-adv-heading12898_db96bc-30, .wp-block-kadence-advancedheading.kt-adv-heading12898_db96bc-30[data-kb-block=\"kb-adv-heading12898_db96bc-30\"]{text-align:center;font-style:normal;}.wp-block-kadence-advancedheading.kt-adv-heading12898_db96bc-30 mark.kt-highlight, .wp-block-kadence-advancedheading.kt-adv-heading12898_db96bc-30[data-kb-block=\"kb-adv-heading12898_db96bc-30\"] mark.kt-highlight{font-style:normal;color:#f76a0c;-webkit-box-decoration-break:clone;box-decoration-break:clone;padding-top:0px;padding-right:0px;padding-bottom:0px;padding-left:0px;}.wp-block-kadence-advancedheading.kt-adv-heading12898_db96bc-30 img.kb-inline-image, .wp-block-kadence-advancedheading.kt-adv-heading12898_db96bc-30[data-kb-block=\"kb-adv-heading12898_db96bc-30\"] img.kb-inline-image{width:150px;vertical-align:baseline;}<\/style>\n<h2 class=\"kt-adv-heading12898_db96bc-30 wp-block-kadence-advancedheading\" data-kb-block=\"kb-adv-heading12898_db96bc-30\"><a href=\"https:\/\/asosafety.com\/de\/messen\/\">Trade Shows<\/a><\/h2>\n\n\n<style>.kb-image12898_41c3e4-dc.kb-image-is-ratio-size, .kb-image12898_41c3e4-dc .kb-image-is-ratio-size{max-width:638px;width:100%;}.wp-block-kadence-column > .kt-inside-inner-col > .kb-image12898_41c3e4-dc.kb-image-is-ratio-size, .wp-block-kadence-column > .kt-inside-inner-col > .kb-image12898_41c3e4-dc .kb-image-is-ratio-size{align-self:unset;}.kb-image12898_41c3e4-dc figure{max-width:638px;}.kb-image12898_41c3e4-dc .image-is-svg, .kb-image12898_41c3e4-dc .image-is-svg img{width:100%;}.kb-image12898_41c3e4-dc .kb-image-has-overlay:after{opacity:0.3;}.kb-image12898_41c3e4-dc img.kb-img, .kb-image12898_41c3e4-dc .kb-img img{object-position:46% 64%;}<\/style>\n<div class=\"wp-block-kadence-image kb-image12898_41c3e4-dc\"><figure class=\"aligncenter size-full kb-image-is-ratio-size\"><a href=\"https:\/\/asosafety.com\/us\/trade-fairs\/\" class=\"kb-advanced-image-link\"><div class=\"kb-is-ratio-image kb-image-ratio-land169\"><img loading=\"lazy\" decoding=\"async\" width=\"1920\" height=\"1280\" src=\"https:\/\/asosafety.com\/wp-content\/uploads\/2025\/01\/FJM00332.png\" alt=\"\" class=\"kb-img wp-image-11811\" srcset=\"https:\/\/asosafety.com\/wp-content\/uploads\/2025\/01\/FJM00332.png 1920w, https:\/\/asosafety.com\/wp-content\/uploads\/2025\/01\/FJM00332-300x200.png 300w, https:\/\/asosafety.com\/wp-content\/uploads\/2025\/01\/FJM00332-1024x683.png 1024w, https:\/\/asosafety.com\/wp-content\/uploads\/2025\/01\/FJM00332-768x512.png 768w, https:\/\/asosafety.com\/wp-content\/uploads\/2025\/01\/FJM00332-1536x1024.png 1536w, https:\/\/asosafety.com\/wp-content\/uploads\/2025\/01\/FJM00332-600x400.png 600w\" sizes=\"auto, (max-width: 1920px) 100vw, 1920px\" \/><\/div><\/a><\/figure><\/div>\n<\/div><\/div>\n\n<\/div><\/div>\n\n\n<p><\/p>\n\n\n\n<p><\/p>\n","protected":false},"excerpt":{"rendered":"<p>Where innovation meets interaction Our presence at trade fairs and events reflects our passion for innovation and quality. At every event, we create encounters that connect\u2014whether with customers, partners, or the industry as a whole. We present our solutions clearly, inspire with our expertise and commitment, and create experiences that leave a lasting impression. News&#8230;<\/p>\n","protected":false},"author":5,"featured_media":0,"parent":0,"menu_order":0,"comment_status":"closed","ping_status":"closed","template":"","meta":{"_kad_blocks_custom_css":"","_kad_blocks_head_custom_js":"","_kad_blocks_body_custom_js":"","_kad_blocks_footer_custom_js":"","_kad_post_transparent":"","_kad_post_title":"","_kad_post_layout":"","_kad_post_sidebar_id":"","_kad_post_content_style":"","_kad_post_vertical_padding":"","_kad_post_feature":"","_kad_post_feature_position":"","_kad_post_header":false,"_kad_post_footer":false,"_kad_post_classname":"","footnotes":""},"class_list":["post-12898","page","type-page","status-publish","hentry"],"yoast_head":"<!-- This site is optimized with the Yoast SEO Premium plugin v26.2 (Yoast SEO v27.3) - https:\/\/yoast.com\/product\/yoast-seo-premium-wordpress\/ -->\n<title>News &amp; Events - ASO Safety Solutions<\/title>\n<meta name=\"robots\" content=\"index, follow, max-snippet:-1, max-image-preview:large, max-video-preview:-1\" \/>\n<link rel=\"canonical\" href=\"https:\/\/asosafety.com\/us\/news-events\/\" \/>\n<meta property=\"og:locale\" content=\"en_US\" \/>\n<meta property=\"og:type\" content=\"article\" \/>\n<meta property=\"og:title\" content=\"News &amp; Events\" \/>\n<meta property=\"og:description\" content=\"Where innovation meets interaction Our presence at trade fairs and events reflects our passion for innovation and quality. At every event, we create encounters that connect\u2014whether with customers, partners, or the industry as a whole. We present our solutions clearly, inspire with our expertise and commitment, and create experiences that leave a lasting impression. News...\" \/>\n<meta property=\"og:url\" content=\"https:\/\/asosafety.com\/us\/news-events\/\" \/>\n<meta property=\"og:site_name\" content=\"ASO Safety Solutions\" \/>\n<meta property=\"article:modified_time\" content=\"2026-03-05T10:57:51+00:00\" \/>\n<meta property=\"og:image\" content=\"https:\/\/asosafety.com\/wp-content\/uploads\/2025\/01\/FJM00186-1024x683.png\" \/>\n\t<meta property=\"og:image:width\" content=\"1024\" \/>\n\t<meta property=\"og:image:height\" content=\"683\" \/>\n\t<meta property=\"og:image:type\" content=\"image\/png\" \/>\n<meta name=\"twitter:card\" content=\"summary_large_image\" \/>\n<meta name=\"twitter:label1\" content=\"Est. reading time\" \/>\n\t<meta name=\"twitter:data1\" content=\"1 minute\" \/>\n<script type=\"application\/ld+json\" class=\"yoast-schema-graph\">{\"@context\":\"https:\\\/\\\/schema.org\",\"@graph\":[{\"@type\":\"WebPage\",\"@id\":\"https:\\\/\\\/asosafety.com\\\/us\\\/news-events\\\/\",\"url\":\"https:\\\/\\\/asosafety.com\\\/us\\\/news-events\\\/\",\"name\":\"News &amp; Events - ASO Safety Solutions\",\"isPartOf\":{\"@id\":\"https:\\\/\\\/asosafety.com\\\/us\\\/#website\"},\"primaryImageOfPage\":{\"@id\":\"https:\\\/\\\/asosafety.com\\\/us\\\/news-events\\\/#primaryimage\"},\"image\":{\"@id\":\"https:\\\/\\\/asosafety.com\\\/us\\\/news-events\\\/#primaryimage\"},\"thumbnailUrl\":\"https:\\\/\\\/asosafety.com\\\/wp-content\\\/uploads\\\/2025\\\/01\\\/FJM00186.png\",\"datePublished\":\"2025-11-19T10:56:01+00:00\",\"dateModified\":\"2026-03-05T10:57:51+00:00\",\"breadcrumb\":{\"@id\":\"https:\\\/\\\/asosafety.com\\\/us\\\/news-events\\\/#breadcrumb\"},\"inLanguage\":\"en-US\",\"potentialAction\":[{\"@type\":\"ReadAction\",\"target\":[\"https:\\\/\\\/asosafety.com\\\/us\\\/news-events\\\/\"]}]},{\"@type\":\"ImageObject\",\"inLanguage\":\"en-US\",\"@id\":\"https:\\\/\\\/asosafety.com\\\/us\\\/news-events\\\/#primaryimage\",\"url\":\"https:\\\/\\\/asosafety.com\\\/wp-content\\\/uploads\\\/2025\\\/01\\\/FJM00186.png\",\"contentUrl\":\"https:\\\/\\\/asosafety.com\\\/wp-content\\\/uploads\\\/2025\\\/01\\\/FJM00186.png\"},{\"@type\":\"BreadcrumbList\",\"@id\":\"https:\\\/\\\/asosafety.com\\\/us\\\/news-events\\\/#breadcrumb\",\"itemListElement\":[{\"@type\":\"ListItem\",\"position\":1,\"name\":\"Startseite\",\"item\":\"https:\\\/\\\/asosafety.com\\\/us\\\/\"},{\"@type\":\"ListItem\",\"position\":2,\"name\":\"News &amp; Events\"}]},{\"@type\":\"WebSite\",\"@id\":\"https:\\\/\\\/asosafety.com\\\/us\\\/#website\",\"url\":\"https:\\\/\\\/asosafety.com\\\/us\\\/\",\"name\":\"ASO Safety Solutions\",\"description\":\"\",\"publisher\":{\"@id\":\"https:\\\/\\\/asosafety.com\\\/us\\\/#organization\"},\"potentialAction\":[{\"@type\":\"SearchAction\",\"target\":{\"@type\":\"EntryPoint\",\"urlTemplate\":\"https:\\\/\\\/asosafety.com\\\/us\\\/?s={search_term_string}\"},\"query-input\":{\"@type\":\"PropertyValueSpecification\",\"valueRequired\":true,\"valueName\":\"search_term_string\"}}],\"inLanguage\":\"en-US\"},{\"@type\":\"Organization\",\"@id\":\"https:\\\/\\\/asosafety.com\\\/us\\\/#organization\",\"name\":\"ASO Safety Solutions\",\"alternateName\":\"ASO\",\"url\":\"https:\\\/\\\/asosafety.com\\\/us\\\/\",\"logo\":{\"@type\":\"ImageObject\",\"inLanguage\":\"en-US\",\"@id\":\"https:\\\/\\\/asosafety.com\\\/us\\\/#\\\/schema\\\/logo\\\/image\\\/\",\"url\":\"https:\\\/\\\/asosafety.com\\\/wp-content\\\/uploads\\\/2025\\\/11\\\/cropped-cropped-ASO-Logo-1.png\",\"contentUrl\":\"https:\\\/\\\/asosafety.com\\\/wp-content\\\/uploads\\\/2025\\\/11\\\/cropped-cropped-ASO-Logo-1.png\",\"width\":200,\"height\":80,\"caption\":\"ASO Safety Solutions\"},\"image\":{\"@id\":\"https:\\\/\\\/asosafety.com\\\/us\\\/#\\\/schema\\\/logo\\\/image\\\/\"},\"sameAs\":[\"https:\\\/\\\/www.linkedin.com\\\/company\\\/aso-safety-solutions\",\"https:\\\/\\\/www.youtube.com\\\/@ASOGmbHDeutschland\",\"https:\\\/\\\/www.instagram.com\\\/ausbildung_aso\\\/\"],\"description\":\"ASO Safety Solutions ist f\u00fchrender Hersteller von Sicherheitssensoren f\u00fcr die Automation Seit \u00fcber 40 Jahren steht die ASO GmbH f\u00fcr innovative Sicherheitssensorik und ma\u00dfgeschneiderte L\u00f6sungen in der Automatisierungstechnik. Als familiengef\u00fchrtes Unternehmen mit Hauptsitz in Lippstadt entwickeln, produzieren und vertreiben wir hochwertige Sicherheitskomponenten f\u00fcr industrielle Anwendungen.\",\"email\":\"info@asosafety.com\",\"telephone\":\"+49294197930\",\"legalName\":\"ASO GmbH\",\"vatID\":\"DE126316194\",\"taxID\":\"330\\\/5703\\\/2780\",\"numberOfEmployees\":{\"@type\":\"QuantitativeValue\",\"minValue\":\"51\",\"maxValue\":\"200\"}}]}<\/script>\n<!-- \/ Yoast SEO Premium plugin. -->","yoast_head_json":{"title":"News &amp; Events - ASO Safety Solutions","robots":{"index":"index","follow":"follow","max-snippet":"max-snippet:-1","max-image-preview":"max-image-preview:large","max-video-preview":"max-video-preview:-1"},"canonical":"https:\/\/asosafety.com\/us\/news-events\/","og_locale":"en_US","og_type":"article","og_title":"News &amp; Events","og_description":"Where innovation meets interaction Our presence at trade fairs and events reflects our passion for innovation and quality. At every event, we create encounters that connect\u2014whether with customers, partners, or the industry as a whole. We present our solutions clearly, inspire with our expertise and commitment, and create experiences that leave a lasting impression. News...","og_url":"https:\/\/asosafety.com\/us\/news-events\/","og_site_name":"ASO Safety Solutions","article_modified_time":"2026-03-05T10:57:51+00:00","og_image":[{"width":1024,"height":683,"url":"https:\/\/asosafety.com\/wp-content\/uploads\/2025\/01\/FJM00186-1024x683.png","type":"image\/png"}],"twitter_card":"summary_large_image","twitter_misc":{"Est. reading time":"1 minute"},"schema":{"@context":"https:\/\/schema.org","@graph":[{"@type":"WebPage","@id":"https:\/\/asosafety.com\/us\/news-events\/","url":"https:\/\/asosafety.com\/us\/news-events\/","name":"News &amp; Events - ASO Safety Solutions","isPartOf":{"@id":"https:\/\/asosafety.com\/us\/#website"},"primaryImageOfPage":{"@id":"https:\/\/asosafety.com\/us\/news-events\/#primaryimage"},"image":{"@id":"https:\/\/asosafety.com\/us\/news-events\/#primaryimage"},"thumbnailUrl":"https:\/\/asosafety.com\/wp-content\/uploads\/2025\/01\/FJM00186.png","datePublished":"2025-11-19T10:56:01+00:00","dateModified":"2026-03-05T10:57:51+00:00","breadcrumb":{"@id":"https:\/\/asosafety.com\/us\/news-events\/#breadcrumb"},"inLanguage":"en-US","potentialAction":[{"@type":"ReadAction","target":["https:\/\/asosafety.com\/us\/news-events\/"]}]},{"@type":"ImageObject","inLanguage":"en-US","@id":"https:\/\/asosafety.com\/us\/news-events\/#primaryimage","url":"https:\/\/asosafety.com\/wp-content\/uploads\/2025\/01\/FJM00186.png","contentUrl":"https:\/\/asosafety.com\/wp-content\/uploads\/2025\/01\/FJM00186.png"},{"@type":"BreadcrumbList","@id":"https:\/\/asosafety.com\/us\/news-events\/#breadcrumb","itemListElement":[{"@type":"ListItem","position":1,"name":"Startseite","item":"https:\/\/asosafety.com\/us\/"},{"@type":"ListItem","position":2,"name":"News &amp; Events"}]},{"@type":"WebSite","@id":"https:\/\/asosafety.com\/us\/#website","url":"https:\/\/asosafety.com\/us\/","name":"ASO Safety Solutions","description":"","publisher":{"@id":"https:\/\/asosafety.com\/us\/#organization"},"potentialAction":[{"@type":"SearchAction","target":{"@type":"EntryPoint","urlTemplate":"https:\/\/asosafety.com\/us\/?s={search_term_string}"},"query-input":{"@type":"PropertyValueSpecification","valueRequired":true,"valueName":"search_term_string"}}],"inLanguage":"en-US"},{"@type":"Organization","@id":"https:\/\/asosafety.com\/us\/#organization","name":"ASO Safety Solutions","alternateName":"ASO","url":"https:\/\/asosafety.com\/us\/","logo":{"@type":"ImageObject","inLanguage":"en-US","@id":"https:\/\/asosafety.com\/us\/#\/schema\/logo\/image\/","url":"https:\/\/asosafety.com\/wp-content\/uploads\/2025\/11\/cropped-cropped-ASO-Logo-1.png","contentUrl":"https:\/\/asosafety.com\/wp-content\/uploads\/2025\/11\/cropped-cropped-ASO-Logo-1.png","width":200,"height":80,"caption":"ASO Safety Solutions"},"image":{"@id":"https:\/\/asosafety.com\/us\/#\/schema\/logo\/image\/"},"sameAs":["https:\/\/www.linkedin.com\/company\/aso-safety-solutions","https:\/\/www.youtube.com\/@ASOGmbHDeutschland","https:\/\/www.instagram.com\/ausbildung_aso\/"],"description":"ASO Safety Solutions ist f\u00fchrender Hersteller von Sicherheitssensoren f\u00fcr die Automation Seit \u00fcber 40 Jahren steht die ASO GmbH f\u00fcr innovative Sicherheitssensorik und ma\u00dfgeschneiderte L\u00f6sungen in der Automatisierungstechnik. Als familiengef\u00fchrtes Unternehmen mit Hauptsitz in Lippstadt entwickeln, produzieren und vertreiben wir hochwertige Sicherheitskomponenten f\u00fcr industrielle Anwendungen.","email":"info@asosafety.com","telephone":"+49294197930","legalName":"ASO GmbH","vatID":"DE126316194","taxID":"330\/5703\/2780","numberOfEmployees":{"@type":"QuantitativeValue","minValue":"51","maxValue":"200"}}]}},"taxonomy_info":[],"featured_image_src_large":false,"author_info":{"display_name":"Simon Micheel","author_link":"https:\/\/asosafety.com\/us\/author\/admin-smi\/"},"comment_info":0,"_links":{"self":[{"href":"https:\/\/asosafety.com\/us\/wp-json\/wp\/v2\/pages\/12898","targetHints":{"allow":["GET"]}}],"collection":[{"href":"https:\/\/asosafety.com\/us\/wp-json\/wp\/v2\/pages"}],"about":[{"href":"https:\/\/asosafety.com\/us\/wp-json\/wp\/v2\/types\/page"}],"author":[{"embeddable":true,"href":"https:\/\/asosafety.com\/us\/wp-json\/wp\/v2\/users\/5"}],"replies":[{"embeddable":true,"href":"https:\/\/asosafety.com\/us\/wp-json\/wp\/v2\/comments?post=12898"}],"version-history":[{"count":3,"href":"https:\/\/asosafety.com\/us\/wp-json\/wp\/v2\/pages\/12898\/revisions"}],"predecessor-version":[{"id":18016,"href":"https:\/\/asosafety.com\/us\/wp-json\/wp\/v2\/pages\/12898\/revisions\/18016"}],"wp:attachment":[{"href":"https:\/\/asosafety.com\/us\/wp-json\/wp\/v2\/media?parent=12898"}],"curies":[{"name":"wp","href":"https:\/\/api.w.org\/{rel}","templated":true}]}}