{"id":8936,"date":"2025-06-27T08:56:05","date_gmt":"2025-06-27T06:56:05","guid":{"rendered":"https:\/\/asosafety.biz\/?page_id=8936"},"modified":"2026-04-07T13:13:58","modified_gmt":"2026-04-07T11:13:58","slug":"legal-notice","status":"publish","type":"page","link":"https:\/\/asosafety.com\/en\/legal-notice\/","title":{"rendered":"Legal Notice"},"content":{"rendered":"\n<div class=\"wp-block-group alignfull\"><div class=\"wp-block-group__inner-container is-layout-constrained wp-block-group-is-layout-constrained\">\n<div class=\"wp-block-cover alignfull\" style=\"margin-top:0;min-height:474px;aspect-ratio:unset;\"><img decoding=\"async\" class=\"wp-block-cover__image-background wp-image-6281 size-full\" alt=\"\" src=\"https:\/\/asosafety.com\/wp-content\/uploads\/2025\/08\/20250813_1348_Legal-Page-Header_simple_compose_01k2hm2m36f67bvs4scxkpx6bn.png\" data-object-fit=\"cover\"\/><span aria-hidden=\"true\" class=\"wp-block-cover__background has-black-background-color has-background-dim-0 has-background-dim\"><\/span><div class=\"wp-block-cover__inner-container is-layout-flow wp-block-cover-is-layout-flow\">\n<div style=\"height:50px\" aria-hidden=\"true\" class=\"wp-block-spacer\"><\/div>\n<\/div><\/div>\n<\/div><\/div>\n\n\n<style>.kadence-column8936_4f5b0d-83 > .kt-inside-inner-col,.kadence-column8936_4f5b0d-83 > .kt-inside-inner-col:before{border-top-left-radius:0px;border-top-right-radius:0px;border-bottom-right-radius:0px;border-bottom-left-radius:0px;}.kadence-column8936_4f5b0d-83 > .kt-inside-inner-col{column-gap:var(--global-kb-gap-sm, 1rem);}.kadence-column8936_4f5b0d-83 > .kt-inside-inner-col{flex-direction:column;}.kadence-column8936_4f5b0d-83 > .kt-inside-inner-col > .aligncenter{width:100%;}.kadence-column8936_4f5b0d-83 > .kt-inside-inner-col:before{opacity:0.3;}.kadence-column8936_4f5b0d-83{position:relative;}@media all and (max-width: 1024px){.kadence-column8936_4f5b0d-83 > .kt-inside-inner-col{flex-direction:column;justify-content:center;}}@media all and (max-width: 767px){.kadence-column8936_4f5b0d-83 > .kt-inside-inner-col{flex-direction:column;justify-content:center;}}<\/style>\n<div class=\"wp-block-kadence-column kadence-column8936_4f5b0d-83\"><div class=\"kt-inside-inner-col\">\n<div class=\"wp-block-group has-theme-palette-3-color has-text-color has-link-color wp-elements-9ebea8dda6a8a573ecf0707d7899c48e\"><div class=\"wp-block-group__inner-container is-layout-constrained wp-block-group-is-layout-constrained\">\n<h2 class=\"wp-block-heading has-text-align-center\" id=\"h-legal-notice\">Legal Notice<\/h2>\n\n\n\n<p class=\"has-text-align-center\">ASO GmbH<br>Hansastrasse 52<br>59557 Lippstadt<br>Tel.&nbsp;+49 29 41 \/ 97 93 0<br>Fax.&nbsp;+49 29 41 \/ 97 93 299<br><a href=\"javascript:linkTo_UnCryptMailto('ocknvq,cuq\\\/gwBcuquchgva0eqo');\">aso-eu@asosafety.com<\/a><br><a href=\"https:\/\/www.asosafety.co.uk\/index.htm\" target=\"_blank\" rel=\"noreferrer noopener\">www.asosafety.com\/en<\/a><br><br><br>Power of representation<br>Legal representatives according to \u00a726 BGB are<br>Managing Directors Helmut Friedrich and Daniel Verhufen<br><br>Register court: Local court Paderborn<br>Register number: HRB 1163<br>VAT ID: DE126316194<br>Tax ID: 330\/5703\/2780<\/p>\n\n\n\n<p class=\"has-text-align-center\">WEEE-Reg-No. DE 83850640<\/p>\n\n\n\n<p class=\"has-text-align-center\">Responsible as defined by \u00a7 55 subpara. 2 RStV<br>Melissa Ross<br>Hansastra\u00dfe 52<br>59557 Lippstadt<br><a href=\"javascript:linkTo_UnCryptMailto('ocknvq,tquu0ognkuucBcuquchgva0eqo');\">ross.melissa@asosafety.com<\/a><\/p>\n\n\n\n<p class=\"has-text-align-center\">Data Protection Officer:<br>Erik Joel Hallmann<br>Wiesenstrasse 32<br>33397 Rietberg<br><a href=\"javascript:linkTo_UnCryptMailto('ocknvq,gtkm0jcnnocppBdkgjp\\\/wpf\\\/rtqhguukqpcnu0fg');\">erik.hallmann@biehn-und-professionals.de<\/a><a href=\"javascript:linkTo_UnCryptMailto('ocknvq,Ogagt0UcpftcBcuquchgva0eqo');\"><br><\/a><br><br>Liability note:<\/p>\n\n\n\n<p class=\"has-text-align-center\">The content on this website is provided for general informational purposes only. While we strive to ensure the accuracy and reliability of the information, we make no representations or warranties of any kind, express or implied, regarding the completeness, accuracy, reliability, or suitability of the content. Any reliance you place on the information provided is strictly at your own risk. We shall not be liable for any losses or damages, whether direct, indirect, or consequential, arising from the use of this website. This website may contain links to third-party websites. We are not responsible for the content or practices of these external sites, and access is at your own risk. By using this website, you acknowledge and accept this disclaimer.<\/p>\n<\/div><\/div>\n<\/div><\/div>\n","protected":false},"excerpt":{"rendered":"<p>Legal Notice ASO GmbHHansastrasse 5259557 LippstadtTel.&nbsp;+49 29 41 \/ 97 93 0Fax.&nbsp;+49 29 41 \/ 97 93 299aso-eu@asosafety.comwww.asosafety.com\/en Power of representationLegal representatives according to \u00a726 BGB areManaging Directors Helmut Friedrich and Daniel Verhufen Register court: Local court PaderbornRegister number: HRB 1163VAT ID: DE126316194Tax ID: 330\/5703\/2780 WEEE-Reg-No. DE 83850640 Responsible as defined by \u00a7 55 subpara&#8230;.<\/p>\n","protected":false},"author":5,"featured_media":0,"parent":0,"menu_order":0,"comment_status":"closed","ping_status":"closed","template":"","meta":{"_kad_blocks_custom_css":"","_kad_blocks_head_custom_js":"","_kad_blocks_body_custom_js":"","_kad_blocks_footer_custom_js":"","_kad_post_transparent":"","_kad_post_title":"","_kad_post_layout":"","_kad_post_sidebar_id":"","_kad_post_content_style":"","_kad_post_vertical_padding":"","_kad_post_feature":"","_kad_post_feature_position":"","_kad_post_header":false,"_kad_post_footer":false,"_kad_post_classname":"","footnotes":""},"class_list":["post-8936","page","type-page","status-publish","hentry"],"yoast_head":"<!-- This site is optimized with the Yoast SEO Premium plugin v26.2 (Yoast SEO v27.4) - https:\/\/yoast.com\/product\/yoast-seo-premium-wordpress\/ -->\n<title>Legal Notice - ASO Safety Solutions<\/title>\n<meta name=\"robots\" content=\"index, follow, max-snippet:-1, max-image-preview:large, max-video-preview:-1\" \/>\n<link rel=\"canonical\" href=\"https:\/\/asosafety.com\/en\/legal-notice\/\" \/>\n<meta property=\"og:locale\" content=\"en_GB\" \/>\n<meta property=\"og:type\" content=\"article\" \/>\n<meta property=\"og:title\" content=\"Legal Notice\" \/>\n<meta property=\"og:description\" content=\"Legal Notice ASO GmbHHansastrasse 5259557 LippstadtTel.&nbsp;+49 29 41 \/ 97 93 0Fax.&nbsp;+49 29 41 \/ 97 93 299aso-eu@asosafety.comwww.asosafety.com\/en Power of representationLegal representatives according to \u00a726 BGB areManaging Directors Helmut Friedrich and Daniel Verhufen Register court: Local court PaderbornRegister number: HRB 1163VAT ID: DE126316194Tax ID: 330\/5703\/2780 WEEE-Reg-No. DE 83850640 Responsible as defined by \u00a7 55 subpara....\" \/>\n<meta property=\"og:url\" content=\"https:\/\/asosafety.com\/en\/legal-notice\/\" \/>\n<meta property=\"og:site_name\" content=\"ASO Safety Solutions\" \/>\n<meta property=\"article:modified_time\" content=\"2026-04-07T11:13:58+00:00\" \/>\n<meta name=\"twitter:card\" content=\"summary_large_image\" \/>\n<meta name=\"twitter:label1\" content=\"Estimated reading time\" \/>\n\t<meta name=\"twitter:data1\" content=\"2 minutes\" \/>\n<script type=\"application\/ld+json\" class=\"yoast-schema-graph\">{\"@context\":\"https:\\\/\\\/schema.org\",\"@graph\":[{\"@type\":\"WebPage\",\"@id\":\"https:\\\/\\\/asosafety.com\\\/en\\\/legal-notice\\\/\",\"url\":\"https:\\\/\\\/asosafety.com\\\/en\\\/legal-notice\\\/\",\"name\":\"Legal Notice - ASO Safety Solutions\",\"isPartOf\":{\"@id\":\"https:\\\/\\\/asosafety.com\\\/en\\\/#website\"},\"primaryImageOfPage\":{\"@id\":\"https:\\\/\\\/asosafety.com\\\/en\\\/legal-notice\\\/#primaryimage\"},\"image\":{\"@id\":\"https:\\\/\\\/asosafety.com\\\/en\\\/legal-notice\\\/#primaryimage\"},\"thumbnailUrl\":\"https:\\\/\\\/asosafety.com\\\/wp-content\\\/uploads\\\/2025\\\/08\\\/20250813_1348_Legal-Page-Header_simple_compose_01k2hm2m36f67bvs4scxkpx6bn.png\",\"datePublished\":\"2025-06-27T06:56:05+00:00\",\"dateModified\":\"2026-04-07T11:13:58+00:00\",\"breadcrumb\":{\"@id\":\"https:\\\/\\\/asosafety.com\\\/en\\\/legal-notice\\\/#breadcrumb\"},\"inLanguage\":\"en-GB\",\"potentialAction\":[{\"@type\":\"ReadAction\",\"target\":[\"https:\\\/\\\/asosafety.com\\\/en\\\/legal-notice\\\/\"]}]},{\"@type\":\"ImageObject\",\"inLanguage\":\"en-GB\",\"@id\":\"https:\\\/\\\/asosafety.com\\\/en\\\/legal-notice\\\/#primaryimage\",\"url\":\"https:\\\/\\\/asosafety.com\\\/wp-content\\\/uploads\\\/2025\\\/08\\\/20250813_1348_Legal-Page-Header_simple_compose_01k2hm2m36f67bvs4scxkpx6bn.png\",\"contentUrl\":\"https:\\\/\\\/asosafety.com\\\/wp-content\\\/uploads\\\/2025\\\/08\\\/20250813_1348_Legal-Page-Header_simple_compose_01k2hm2m36f67bvs4scxkpx6bn.png\"},{\"@type\":\"BreadcrumbList\",\"@id\":\"https:\\\/\\\/asosafety.com\\\/en\\\/legal-notice\\\/#breadcrumb\",\"itemListElement\":[{\"@type\":\"ListItem\",\"position\":1,\"name\":\"Startseite\",\"item\":\"https:\\\/\\\/asosafety.com\\\/en\\\/\"},{\"@type\":\"ListItem\",\"position\":2,\"name\":\"Legal Notice\"}]},{\"@type\":\"WebSite\",\"@id\":\"https:\\\/\\\/asosafety.com\\\/en\\\/#website\",\"url\":\"https:\\\/\\\/asosafety.com\\\/en\\\/\",\"name\":\"ASO Safety Solutions\",\"description\":\"\",\"publisher\":{\"@id\":\"https:\\\/\\\/asosafety.com\\\/en\\\/#organization\"},\"potentialAction\":[{\"@type\":\"SearchAction\",\"target\":{\"@type\":\"EntryPoint\",\"urlTemplate\":\"https:\\\/\\\/asosafety.com\\\/en\\\/?s={search_term_string}\"},\"query-input\":{\"@type\":\"PropertyValueSpecification\",\"valueRequired\":true,\"valueName\":\"search_term_string\"}}],\"inLanguage\":\"en-GB\"},{\"@type\":\"Organization\",\"@id\":\"https:\\\/\\\/asosafety.com\\\/en\\\/#organization\",\"name\":\"ASO Safety Solutions\",\"alternateName\":\"ASO\",\"url\":\"https:\\\/\\\/asosafety.com\\\/en\\\/\",\"logo\":{\"@type\":\"ImageObject\",\"inLanguage\":\"en-GB\",\"@id\":\"https:\\\/\\\/asosafety.com\\\/en\\\/#\\\/schema\\\/logo\\\/image\\\/\",\"url\":\"https:\\\/\\\/asosafety.com\\\/wp-content\\\/uploads\\\/2025\\\/11\\\/cropped-cropped-ASO-Logo-1.png\",\"contentUrl\":\"https:\\\/\\\/asosafety.com\\\/wp-content\\\/uploads\\\/2025\\\/11\\\/cropped-cropped-ASO-Logo-1.png\",\"width\":200,\"height\":80,\"caption\":\"ASO Safety Solutions\"},\"image\":{\"@id\":\"https:\\\/\\\/asosafety.com\\\/en\\\/#\\\/schema\\\/logo\\\/image\\\/\"},\"sameAs\":[\"https:\\\/\\\/www.linkedin.com\\\/company\\\/aso-safety-solutions\",\"https:\\\/\\\/www.youtube.com\\\/@ASOGmbHDeutschland\",\"https:\\\/\\\/www.instagram.com\\\/ausbildung_aso\\\/\"],\"description\":\"ASO Safety Solutions ist f\u00fchrender Hersteller von Sicherheitssensoren f\u00fcr die Automation Seit \u00fcber 40 Jahren steht die ASO GmbH f\u00fcr innovative Sicherheitssensorik und ma\u00dfgeschneiderte L\u00f6sungen in der Automatisierungstechnik. Als familiengef\u00fchrtes Unternehmen mit Hauptsitz in Lippstadt entwickeln, produzieren und vertreiben wir hochwertige Sicherheitskomponenten f\u00fcr industrielle Anwendungen.\",\"email\":\"info@asosafety.com\",\"telephone\":\"+49294197930\",\"legalName\":\"ASO GmbH\",\"vatID\":\"DE126316194\",\"taxID\":\"330\\\/5703\\\/2780\",\"numberOfEmployees\":{\"@type\":\"QuantitativeValue\",\"minValue\":\"51\",\"maxValue\":\"200\"}}]}<\/script>\n<!-- \/ Yoast SEO Premium plugin. -->","yoast_head_json":{"title":"Legal Notice - ASO Safety Solutions","robots":{"index":"index","follow":"follow","max-snippet":"max-snippet:-1","max-image-preview":"max-image-preview:large","max-video-preview":"max-video-preview:-1"},"canonical":"https:\/\/asosafety.com\/en\/legal-notice\/","og_locale":"en_GB","og_type":"article","og_title":"Legal Notice","og_description":"Legal Notice ASO GmbHHansastrasse 5259557 LippstadtTel.&nbsp;+49 29 41 \/ 97 93 0Fax.&nbsp;+49 29 41 \/ 97 93 299aso-eu@asosafety.comwww.asosafety.com\/en Power of representationLegal representatives according to \u00a726 BGB areManaging Directors Helmut Friedrich and Daniel Verhufen Register court: Local court PaderbornRegister number: HRB 1163VAT ID: DE126316194Tax ID: 330\/5703\/2780 WEEE-Reg-No. DE 83850640 Responsible as defined by \u00a7 55 subpara....","og_url":"https:\/\/asosafety.com\/en\/legal-notice\/","og_site_name":"ASO Safety Solutions","article_modified_time":"2026-04-07T11:13:58+00:00","twitter_card":"summary_large_image","twitter_misc":{"Estimated reading time":"2 minutes"},"schema":{"@context":"https:\/\/schema.org","@graph":[{"@type":"WebPage","@id":"https:\/\/asosafety.com\/en\/legal-notice\/","url":"https:\/\/asosafety.com\/en\/legal-notice\/","name":"Legal Notice - ASO Safety Solutions","isPartOf":{"@id":"https:\/\/asosafety.com\/en\/#website"},"primaryImageOfPage":{"@id":"https:\/\/asosafety.com\/en\/legal-notice\/#primaryimage"},"image":{"@id":"https:\/\/asosafety.com\/en\/legal-notice\/#primaryimage"},"thumbnailUrl":"https:\/\/asosafety.com\/wp-content\/uploads\/2025\/08\/20250813_1348_Legal-Page-Header_simple_compose_01k2hm2m36f67bvs4scxkpx6bn.png","datePublished":"2025-06-27T06:56:05+00:00","dateModified":"2026-04-07T11:13:58+00:00","breadcrumb":{"@id":"https:\/\/asosafety.com\/en\/legal-notice\/#breadcrumb"},"inLanguage":"en-GB","potentialAction":[{"@type":"ReadAction","target":["https:\/\/asosafety.com\/en\/legal-notice\/"]}]},{"@type":"ImageObject","inLanguage":"en-GB","@id":"https:\/\/asosafety.com\/en\/legal-notice\/#primaryimage","url":"https:\/\/asosafety.com\/wp-content\/uploads\/2025\/08\/20250813_1348_Legal-Page-Header_simple_compose_01k2hm2m36f67bvs4scxkpx6bn.png","contentUrl":"https:\/\/asosafety.com\/wp-content\/uploads\/2025\/08\/20250813_1348_Legal-Page-Header_simple_compose_01k2hm2m36f67bvs4scxkpx6bn.png"},{"@type":"BreadcrumbList","@id":"https:\/\/asosafety.com\/en\/legal-notice\/#breadcrumb","itemListElement":[{"@type":"ListItem","position":1,"name":"Startseite","item":"https:\/\/asosafety.com\/en\/"},{"@type":"ListItem","position":2,"name":"Legal Notice"}]},{"@type":"WebSite","@id":"https:\/\/asosafety.com\/en\/#website","url":"https:\/\/asosafety.com\/en\/","name":"ASO Safety Solutions","description":"","publisher":{"@id":"https:\/\/asosafety.com\/en\/#organization"},"potentialAction":[{"@type":"SearchAction","target":{"@type":"EntryPoint","urlTemplate":"https:\/\/asosafety.com\/en\/?s={search_term_string}"},"query-input":{"@type":"PropertyValueSpecification","valueRequired":true,"valueName":"search_term_string"}}],"inLanguage":"en-GB"},{"@type":"Organization","@id":"https:\/\/asosafety.com\/en\/#organization","name":"ASO Safety Solutions","alternateName":"ASO","url":"https:\/\/asosafety.com\/en\/","logo":{"@type":"ImageObject","inLanguage":"en-GB","@id":"https:\/\/asosafety.com\/en\/#\/schema\/logo\/image\/","url":"https:\/\/asosafety.com\/wp-content\/uploads\/2025\/11\/cropped-cropped-ASO-Logo-1.png","contentUrl":"https:\/\/asosafety.com\/wp-content\/uploads\/2025\/11\/cropped-cropped-ASO-Logo-1.png","width":200,"height":80,"caption":"ASO Safety Solutions"},"image":{"@id":"https:\/\/asosafety.com\/en\/#\/schema\/logo\/image\/"},"sameAs":["https:\/\/www.linkedin.com\/company\/aso-safety-solutions","https:\/\/www.youtube.com\/@ASOGmbHDeutschland","https:\/\/www.instagram.com\/ausbildung_aso\/"],"description":"ASO Safety Solutions ist f\u00fchrender Hersteller von Sicherheitssensoren f\u00fcr die Automation Seit \u00fcber 40 Jahren steht die ASO GmbH f\u00fcr innovative Sicherheitssensorik und ma\u00dfgeschneiderte L\u00f6sungen in der Automatisierungstechnik. Als familiengef\u00fchrtes Unternehmen mit Hauptsitz in Lippstadt entwickeln, produzieren und vertreiben wir hochwertige Sicherheitskomponenten f\u00fcr industrielle Anwendungen.","email":"info@asosafety.com","telephone":"+49294197930","legalName":"ASO GmbH","vatID":"DE126316194","taxID":"330\/5703\/2780","numberOfEmployees":{"@type":"QuantitativeValue","minValue":"51","maxValue":"200"}}]}},"taxonomy_info":[],"featured_image_src_large":false,"author_info":{"display_name":"Simon Micheel","author_link":"https:\/\/asosafety.com\/en\/author\/admin-smi\/"},"comment_info":0,"_links":{"self":[{"href":"https:\/\/asosafety.com\/en\/wp-json\/wp\/v2\/pages\/8936","targetHints":{"allow":["GET"]}}],"collection":[{"href":"https:\/\/asosafety.com\/en\/wp-json\/wp\/v2\/pages"}],"about":[{"href":"https:\/\/asosafety.com\/en\/wp-json\/wp\/v2\/types\/page"}],"author":[{"embeddable":true,"href":"https:\/\/asosafety.com\/en\/wp-json\/wp\/v2\/users\/5"}],"replies":[{"embeddable":true,"href":"https:\/\/asosafety.com\/en\/wp-json\/wp\/v2\/comments?post=8936"}],"version-history":[{"count":1,"href":"https:\/\/asosafety.com\/en\/wp-json\/wp\/v2\/pages\/8936\/revisions"}],"predecessor-version":[{"id":18334,"href":"https:\/\/asosafety.com\/en\/wp-json\/wp\/v2\/pages\/8936\/revisions\/18334"}],"wp:attachment":[{"href":"https:\/\/asosafety.com\/en\/wp-json\/wp\/v2\/media?parent=8936"}],"curies":[{"name":"wp","href":"https:\/\/api.w.org\/{rel}","templated":true}]}}