{"id":17220,"date":"2026-02-11T12:17:21","date_gmt":"2026-02-11T11:17:21","guid":{"rendered":"https:\/\/asosafety.com\/produkt\/elmon-inductive-77r-set-s\/"},"modified":"2026-02-11T12:17:33","modified_gmt":"2026-02-11T11:17:33","slug":"elmon-inductive-77r-set-s","status":"publish","type":"product","link":"https:\/\/asosafety.com\/de\/produkt\/elmon-inductive-77r-set-s\/","title":{"rendered":"ELMON inductive 77R Set S"},"content":{"rendered":"<p><img loading=\"lazy\" decoding=\"async\" class=\"alignnone size-medium wp-image-5625\" src=\"https:\/\/asosafety.com\/wp-content\/uploads\/products\/Elmon-Inductive-1-300x103.png\" alt=\"\" width=\"300\" height=\"115\" \/><\/p>\n","protected":false},"excerpt":{"rendered":"<p><img loading=\"lazy\" decoding=\"async\" class=\"alignnone size-medium wp-image-5625\" src=\"https:\/\/asosafety.com\/wp-content\/uploads\/products\/Elmon-Inductive-1-300x103.png\" alt=\"\" width=\"300\" height=\"115\" \/><\/p>\n","protected":false},"featured_media":12742,"comment_status":"closed","ping_status":"open","template":"","meta":{"_kad_blocks_custom_css":"","_kad_blocks_head_custom_js":"","_kad_blocks_body_custom_js":"","_kad_blocks_footer_custom_js":"","_kad_post_transparent":"","_kad_post_title":"","_kad_post_layout":"","_kad_post_sidebar_id":"","_kad_post_content_style":"","_kad_post_vertical_padding":"","_kad_post_feature":"","_kad_post_feature_position":"","_kad_post_header":false,"_kad_post_footer":false,"_kad_post_classname":""},"product_brand":[71,72],"product_cat":[176],"product_tag":[],"class_list":{"0":"post-17220","1":"product","2":"type-product","3":"status-publish","4":"has-post-thumbnail","6":"product_brand-elmon","7":"product_brand-elmon-inductive","8":"product_cat-signaluebertragungssysteme","10":"first","11":"instock","12":"product-type-simple","13":"entry","14":"content-bg","15":"loop-entry"},"yoast_head":"<!-- This site is optimized with the Yoast SEO Premium plugin v26.2 (Yoast SEO v27.3) - https:\/\/yoast.com\/product\/yoast-seo-premium-wordpress\/ -->\n<title>ELMON inductive 77R Set S - ASO Safety Solutions<\/title>\n<meta name=\"robots\" content=\"index, follow, max-snippet:-1, max-image-preview:large, max-video-preview:-1\" \/>\n<link rel=\"canonical\" href=\"https:\/\/asosafety.com\/de\/produkt\/elmon-inductive-77r-set-s\/\" \/>\n<meta property=\"og:locale\" content=\"de_DE\" \/>\n<meta property=\"og:type\" content=\"article\" \/>\n<meta property=\"og:title\" content=\"ELMON inductive 77R Set S\" \/>\n<meta property=\"og:url\" content=\"https:\/\/asosafety.com\/de\/produkt\/elmon-inductive-77r-set-s\/\" \/>\n<meta property=\"og:site_name\" content=\"ASO Safety Solutions\" \/>\n<meta property=\"article:modified_time\" content=\"2026-02-11T11:17:33+00:00\" \/>\n<meta property=\"og:image\" content=\"https:\/\/asosafety.com\/wp-content\/uploads\/2025\/11\/ELMON-inductive-77-R-2.jpg\" \/>\n\t<meta property=\"og:image:width\" content=\"1920\" \/>\n\t<meta property=\"og:image:height\" content=\"1440\" \/>\n\t<meta property=\"og:image:type\" content=\"image\/jpeg\" \/>\n<meta name=\"twitter:card\" content=\"summary_large_image\" \/>\n<script type=\"application\/ld+json\" class=\"yoast-schema-graph\">{\"@context\":\"https:\\\/\\\/schema.org\",\"@graph\":[{\"@type\":\"WebPage\",\"@id\":\"https:\\\/\\\/asosafety.com\\\/de\\\/produkt\\\/elmon-inductive-77r-set-s\\\/\",\"url\":\"https:\\\/\\\/asosafety.com\\\/de\\\/produkt\\\/elmon-inductive-77r-set-s\\\/\",\"name\":\"ELMON inductive 77R Set S - ASO Safety Solutions\",\"isPartOf\":{\"@id\":\"https:\\\/\\\/asosafety.com\\\/de\\\/#website\"},\"primaryImageOfPage\":{\"@id\":\"https:\\\/\\\/asosafety.com\\\/de\\\/produkt\\\/elmon-inductive-77r-set-s\\\/#primaryimage\"},\"image\":{\"@id\":\"https:\\\/\\\/asosafety.com\\\/de\\\/produkt\\\/elmon-inductive-77r-set-s\\\/#primaryimage\"},\"thumbnailUrl\":\"https:\\\/\\\/asosafety.com\\\/wp-content\\\/uploads\\\/2025\\\/11\\\/ELMON-inductive-77-R-2.jpg\",\"datePublished\":\"2026-02-11T11:17:21+00:00\",\"dateModified\":\"2026-02-11T11:17:33+00:00\",\"breadcrumb\":{\"@id\":\"https:\\\/\\\/asosafety.com\\\/de\\\/produkt\\\/elmon-inductive-77r-set-s\\\/#breadcrumb\"},\"inLanguage\":\"de\",\"potentialAction\":[{\"@type\":\"ReadAction\",\"target\":[\"https:\\\/\\\/asosafety.com\\\/de\\\/produkt\\\/elmon-inductive-77r-set-s\\\/\"]}]},{\"@type\":\"ImageObject\",\"inLanguage\":\"de\",\"@id\":\"https:\\\/\\\/asosafety.com\\\/de\\\/produkt\\\/elmon-inductive-77r-set-s\\\/#primaryimage\",\"url\":\"https:\\\/\\\/asosafety.com\\\/wp-content\\\/uploads\\\/2025\\\/11\\\/ELMON-inductive-77-R-2.jpg\",\"contentUrl\":\"https:\\\/\\\/asosafety.com\\\/wp-content\\\/uploads\\\/2025\\\/11\\\/ELMON-inductive-77-R-2.jpg\",\"width\":1920,\"height\":1440},{\"@type\":\"BreadcrumbList\",\"@id\":\"https:\\\/\\\/asosafety.com\\\/de\\\/produkt\\\/elmon-inductive-77r-set-s\\\/#breadcrumb\",\"itemListElement\":[{\"@type\":\"ListItem\",\"position\":1,\"name\":\"Startseite\",\"item\":\"https:\\\/\\\/asosafety.com\\\/de\\\/\"},{\"@type\":\"ListItem\",\"position\":2,\"name\":\"Shop\",\"item\":\"https:\\\/\\\/asosafety.com\\\/de\\\/?page_id=8\"},{\"@type\":\"ListItem\",\"position\":3,\"name\":\"ELMON inductive 77R Set S\"}]},{\"@type\":\"WebSite\",\"@id\":\"https:\\\/\\\/asosafety.com\\\/de\\\/#website\",\"url\":\"https:\\\/\\\/asosafety.com\\\/de\\\/\",\"name\":\"ASO Safety Solutions\",\"description\":\"\",\"publisher\":{\"@id\":\"https:\\\/\\\/asosafety.com\\\/de\\\/#organization\"},\"potentialAction\":[{\"@type\":\"SearchAction\",\"target\":{\"@type\":\"EntryPoint\",\"urlTemplate\":\"https:\\\/\\\/asosafety.com\\\/de\\\/?s={search_term_string}\"},\"query-input\":{\"@type\":\"PropertyValueSpecification\",\"valueRequired\":true,\"valueName\":\"search_term_string\"}}],\"inLanguage\":\"de\"},{\"@type\":\"Organization\",\"@id\":\"https:\\\/\\\/asosafety.com\\\/de\\\/#organization\",\"name\":\"ASO Safety Solutions\",\"alternateName\":\"ASO\",\"url\":\"https:\\\/\\\/asosafety.com\\\/de\\\/\",\"logo\":{\"@type\":\"ImageObject\",\"inLanguage\":\"de\",\"@id\":\"https:\\\/\\\/asosafety.com\\\/de\\\/#\\\/schema\\\/logo\\\/image\\\/\",\"url\":\"https:\\\/\\\/asosafety.com\\\/wp-content\\\/uploads\\\/2025\\\/11\\\/cropped-cropped-ASO-Logo-1.png\",\"contentUrl\":\"https:\\\/\\\/asosafety.com\\\/wp-content\\\/uploads\\\/2025\\\/11\\\/cropped-cropped-ASO-Logo-1.png\",\"width\":200,\"height\":80,\"caption\":\"ASO Safety Solutions\"},\"image\":{\"@id\":\"https:\\\/\\\/asosafety.com\\\/de\\\/#\\\/schema\\\/logo\\\/image\\\/\"},\"sameAs\":[\"https:\\\/\\\/www.linkedin.com\\\/company\\\/aso-safety-solutions\",\"https:\\\/\\\/www.youtube.com\\\/@ASOGmbHDeutschland\",\"https:\\\/\\\/www.instagram.com\\\/ausbildung_aso\\\/\"],\"description\":\"ASO Safety Solutions ist f\u00fchrender Hersteller von Sicherheitssensoren f\u00fcr die Automation Seit \u00fcber 40 Jahren steht die ASO GmbH f\u00fcr innovative Sicherheitssensorik und ma\u00dfgeschneiderte L\u00f6sungen in der Automatisierungstechnik. Als familiengef\u00fchrtes Unternehmen mit Hauptsitz in Lippstadt entwickeln, produzieren und vertreiben wir hochwertige Sicherheitskomponenten f\u00fcr industrielle Anwendungen.\",\"email\":\"info@asosafety.com\",\"telephone\":\"+49294197930\",\"legalName\":\"ASO GmbH\",\"vatID\":\"DE126316194\",\"taxID\":\"330\\\/5703\\\/2780\",\"numberOfEmployees\":{\"@type\":\"QuantitativeValue\",\"minValue\":\"51\",\"maxValue\":\"200\"}}]}<\/script>\n<!-- \/ Yoast SEO Premium plugin. -->","yoast_head_json":{"title":"ELMON inductive 77R Set S - ASO Safety Solutions","robots":{"index":"index","follow":"follow","max-snippet":"max-snippet:-1","max-image-preview":"max-image-preview:large","max-video-preview":"max-video-preview:-1"},"canonical":"https:\/\/asosafety.com\/de\/produkt\/elmon-inductive-77r-set-s\/","og_locale":"de_DE","og_type":"article","og_title":"ELMON inductive 77R Set S","og_url":"https:\/\/asosafety.com\/de\/produkt\/elmon-inductive-77r-set-s\/","og_site_name":"ASO Safety Solutions","article_modified_time":"2026-02-11T11:17:33+00:00","og_image":[{"width":1920,"height":1440,"url":"https:\/\/asosafety.com\/wp-content\/uploads\/2025\/11\/ELMON-inductive-77-R-2.jpg","type":"image\/jpeg"}],"twitter_card":"summary_large_image","schema":{"@context":"https:\/\/schema.org","@graph":[{"@type":"WebPage","@id":"https:\/\/asosafety.com\/de\/produkt\/elmon-inductive-77r-set-s\/","url":"https:\/\/asosafety.com\/de\/produkt\/elmon-inductive-77r-set-s\/","name":"ELMON inductive 77R Set S - ASO Safety Solutions","isPartOf":{"@id":"https:\/\/asosafety.com\/de\/#website"},"primaryImageOfPage":{"@id":"https:\/\/asosafety.com\/de\/produkt\/elmon-inductive-77r-set-s\/#primaryimage"},"image":{"@id":"https:\/\/asosafety.com\/de\/produkt\/elmon-inductive-77r-set-s\/#primaryimage"},"thumbnailUrl":"https:\/\/asosafety.com\/wp-content\/uploads\/2025\/11\/ELMON-inductive-77-R-2.jpg","datePublished":"2026-02-11T11:17:21+00:00","dateModified":"2026-02-11T11:17:33+00:00","breadcrumb":{"@id":"https:\/\/asosafety.com\/de\/produkt\/elmon-inductive-77r-set-s\/#breadcrumb"},"inLanguage":"de","potentialAction":[{"@type":"ReadAction","target":["https:\/\/asosafety.com\/de\/produkt\/elmon-inductive-77r-set-s\/"]}]},{"@type":"ImageObject","inLanguage":"de","@id":"https:\/\/asosafety.com\/de\/produkt\/elmon-inductive-77r-set-s\/#primaryimage","url":"https:\/\/asosafety.com\/wp-content\/uploads\/2025\/11\/ELMON-inductive-77-R-2.jpg","contentUrl":"https:\/\/asosafety.com\/wp-content\/uploads\/2025\/11\/ELMON-inductive-77-R-2.jpg","width":1920,"height":1440},{"@type":"BreadcrumbList","@id":"https:\/\/asosafety.com\/de\/produkt\/elmon-inductive-77r-set-s\/#breadcrumb","itemListElement":[{"@type":"ListItem","position":1,"name":"Startseite","item":"https:\/\/asosafety.com\/de\/"},{"@type":"ListItem","position":2,"name":"Shop","item":"https:\/\/asosafety.com\/de\/?page_id=8"},{"@type":"ListItem","position":3,"name":"ELMON inductive 77R Set S"}]},{"@type":"WebSite","@id":"https:\/\/asosafety.com\/de\/#website","url":"https:\/\/asosafety.com\/de\/","name":"ASO Safety Solutions","description":"","publisher":{"@id":"https:\/\/asosafety.com\/de\/#organization"},"potentialAction":[{"@type":"SearchAction","target":{"@type":"EntryPoint","urlTemplate":"https:\/\/asosafety.com\/de\/?s={search_term_string}"},"query-input":{"@type":"PropertyValueSpecification","valueRequired":true,"valueName":"search_term_string"}}],"inLanguage":"de"},{"@type":"Organization","@id":"https:\/\/asosafety.com\/de\/#organization","name":"ASO Safety Solutions","alternateName":"ASO","url":"https:\/\/asosafety.com\/de\/","logo":{"@type":"ImageObject","inLanguage":"de","@id":"https:\/\/asosafety.com\/de\/#\/schema\/logo\/image\/","url":"https:\/\/asosafety.com\/wp-content\/uploads\/2025\/11\/cropped-cropped-ASO-Logo-1.png","contentUrl":"https:\/\/asosafety.com\/wp-content\/uploads\/2025\/11\/cropped-cropped-ASO-Logo-1.png","width":200,"height":80,"caption":"ASO Safety Solutions"},"image":{"@id":"https:\/\/asosafety.com\/de\/#\/schema\/logo\/image\/"},"sameAs":["https:\/\/www.linkedin.com\/company\/aso-safety-solutions","https:\/\/www.youtube.com\/@ASOGmbHDeutschland","https:\/\/www.instagram.com\/ausbildung_aso\/"],"description":"ASO Safety Solutions ist f\u00fchrender Hersteller von Sicherheitssensoren f\u00fcr die Automation Seit \u00fcber 40 Jahren steht die ASO GmbH f\u00fcr innovative Sicherheitssensorik und ma\u00dfgeschneiderte L\u00f6sungen in der Automatisierungstechnik. Als familiengef\u00fchrtes Unternehmen mit Hauptsitz in Lippstadt entwickeln, produzieren und vertreiben wir hochwertige Sicherheitskomponenten f\u00fcr industrielle Anwendungen.","email":"info@asosafety.com","telephone":"+49294197930","legalName":"ASO GmbH","vatID":"DE126316194","taxID":"330\/5703\/2780","numberOfEmployees":{"@type":"QuantitativeValue","minValue":"51","maxValue":"200"}}]}},"taxonomy_info":{"product_brand":[{"value":71,"label":"Elmon"},{"value":72,"label":"ELMON inductive"}],"product_cat":[{"value":176,"label":"Signaluebertragungssysteme"}]},"featured_image_src_large":["https:\/\/asosafety.com\/wp-content\/uploads\/2025\/11\/ELMON-inductive-77-R-2-1024x768.jpg",1024,768,true],"author_info":[],"comment_info":0,"_links":{"self":[{"href":"https:\/\/asosafety.com\/de\/wp-json\/wp\/v2\/product\/17220","targetHints":{"allow":["GET"]}}],"collection":[{"href":"https:\/\/asosafety.com\/de\/wp-json\/wp\/v2\/product"}],"about":[{"href":"https:\/\/asosafety.com\/de\/wp-json\/wp\/v2\/types\/product"}],"replies":[{"embeddable":true,"href":"https:\/\/asosafety.com\/de\/wp-json\/wp\/v2\/comments?post=17220"}],"wp:featuredmedia":[{"embeddable":true,"href":"https:\/\/asosafety.com\/de\/wp-json\/wp\/v2\/media\/12742"}],"wp:attachment":[{"href":"https:\/\/asosafety.com\/de\/wp-json\/wp\/v2\/media?parent=17220"}],"wp:term":[{"taxonomy":"product_brand","embeddable":true,"href":"https:\/\/asosafety.com\/de\/wp-json\/wp\/v2\/product_brand?post=17220"},{"taxonomy":"product_cat","embeddable":true,"href":"https:\/\/asosafety.com\/de\/wp-json\/wp\/v2\/product_cat?post=17220"},{"taxonomy":"product_tag","embeddable":true,"href":"https:\/\/asosafety.com\/de\/wp-json\/wp\/v2\/product_tag?post=17220"}],"curies":[{"name":"wp","href":"https:\/\/api.w.org\/{rel}","templated":true}]}}