{"id":2829,"date":"2025-06-27T08:56:05","date_gmt":"2025-06-27T06:56:05","guid":{"rendered":"https:\/\/asosafety.biz\/?page_id=2829"},"modified":"2025-12-09T10:18:10","modified_gmt":"2025-12-09T09:18:10","slug":"impressum-2","status":"publish","type":"page","link":"https:\/\/asosafety.com\/de\/impressum-2\/","title":{"rendered":"Impressum"},"content":{"rendered":"\n<div class=\"wp-block-group alignfull\"><div class=\"wp-block-group__inner-container is-layout-constrained wp-block-group-is-layout-constrained\">\n<div class=\"wp-block-cover alignfull\" style=\"margin-top:0;min-height:474px;aspect-ratio:unset;\"><img decoding=\"async\" class=\"wp-block-cover__image-background wp-image-6280 size-full\" alt=\"\" src=\"https:\/\/asosafety.com\/wp-content\/uploads\/2025\/08\/20250813_1348_Legal-Page-Header_simple_compose_01k2hm2m36f67bvs4scxkpx6bn.png\" style=\"object-position:52% 45%\" data-object-fit=\"cover\" data-object-position=\"52% 45%\"\/><span aria-hidden=\"true\" class=\"wp-block-cover__background has-black-background-color has-background-dim-0 has-background-dim\"><\/span><div class=\"wp-block-cover__inner-container is-layout-flow wp-block-cover-is-layout-flow\">\n<div style=\"height:50px\" aria-hidden=\"true\" class=\"wp-block-spacer\"><\/div>\n<\/div><\/div>\n<\/div><\/div>\n\n\n<style>.kadence-column2829_5081c9-28 > .kt-inside-inner-col,.kadence-column2829_5081c9-28 > .kt-inside-inner-col:before{border-top-left-radius:0px;border-top-right-radius:0px;border-bottom-right-radius:0px;border-bottom-left-radius:0px;}.kadence-column2829_5081c9-28 > .kt-inside-inner-col{column-gap:var(--global-kb-gap-sm, 1rem);}.kadence-column2829_5081c9-28 > .kt-inside-inner-col{flex-direction:column;}.kadence-column2829_5081c9-28 > .kt-inside-inner-col > .aligncenter{width:100%;}.kadence-column2829_5081c9-28 > .kt-inside-inner-col:before{opacity:0.3;}.kadence-column2829_5081c9-28{position:relative;}@media all and (max-width: 1024px){.kadence-column2829_5081c9-28 > .kt-inside-inner-col{flex-direction:column;justify-content:center;}}@media all and (max-width: 767px){.kadence-column2829_5081c9-28 > .kt-inside-inner-col{flex-direction:column;justify-content:center;}}<\/style>\n<div class=\"wp-block-kadence-column kadence-column2829_5081c9-28\"><div class=\"kt-inside-inner-col\">\n<div class=\"wp-block-group has-theme-palette-3-color has-text-color has-link-color wp-elements-250709e293c353eb454b923feea63be2\"><div class=\"wp-block-group__inner-container is-layout-constrained wp-block-group-is-layout-constrained\">\n<h2 class=\"wp-block-heading has-text-align-center\" id=\"h-impressum\">Impressum<\/h2>\n\n\n\n<p class=\"has-text-align-center\">ASO GmbH<br>Hansastra\u00dfe 52<br>59557 Lippstadt<br>Tel. 0 29 41 \/ 97 93 0<br>Fax. 0 29 41 \/ 97 93 299<\/p>\n\n\n\n<p class=\"has-text-align-center\"><a href=\"mailto:aso-eu@asosafety.com\">aso-eu@asosafety.com<\/a><a href=\"javascript:linkTo_UnCryptMailto('ocknvq,cuq\\\/gwBcuquchgva0eqo');\"><br><\/a><\/p>\n\n\n\n<p class=\"has-text-align-center\">Vertretungsbefugnis<br>Gesetzlicher Vertreter im Sinne des \u00a7 26 BGB ist<br>Gesch\u00e4ftsf\u00fchrer Helmut Friedrich und Daniel Verhufen<\/p>\n\n\n\n<p class=\"has-text-align-center\">Registergericht: Amtsgericht Paderborn<br>Registernummer: HRB 1163<br>USt.-IDNr.: DE126316194<br>St.Nr.: 330\/5703\/2780<\/p>\n\n\n\n<p class=\"has-text-align-center\">WEEE-Reg-Nr. DE 83850640<\/p>\n\n\n\n<p class=\"has-text-align-center\">Verantwortlich i. S. D. \u00a7 55 Abs. 2 RStV<br>Melissa Ro\u00df<br>Hansastra\u00dfe 52<br>59557 Lippstadt<br><a href=\"javascript:linkTo_UnCryptMailto('ocknvq,tquu0ognkuucBcuquchgva0eqo');\">ross.melissa@asosafety.com<\/a><\/p>\n\n\n\n<p class=\"has-text-align-center\">Datenschutzbeauftragter:<br>Erik Joel Hallmann<br>Wiesenstra\u00dfe 32<br>33397 Rietberg<br><a href=\"javascript:linkTo_UnCryptMailto('ocknvq,gtkm0jcnnocppBdkgjp\\\/wpf\\\/rtqhguukqpcnu0fg');\">erik.hallmann@biehn-und-professionals.de<\/a><\/p>\n\n\n\n<p class=\"has-text-align-center\">Haftungshinweis:<\/p>\n\n\n\n<p class=\"has-text-align-center\">Trotz sorgf\u00e4ltiger inhaltlicher Kontrolle \u00fcbernehmen wir keine Haftung f\u00fcr die Inhalte externer Links. F\u00fcr den Inhalt der verlinkten Seiten sind ausschlie\u00dflich deren Betreiber verantwortlich.<\/p>\n<\/div><\/div>\n<\/div><\/div>\n","protected":false},"excerpt":{"rendered":"<p>Impressum ASO GmbHHansastra\u00dfe 5259557 LippstadtTel. 0 29 41 \/ 97 93 0Fax. 0 29 41 \/ 97 93 299 aso-eu@asosafety.com VertretungsbefugnisGesetzlicher Vertreter im Sinne des \u00a7 26 BGB istGesch\u00e4ftsf\u00fchrer Helmut Friedrich und Daniel Verhufen Registergericht: Amtsgericht PaderbornRegisternummer: HRB 1163USt.-IDNr.: DE126316194St.Nr.: 330\/5703\/2780 WEEE-Reg-Nr. DE 83850640 Verantwortlich i. S. D. \u00a7 55 Abs. 2 RStVMelissa Ro\u00dfHansastra\u00dfe 5259557&#8230;<\/p>\n","protected":false},"author":5,"featured_media":0,"parent":0,"menu_order":0,"comment_status":"closed","ping_status":"closed","template":"","meta":{"_kad_blocks_custom_css":"","_kad_blocks_head_custom_js":"","_kad_blocks_body_custom_js":"","_kad_blocks_footer_custom_js":"","_kad_post_transparent":"","_kad_post_title":"","_kad_post_layout":"","_kad_post_sidebar_id":"","_kad_post_content_style":"","_kad_post_vertical_padding":"","_kad_post_feature":"","_kad_post_feature_position":"","_kad_post_header":false,"_kad_post_footer":false,"_kad_post_classname":"","footnotes":""},"class_list":["post-2829","page","type-page","status-publish","hentry"],"yoast_head":"<!-- This site is optimized with the Yoast SEO Premium plugin v26.2 (Yoast SEO v27.3) - https:\/\/yoast.com\/product\/yoast-seo-premium-wordpress\/ -->\n<title>Impressum - ASO Safety Solutions<\/title>\n<meta name=\"robots\" content=\"index, follow, max-snippet:-1, max-image-preview:large, max-video-preview:-1\" \/>\n<link rel=\"canonical\" href=\"https:\/\/asosafety.com\/de\/impressum-2\/\" \/>\n<meta property=\"og:locale\" content=\"de_DE\" \/>\n<meta property=\"og:type\" content=\"article\" \/>\n<meta property=\"og:title\" content=\"Impressum\" \/>\n<meta property=\"og:description\" content=\"Impressum ASO GmbHHansastra\u00dfe 5259557 LippstadtTel. 0 29 41 \/ 97 93 0Fax. 0 29 41 \/ 97 93 299 aso-eu@asosafety.com VertretungsbefugnisGesetzlicher Vertreter im Sinne des \u00a7 26 BGB istGesch\u00e4ftsf\u00fchrer Helmut Friedrich und Daniel Verhufen Registergericht: Amtsgericht PaderbornRegisternummer: HRB 1163USt.-IDNr.: DE126316194St.Nr.: 330\/5703\/2780 WEEE-Reg-Nr. DE 83850640 Verantwortlich i. S. D. \u00a7 55 Abs. 2 RStVMelissa Ro\u00dfHansastra\u00dfe 5259557...\" \/>\n<meta property=\"og:url\" content=\"https:\/\/asosafety.com\/de\/impressum-2\/\" \/>\n<meta property=\"og:site_name\" content=\"ASO Safety Solutions\" \/>\n<meta property=\"article:modified_time\" content=\"2025-12-09T09:18:10+00:00\" \/>\n<meta name=\"twitter:card\" content=\"summary_large_image\" \/>\n<meta name=\"twitter:label1\" content=\"Gesch\u00e4tzte Lesezeit\" \/>\n\t<meta name=\"twitter:data1\" content=\"1\u00a0Minute\" \/>\n<script type=\"application\/ld+json\" class=\"yoast-schema-graph\">{\"@context\":\"https:\\\/\\\/schema.org\",\"@graph\":[{\"@type\":\"WebPage\",\"@id\":\"https:\\\/\\\/asosafety.com\\\/de\\\/impressum-2\\\/\",\"url\":\"https:\\\/\\\/asosafety.com\\\/de\\\/impressum-2\\\/\",\"name\":\"Impressum - ASO Safety Solutions\",\"isPartOf\":{\"@id\":\"https:\\\/\\\/asosafety.com\\\/de\\\/#website\"},\"primaryImageOfPage\":{\"@id\":\"https:\\\/\\\/asosafety.com\\\/de\\\/impressum-2\\\/#primaryimage\"},\"image\":{\"@id\":\"https:\\\/\\\/asosafety.com\\\/de\\\/impressum-2\\\/#primaryimage\"},\"thumbnailUrl\":\"https:\\\/\\\/asosafety.com\\\/wp-content\\\/uploads\\\/2025\\\/08\\\/20250813_1348_Legal-Page-Header_simple_compose_01k2hm2m36f67bvs4scxkpx6bn.png\",\"datePublished\":\"2025-06-27T06:56:05+00:00\",\"dateModified\":\"2025-12-09T09:18:10+00:00\",\"breadcrumb\":{\"@id\":\"https:\\\/\\\/asosafety.com\\\/de\\\/impressum-2\\\/#breadcrumb\"},\"inLanguage\":\"de\",\"potentialAction\":[{\"@type\":\"ReadAction\",\"target\":[\"https:\\\/\\\/asosafety.com\\\/de\\\/impressum-2\\\/\"]}]},{\"@type\":\"ImageObject\",\"inLanguage\":\"de\",\"@id\":\"https:\\\/\\\/asosafety.com\\\/de\\\/impressum-2\\\/#primaryimage\",\"url\":\"https:\\\/\\\/asosafety.com\\\/wp-content\\\/uploads\\\/2025\\\/08\\\/20250813_1348_Legal-Page-Header_simple_compose_01k2hm2m36f67bvs4scxkpx6bn.png\",\"contentUrl\":\"https:\\\/\\\/asosafety.com\\\/wp-content\\\/uploads\\\/2025\\\/08\\\/20250813_1348_Legal-Page-Header_simple_compose_01k2hm2m36f67bvs4scxkpx6bn.png\"},{\"@type\":\"BreadcrumbList\",\"@id\":\"https:\\\/\\\/asosafety.com\\\/de\\\/impressum-2\\\/#breadcrumb\",\"itemListElement\":[{\"@type\":\"ListItem\",\"position\":1,\"name\":\"Startseite\",\"item\":\"https:\\\/\\\/asosafety.com\\\/de\\\/\"},{\"@type\":\"ListItem\",\"position\":2,\"name\":\"Impressum\"}]},{\"@type\":\"WebSite\",\"@id\":\"https:\\\/\\\/asosafety.com\\\/de\\\/#website\",\"url\":\"https:\\\/\\\/asosafety.com\\\/de\\\/\",\"name\":\"ASO Safety Solutions\",\"description\":\"\",\"publisher\":{\"@id\":\"https:\\\/\\\/asosafety.com\\\/de\\\/#organization\"},\"potentialAction\":[{\"@type\":\"SearchAction\",\"target\":{\"@type\":\"EntryPoint\",\"urlTemplate\":\"https:\\\/\\\/asosafety.com\\\/de\\\/?s={search_term_string}\"},\"query-input\":{\"@type\":\"PropertyValueSpecification\",\"valueRequired\":true,\"valueName\":\"search_term_string\"}}],\"inLanguage\":\"de\"},{\"@type\":\"Organization\",\"@id\":\"https:\\\/\\\/asosafety.com\\\/de\\\/#organization\",\"name\":\"ASO Safety Solutions\",\"alternateName\":\"ASO\",\"url\":\"https:\\\/\\\/asosafety.com\\\/de\\\/\",\"logo\":{\"@type\":\"ImageObject\",\"inLanguage\":\"de\",\"@id\":\"https:\\\/\\\/asosafety.com\\\/de\\\/#\\\/schema\\\/logo\\\/image\\\/\",\"url\":\"https:\\\/\\\/asosafety.com\\\/wp-content\\\/uploads\\\/2025\\\/11\\\/cropped-cropped-ASO-Logo-1.png\",\"contentUrl\":\"https:\\\/\\\/asosafety.com\\\/wp-content\\\/uploads\\\/2025\\\/11\\\/cropped-cropped-ASO-Logo-1.png\",\"width\":200,\"height\":80,\"caption\":\"ASO Safety Solutions\"},\"image\":{\"@id\":\"https:\\\/\\\/asosafety.com\\\/de\\\/#\\\/schema\\\/logo\\\/image\\\/\"},\"sameAs\":[\"https:\\\/\\\/www.linkedin.com\\\/company\\\/aso-safety-solutions\",\"https:\\\/\\\/www.youtube.com\\\/@ASOGmbHDeutschland\",\"https:\\\/\\\/www.instagram.com\\\/ausbildung_aso\\\/\"],\"description\":\"ASO Safety Solutions ist f\u00fchrender Hersteller von Sicherheitssensoren f\u00fcr die Automation Seit \u00fcber 40 Jahren steht die ASO GmbH f\u00fcr innovative Sicherheitssensorik und ma\u00dfgeschneiderte L\u00f6sungen in der Automatisierungstechnik. Als familiengef\u00fchrtes Unternehmen mit Hauptsitz in Lippstadt entwickeln, produzieren und vertreiben wir hochwertige Sicherheitskomponenten f\u00fcr industrielle Anwendungen.\",\"email\":\"info@asosafety.com\",\"telephone\":\"+49294197930\",\"legalName\":\"ASO GmbH\",\"vatID\":\"DE126316194\",\"taxID\":\"330\\\/5703\\\/2780\",\"numberOfEmployees\":{\"@type\":\"QuantitativeValue\",\"minValue\":\"51\",\"maxValue\":\"200\"}}]}<\/script>\n<!-- \/ Yoast SEO Premium plugin. -->","yoast_head_json":{"title":"Impressum - ASO Safety Solutions","robots":{"index":"index","follow":"follow","max-snippet":"max-snippet:-1","max-image-preview":"max-image-preview:large","max-video-preview":"max-video-preview:-1"},"canonical":"https:\/\/asosafety.com\/de\/impressum-2\/","og_locale":"de_DE","og_type":"article","og_title":"Impressum","og_description":"Impressum ASO GmbHHansastra\u00dfe 5259557 LippstadtTel. 0 29 41 \/ 97 93 0Fax. 0 29 41 \/ 97 93 299 aso-eu@asosafety.com VertretungsbefugnisGesetzlicher Vertreter im Sinne des \u00a7 26 BGB istGesch\u00e4ftsf\u00fchrer Helmut Friedrich und Daniel Verhufen Registergericht: Amtsgericht PaderbornRegisternummer: HRB 1163USt.-IDNr.: DE126316194St.Nr.: 330\/5703\/2780 WEEE-Reg-Nr. DE 83850640 Verantwortlich i. S. D. \u00a7 55 Abs. 2 RStVMelissa Ro\u00dfHansastra\u00dfe 5259557...","og_url":"https:\/\/asosafety.com\/de\/impressum-2\/","og_site_name":"ASO Safety Solutions","article_modified_time":"2025-12-09T09:18:10+00:00","twitter_card":"summary_large_image","twitter_misc":{"Gesch\u00e4tzte Lesezeit":"1\u00a0Minute"},"schema":{"@context":"https:\/\/schema.org","@graph":[{"@type":"WebPage","@id":"https:\/\/asosafety.com\/de\/impressum-2\/","url":"https:\/\/asosafety.com\/de\/impressum-2\/","name":"Impressum - ASO Safety Solutions","isPartOf":{"@id":"https:\/\/asosafety.com\/de\/#website"},"primaryImageOfPage":{"@id":"https:\/\/asosafety.com\/de\/impressum-2\/#primaryimage"},"image":{"@id":"https:\/\/asosafety.com\/de\/impressum-2\/#primaryimage"},"thumbnailUrl":"https:\/\/asosafety.com\/wp-content\/uploads\/2025\/08\/20250813_1348_Legal-Page-Header_simple_compose_01k2hm2m36f67bvs4scxkpx6bn.png","datePublished":"2025-06-27T06:56:05+00:00","dateModified":"2025-12-09T09:18:10+00:00","breadcrumb":{"@id":"https:\/\/asosafety.com\/de\/impressum-2\/#breadcrumb"},"inLanguage":"de","potentialAction":[{"@type":"ReadAction","target":["https:\/\/asosafety.com\/de\/impressum-2\/"]}]},{"@type":"ImageObject","inLanguage":"de","@id":"https:\/\/asosafety.com\/de\/impressum-2\/#primaryimage","url":"https:\/\/asosafety.com\/wp-content\/uploads\/2025\/08\/20250813_1348_Legal-Page-Header_simple_compose_01k2hm2m36f67bvs4scxkpx6bn.png","contentUrl":"https:\/\/asosafety.com\/wp-content\/uploads\/2025\/08\/20250813_1348_Legal-Page-Header_simple_compose_01k2hm2m36f67bvs4scxkpx6bn.png"},{"@type":"BreadcrumbList","@id":"https:\/\/asosafety.com\/de\/impressum-2\/#breadcrumb","itemListElement":[{"@type":"ListItem","position":1,"name":"Startseite","item":"https:\/\/asosafety.com\/de\/"},{"@type":"ListItem","position":2,"name":"Impressum"}]},{"@type":"WebSite","@id":"https:\/\/asosafety.com\/de\/#website","url":"https:\/\/asosafety.com\/de\/","name":"ASO Safety Solutions","description":"","publisher":{"@id":"https:\/\/asosafety.com\/de\/#organization"},"potentialAction":[{"@type":"SearchAction","target":{"@type":"EntryPoint","urlTemplate":"https:\/\/asosafety.com\/de\/?s={search_term_string}"},"query-input":{"@type":"PropertyValueSpecification","valueRequired":true,"valueName":"search_term_string"}}],"inLanguage":"de"},{"@type":"Organization","@id":"https:\/\/asosafety.com\/de\/#organization","name":"ASO Safety Solutions","alternateName":"ASO","url":"https:\/\/asosafety.com\/de\/","logo":{"@type":"ImageObject","inLanguage":"de","@id":"https:\/\/asosafety.com\/de\/#\/schema\/logo\/image\/","url":"https:\/\/asosafety.com\/wp-content\/uploads\/2025\/11\/cropped-cropped-ASO-Logo-1.png","contentUrl":"https:\/\/asosafety.com\/wp-content\/uploads\/2025\/11\/cropped-cropped-ASO-Logo-1.png","width":200,"height":80,"caption":"ASO Safety Solutions"},"image":{"@id":"https:\/\/asosafety.com\/de\/#\/schema\/logo\/image\/"},"sameAs":["https:\/\/www.linkedin.com\/company\/aso-safety-solutions","https:\/\/www.youtube.com\/@ASOGmbHDeutschland","https:\/\/www.instagram.com\/ausbildung_aso\/"],"description":"ASO Safety Solutions ist f\u00fchrender Hersteller von Sicherheitssensoren f\u00fcr die Automation Seit \u00fcber 40 Jahren steht die ASO GmbH f\u00fcr innovative Sicherheitssensorik und ma\u00dfgeschneiderte L\u00f6sungen in der Automatisierungstechnik. Als familiengef\u00fchrtes Unternehmen mit Hauptsitz in Lippstadt entwickeln, produzieren und vertreiben wir hochwertige Sicherheitskomponenten f\u00fcr industrielle Anwendungen.","email":"info@asosafety.com","telephone":"+49294197930","legalName":"ASO GmbH","vatID":"DE126316194","taxID":"330\/5703\/2780","numberOfEmployees":{"@type":"QuantitativeValue","minValue":"51","maxValue":"200"}}]}},"taxonomy_info":[],"featured_image_src_large":false,"author_info":{"display_name":"Simon Micheel","author_link":"https:\/\/asosafety.com\/de\/author\/admin-smi\/"},"comment_info":0,"_links":{"self":[{"href":"https:\/\/asosafety.com\/de\/wp-json\/wp\/v2\/pages\/2829","targetHints":{"allow":["GET"]}}],"collection":[{"href":"https:\/\/asosafety.com\/de\/wp-json\/wp\/v2\/pages"}],"about":[{"href":"https:\/\/asosafety.com\/de\/wp-json\/wp\/v2\/types\/page"}],"author":[{"embeddable":true,"href":"https:\/\/asosafety.com\/de\/wp-json\/wp\/v2\/users\/5"}],"replies":[{"embeddable":true,"href":"https:\/\/asosafety.com\/de\/wp-json\/wp\/v2\/comments?post=2829"}],"version-history":[{"count":0,"href":"https:\/\/asosafety.com\/de\/wp-json\/wp\/v2\/pages\/2829\/revisions"}],"wp:attachment":[{"href":"https:\/\/asosafety.com\/de\/wp-json\/wp\/v2\/media?parent=2829"}],"curies":[{"name":"wp","href":"https:\/\/api.w.org\/{rel}","templated":true}]}}