{"id":2709,"date":"2025-06-25T13:32:12","date_gmt":"2025-06-25T11:32:12","guid":{"rendered":"https:\/\/asosafety.biz\/?page_id=2709"},"modified":"2026-03-04T10:07:55","modified_gmt":"2026-03-04T09:07:55","slug":"news-events","status":"publish","type":"page","link":"https:\/\/asosafety.com\/de\/news-events\/","title":{"rendered":"News &amp; Events"},"content":{"rendered":"\n<div class=\"wp-block-group alignfull\"><div class=\"wp-block-group__inner-container is-layout-constrained wp-block-group-is-layout-constrained\">\n<div class=\"wp-block-cover alignfull\" style=\"margin-top:0;min-height:498px;aspect-ratio:unset;\"><img loading=\"lazy\" decoding=\"async\" width=\"1920\" height=\"1280\" class=\"wp-block-cover__image-background wp-image-11805 size-full\" alt=\"\" src=\"https:\/\/asosafety.com\/wp-content\/uploads\/2025\/01\/FJM00186.png\" style=\"object-position:42% 52%\" data-object-fit=\"cover\" data-object-position=\"42% 52%\" srcset=\"https:\/\/asosafety.com\/wp-content\/uploads\/2025\/01\/FJM00186.png 1920w, https:\/\/asosafety.com\/wp-content\/uploads\/2025\/01\/FJM00186-300x200.png 300w, https:\/\/asosafety.com\/wp-content\/uploads\/2025\/01\/FJM00186-1024x683.png 1024w, https:\/\/asosafety.com\/wp-content\/uploads\/2025\/01\/FJM00186-768x512.png 768w, https:\/\/asosafety.com\/wp-content\/uploads\/2025\/01\/FJM00186-1536x1024.png 1536w, https:\/\/asosafety.com\/wp-content\/uploads\/2025\/01\/FJM00186-600x400.png 600w\" sizes=\"auto, (max-width: 1920px) 100vw, 1920px\" \/><span aria-hidden=\"true\" class=\"wp-block-cover__background has-theme-palette-1-background-color has-background-dim-0 has-background-dim\"><\/span><div class=\"wp-block-cover__inner-container is-layout-flow wp-block-cover-is-layout-flow\">\n<div style=\"height:50px\" aria-hidden=\"true\" class=\"wp-block-spacer\"><\/div>\n<\/div><\/div>\n<\/div><\/div>\n\n\n\n<p class=\"has-text-align-center has-theme-palette-3-color has-text-color has-link-color has-xxlarge-font-size wp-elements-eeedbf7c58b3fd7f1bc43251afbe5697\"><strong>Wo Innovation auf Begegnung trifft<\/strong><\/p>\n\n\n\n<p class=\"has-text-align-center has-theme-palette-3-color has-theme-palette-1-background-color has-text-color has-background has-link-color has-medium-font-size wp-elements-d92a037fc5cef6e46c8f50d97fb76e5b\" style=\"border-style:none;border-width:0px;margin-top:0;margin-right:var(--wp--preset--spacing--80);margin-bottom:0;margin-left:var(--wp--preset--spacing--80)\">Unsere Pr\u00e4senz auf Messen und Events spiegelt unsere Leidenschaft f\u00fcr Innovation und Qualit\u00e4t wider. Mit jeder Veranstaltung schaffen wir Begegnungen, die verbinden &#8211; sei es mit Kunden, Partnern oder der Branche insgesamt. Wir pr\u00e4sentieren unsere L\u00f6sungen anschaulich, inspirieren durch Kompetenz und Engagement und gestalten Erlebnisse, die nachhaltig Eindruck hinterlassen.<\/p>\n\n\n<style>.kb-row-layout-id2709_8b8d9c-db > .kt-row-column-wrap{align-content:start;}:where(.kb-row-layout-id2709_8b8d9c-db > .kt-row-column-wrap) > .wp-block-kadence-column{justify-content:start;}.kb-row-layout-id2709_8b8d9c-db > .kt-row-column-wrap{column-gap:var(--global-kb-gap-md, 2rem);row-gap:var(--global-kb-gap-md, 2rem);max-width:1314px;margin-left:auto;margin-right:auto;padding-top:var(--global-kb-spacing-sm, 1.5rem);padding-bottom:var(--global-kb-spacing-sm, 1.5rem);grid-template-columns:repeat(2, minmax(0, 1fr));}.kb-row-layout-id2709_8b8d9c-db > .kt-row-layout-overlay{opacity:0.30;}@media all and (max-width: 1024px){.kb-row-layout-id2709_8b8d9c-db > .kt-row-column-wrap{grid-template-columns:repeat(2, minmax(0, 1fr));}}@media all and (max-width: 767px){.kb-row-layout-id2709_8b8d9c-db > .kt-row-column-wrap{grid-template-columns:minmax(0, 1fr);}}<\/style><div class=\"kb-row-layout-wrap kb-row-layout-id2709_8b8d9c-db alignnone wp-block-kadence-rowlayout\"><div class=\"kt-row-column-wrap kt-has-2-columns kt-row-layout-equal kt-tab-layout-inherit kt-mobile-layout-row kt-row-valign-top\">\n<style>.kadence-column2709_9524f3-e4 > .kt-inside-inner-col,.kadence-column2709_9524f3-e4 > .kt-inside-inner-col:before{border-top-left-radius:0px;border-top-right-radius:0px;border-bottom-right-radius:0px;border-bottom-left-radius:0px;}.kadence-column2709_9524f3-e4 > .kt-inside-inner-col{column-gap:var(--global-kb-gap-sm, 1rem);}.kadence-column2709_9524f3-e4 > .kt-inside-inner-col{flex-direction:column;}.kadence-column2709_9524f3-e4 > .kt-inside-inner-col > .aligncenter{width:100%;}.kadence-column2709_9524f3-e4 > .kt-inside-inner-col:before{opacity:0.3;}.kadence-column2709_9524f3-e4{position:relative;}@media all and (max-width: 1024px){.kadence-column2709_9524f3-e4 > .kt-inside-inner-col{flex-direction:column;justify-content:center;}}@media all and (max-width: 767px){.kadence-column2709_9524f3-e4 > .kt-inside-inner-col{flex-direction:column;justify-content:center;}}<\/style>\n<div class=\"wp-block-kadence-column kadence-column2709_9524f3-e4\"><div class=\"kt-inside-inner-col\"><style>.wp-block-kadence-advancedheading.kt-adv-heading2709_33f2a6-8c, .wp-block-kadence-advancedheading.kt-adv-heading2709_33f2a6-8c[data-kb-block=\"kb-adv-heading2709_33f2a6-8c\"]{text-align:center;font-style:normal;text-transform:none;}.wp-block-kadence-advancedheading.kt-adv-heading2709_33f2a6-8c mark.kt-highlight, .wp-block-kadence-advancedheading.kt-adv-heading2709_33f2a6-8c[data-kb-block=\"kb-adv-heading2709_33f2a6-8c\"] mark.kt-highlight{font-style:normal;color:#f76a0c;-webkit-box-decoration-break:clone;box-decoration-break:clone;padding-top:0px;padding-right:0px;padding-bottom:0px;padding-left:0px;}.wp-block-kadence-advancedheading.kt-adv-heading2709_33f2a6-8c img.kb-inline-image, .wp-block-kadence-advancedheading.kt-adv-heading2709_33f2a6-8c[data-kb-block=\"kb-adv-heading2709_33f2a6-8c\"] img.kb-inline-image{width:150px;vertical-align:baseline;}<\/style>\n<h2 class=\"kt-adv-heading2709_33f2a6-8c wp-block-kadence-advancedheading\" data-kb-block=\"kb-adv-heading2709_33f2a6-8c\"><a href=\"https:\/\/asosafety.com\/de\/news\/\">News<\/a><\/h2>\n\n\n<style>.kb-image2709_21ab0b-32.kb-image-is-ratio-size, .kb-image2709_21ab0b-32 .kb-image-is-ratio-size{max-width:395px;width:100%;}.wp-block-kadence-column > .kt-inside-inner-col > .kb-image2709_21ab0b-32.kb-image-is-ratio-size, .wp-block-kadence-column > .kt-inside-inner-col > .kb-image2709_21ab0b-32 .kb-image-is-ratio-size{align-self:unset;}.kb-image2709_21ab0b-32 figure{max-width:395px;}.kb-image2709_21ab0b-32 .image-is-svg, .kb-image2709_21ab0b-32 .image-is-svg img{width:100%;}.kb-image2709_21ab0b-32 .kb-image-has-overlay:after{opacity:0.3;}.kb-image2709_21ab0b-32 img.kb-img, .kb-image2709_21ab0b-32 .kb-img img{object-position:50% 49%;}<\/style>\n<div class=\"wp-block-kadence-image kb-image2709_21ab0b-32\"><figure class=\"aligncenter size-full kb-image-is-ratio-size\"><a href=\"https:\/\/asosafety.com\/de\/news\/\" class=\"kb-advanced-image-link\"><div class=\"kb-is-ratio-image kb-image-ratio-square\"><img loading=\"lazy\" decoding=\"async\" width=\"512\" height=\"512\" src=\"https:\/\/asosafety.com\/wp-content\/uploads\/2025\/12\/megaphone.png\" alt=\"\" class=\"kb-img wp-image-15120\" srcset=\"https:\/\/asosafety.com\/wp-content\/uploads\/2025\/12\/megaphone.png 512w, https:\/\/asosafety.com\/wp-content\/uploads\/2025\/12\/megaphone-300x300.png 300w, https:\/\/asosafety.com\/wp-content\/uploads\/2025\/12\/megaphone-150x150.png 150w, https:\/\/asosafety.com\/wp-content\/uploads\/2025\/12\/megaphone-100x100.png 100w\" sizes=\"auto, (max-width: 512px) 100vw, 512px\" \/><\/div><\/a><\/figure><\/div>\n<\/div><\/div>\n\n\n<style>.kadence-column2709_3f45a3-19 > .kt-inside-inner-col,.kadence-column2709_3f45a3-19 > .kt-inside-inner-col:before{border-top-left-radius:0px;border-top-right-radius:0px;border-bottom-right-radius:0px;border-bottom-left-radius:0px;}.kadence-column2709_3f45a3-19 > .kt-inside-inner-col{column-gap:var(--global-kb-gap-sm, 1rem);}.kadence-column2709_3f45a3-19 > .kt-inside-inner-col{flex-direction:column;}.kadence-column2709_3f45a3-19 > .kt-inside-inner-col > .aligncenter{width:100%;}.kadence-column2709_3f45a3-19 > .kt-inside-inner-col:before{opacity:0.3;}.kadence-column2709_3f45a3-19{position:relative;}@media all and (max-width: 1024px){.kadence-column2709_3f45a3-19 > .kt-inside-inner-col{flex-direction:column;justify-content:center;}}@media all and (max-width: 767px){.kadence-column2709_3f45a3-19 > .kt-inside-inner-col{flex-direction:column;justify-content:center;}}<\/style>\n<div class=\"wp-block-kadence-column kadence-column2709_3f45a3-19\"><div class=\"kt-inside-inner-col\"><style>.wp-block-kadence-advancedheading.kt-adv-heading2709_af610e-9d, .wp-block-kadence-advancedheading.kt-adv-heading2709_af610e-9d[data-kb-block=\"kb-adv-heading2709_af610e-9d\"]{text-align:center;font-style:normal;}.wp-block-kadence-advancedheading.kt-adv-heading2709_af610e-9d mark.kt-highlight, .wp-block-kadence-advancedheading.kt-adv-heading2709_af610e-9d[data-kb-block=\"kb-adv-heading2709_af610e-9d\"] mark.kt-highlight{font-style:normal;color:#f76a0c;-webkit-box-decoration-break:clone;box-decoration-break:clone;padding-top:0px;padding-right:0px;padding-bottom:0px;padding-left:0px;}.wp-block-kadence-advancedheading.kt-adv-heading2709_af610e-9d img.kb-inline-image, .wp-block-kadence-advancedheading.kt-adv-heading2709_af610e-9d[data-kb-block=\"kb-adv-heading2709_af610e-9d\"] img.kb-inline-image{width:150px;vertical-align:baseline;}<\/style>\n<h2 class=\"kt-adv-heading2709_af610e-9d wp-block-kadence-advancedheading\" data-kb-block=\"kb-adv-heading2709_af610e-9d\"><a href=\"https:\/\/asosafety.com\/de\/messen\/\">Events<\/a><\/h2>\n\n\n<style>.kb-image2709_ccdb36-ea.kb-image-is-ratio-size, .kb-image2709_ccdb36-ea .kb-image-is-ratio-size{max-width:638px;width:100%;}.wp-block-kadence-column > .kt-inside-inner-col > .kb-image2709_ccdb36-ea.kb-image-is-ratio-size, .wp-block-kadence-column > .kt-inside-inner-col > .kb-image2709_ccdb36-ea .kb-image-is-ratio-size{align-self:unset;}.kb-image2709_ccdb36-ea figure{max-width:638px;}.kb-image2709_ccdb36-ea .image-is-svg, .kb-image2709_ccdb36-ea .image-is-svg img{width:100%;}.kb-image2709_ccdb36-ea .kb-image-has-overlay:after{opacity:0.3;}.kb-image2709_ccdb36-ea img.kb-img, .kb-image2709_ccdb36-ea .kb-img img{object-position:46% 64%;}<\/style>\n<div class=\"wp-block-kadence-image kb-image2709_ccdb36-ea\"><figure class=\"aligncenter size-full kb-image-is-ratio-size\"><a href=\"https:\/\/asosafety.com\/de\/messen\/\" class=\"kb-advanced-image-link\"><div class=\"kb-is-ratio-image kb-image-ratio-land169\"><img loading=\"lazy\" decoding=\"async\" width=\"1920\" height=\"1280\" src=\"https:\/\/asosafety.com\/wp-content\/uploads\/2025\/01\/FJM00332.png\" alt=\"\" class=\"kb-img wp-image-11811\" srcset=\"https:\/\/asosafety.com\/wp-content\/uploads\/2025\/01\/FJM00332.png 1920w, https:\/\/asosafety.com\/wp-content\/uploads\/2025\/01\/FJM00332-300x200.png 300w, https:\/\/asosafety.com\/wp-content\/uploads\/2025\/01\/FJM00332-1024x683.png 1024w, https:\/\/asosafety.com\/wp-content\/uploads\/2025\/01\/FJM00332-768x512.png 768w, https:\/\/asosafety.com\/wp-content\/uploads\/2025\/01\/FJM00332-1536x1024.png 1536w, https:\/\/asosafety.com\/wp-content\/uploads\/2025\/01\/FJM00332-600x400.png 600w\" sizes=\"auto, (max-width: 1920px) 100vw, 1920px\" \/><\/div><\/a><\/figure><\/div>\n<\/div><\/div>\n\n<\/div><\/div>\n\n\n<p><\/p>\n\n\n\n<p><\/p>\n","protected":false},"excerpt":{"rendered":"<p>Wo Innovation auf Begegnung trifft Unsere Pr\u00e4senz auf Messen und Events spiegelt unsere Leidenschaft f\u00fcr Innovation und Qualit\u00e4t wider. Mit jeder Veranstaltung schaffen wir Begegnungen, die verbinden &#8211; sei es mit Kunden, Partnern oder der Branche insgesamt. Wir pr\u00e4sentieren unsere L\u00f6sungen anschaulich, inspirieren durch Kompetenz und Engagement und gestalten Erlebnisse, die nachhaltig Eindruck hinterlassen. News&#8230;<\/p>\n","protected":false},"author":3,"featured_media":0,"parent":0,"menu_order":0,"comment_status":"closed","ping_status":"closed","template":"","meta":{"_kad_blocks_custom_css":"","_kad_blocks_head_custom_js":"","_kad_blocks_body_custom_js":"","_kad_blocks_footer_custom_js":"","_kad_post_transparent":"","_kad_post_title":"","_kad_post_layout":"","_kad_post_sidebar_id":"","_kad_post_content_style":"","_kad_post_vertical_padding":"","_kad_post_feature":"","_kad_post_feature_position":"","_kad_post_header":false,"_kad_post_footer":false,"_kad_post_classname":"","footnotes":""},"class_list":["post-2709","page","type-page","status-publish","hentry"],"yoast_head":"<!-- This site is optimized with the Yoast SEO Premium plugin v26.2 (Yoast SEO v27.4) - https:\/\/yoast.com\/product\/yoast-seo-premium-wordpress\/ -->\n<title>News &amp; Events - ASO Safety Solutions<\/title>\n<meta name=\"robots\" content=\"index, follow, max-snippet:-1, max-image-preview:large, max-video-preview:-1\" \/>\n<link rel=\"canonical\" href=\"https:\/\/asosafety.com\/de\/news-events\/\" \/>\n<meta property=\"og:locale\" content=\"de_DE\" \/>\n<meta property=\"og:type\" content=\"article\" \/>\n<meta property=\"og:title\" content=\"News &amp; Events\" \/>\n<meta property=\"og:description\" content=\"Wo Innovation auf Begegnung trifft Unsere Pr\u00e4senz auf Messen und Events spiegelt unsere Leidenschaft f\u00fcr Innovation und Qualit\u00e4t wider. Mit jeder Veranstaltung schaffen wir Begegnungen, die verbinden &#8211; sei es mit Kunden, Partnern oder der Branche insgesamt. Wir pr\u00e4sentieren unsere L\u00f6sungen anschaulich, inspirieren durch Kompetenz und Engagement und gestalten Erlebnisse, die nachhaltig Eindruck hinterlassen. News...\" \/>\n<meta property=\"og:url\" content=\"https:\/\/asosafety.com\/de\/news-events\/\" \/>\n<meta property=\"og:site_name\" content=\"ASO Safety Solutions\" \/>\n<meta property=\"article:modified_time\" content=\"2026-03-04T09:07:55+00:00\" \/>\n<meta property=\"og:image\" content=\"https:\/\/asosafety.com\/wp-content\/uploads\/2025\/01\/FJM00186-1024x683.png\" \/>\n\t<meta property=\"og:image:width\" content=\"1024\" \/>\n\t<meta property=\"og:image:height\" content=\"683\" \/>\n\t<meta property=\"og:image:type\" content=\"image\/png\" \/>\n<meta name=\"twitter:card\" content=\"summary_large_image\" \/>\n<meta name=\"twitter:label1\" content=\"Gesch\u00e4tzte Lesezeit\" \/>\n\t<meta name=\"twitter:data1\" content=\"1\u00a0Minute\" \/>\n<script type=\"application\/ld+json\" class=\"yoast-schema-graph\">{\"@context\":\"https:\\\/\\\/schema.org\",\"@graph\":[{\"@type\":\"WebPage\",\"@id\":\"https:\\\/\\\/asosafety.com\\\/de\\\/news-events\\\/\",\"url\":\"https:\\\/\\\/asosafety.com\\\/de\\\/news-events\\\/\",\"name\":\"News &amp; Events - ASO Safety Solutions\",\"isPartOf\":{\"@id\":\"https:\\\/\\\/asosafety.com\\\/de\\\/#website\"},\"primaryImageOfPage\":{\"@id\":\"https:\\\/\\\/asosafety.com\\\/de\\\/news-events\\\/#primaryimage\"},\"image\":{\"@id\":\"https:\\\/\\\/asosafety.com\\\/de\\\/news-events\\\/#primaryimage\"},\"thumbnailUrl\":\"https:\\\/\\\/asosafety.com\\\/wp-content\\\/uploads\\\/2025\\\/01\\\/FJM00186.png\",\"datePublished\":\"2025-06-25T11:32:12+00:00\",\"dateModified\":\"2026-03-04T09:07:55+00:00\",\"breadcrumb\":{\"@id\":\"https:\\\/\\\/asosafety.com\\\/de\\\/news-events\\\/#breadcrumb\"},\"inLanguage\":\"de\",\"potentialAction\":[{\"@type\":\"ReadAction\",\"target\":[\"https:\\\/\\\/asosafety.com\\\/de\\\/news-events\\\/\"]}]},{\"@type\":\"ImageObject\",\"inLanguage\":\"de\",\"@id\":\"https:\\\/\\\/asosafety.com\\\/de\\\/news-events\\\/#primaryimage\",\"url\":\"https:\\\/\\\/asosafety.com\\\/wp-content\\\/uploads\\\/2025\\\/01\\\/FJM00186.png\",\"contentUrl\":\"https:\\\/\\\/asosafety.com\\\/wp-content\\\/uploads\\\/2025\\\/01\\\/FJM00186.png\"},{\"@type\":\"BreadcrumbList\",\"@id\":\"https:\\\/\\\/asosafety.com\\\/de\\\/news-events\\\/#breadcrumb\",\"itemListElement\":[{\"@type\":\"ListItem\",\"position\":1,\"name\":\"Startseite\",\"item\":\"https:\\\/\\\/asosafety.com\\\/de\\\/\"},{\"@type\":\"ListItem\",\"position\":2,\"name\":\"News &amp; Events\"}]},{\"@type\":\"WebSite\",\"@id\":\"https:\\\/\\\/asosafety.com\\\/de\\\/#website\",\"url\":\"https:\\\/\\\/asosafety.com\\\/de\\\/\",\"name\":\"ASO Safety Solutions\",\"description\":\"\",\"publisher\":{\"@id\":\"https:\\\/\\\/asosafety.com\\\/de\\\/#organization\"},\"potentialAction\":[{\"@type\":\"SearchAction\",\"target\":{\"@type\":\"EntryPoint\",\"urlTemplate\":\"https:\\\/\\\/asosafety.com\\\/de\\\/?s={search_term_string}\"},\"query-input\":{\"@type\":\"PropertyValueSpecification\",\"valueRequired\":true,\"valueName\":\"search_term_string\"}}],\"inLanguage\":\"de\"},{\"@type\":\"Organization\",\"@id\":\"https:\\\/\\\/asosafety.com\\\/de\\\/#organization\",\"name\":\"ASO Safety Solutions\",\"alternateName\":\"ASO\",\"url\":\"https:\\\/\\\/asosafety.com\\\/de\\\/\",\"logo\":{\"@type\":\"ImageObject\",\"inLanguage\":\"de\",\"@id\":\"https:\\\/\\\/asosafety.com\\\/de\\\/#\\\/schema\\\/logo\\\/image\\\/\",\"url\":\"https:\\\/\\\/asosafety.com\\\/wp-content\\\/uploads\\\/2025\\\/11\\\/cropped-cropped-ASO-Logo-1.png\",\"contentUrl\":\"https:\\\/\\\/asosafety.com\\\/wp-content\\\/uploads\\\/2025\\\/11\\\/cropped-cropped-ASO-Logo-1.png\",\"width\":200,\"height\":80,\"caption\":\"ASO Safety Solutions\"},\"image\":{\"@id\":\"https:\\\/\\\/asosafety.com\\\/de\\\/#\\\/schema\\\/logo\\\/image\\\/\"},\"sameAs\":[\"https:\\\/\\\/www.linkedin.com\\\/company\\\/aso-safety-solutions\",\"https:\\\/\\\/www.youtube.com\\\/@ASOGmbHDeutschland\",\"https:\\\/\\\/www.instagram.com\\\/ausbildung_aso\\\/\"],\"description\":\"ASO Safety Solutions ist f\u00fchrender Hersteller von Sicherheitssensoren f\u00fcr die Automation Seit \u00fcber 40 Jahren steht die ASO GmbH f\u00fcr innovative Sicherheitssensorik und ma\u00dfgeschneiderte L\u00f6sungen in der Automatisierungstechnik. Als familiengef\u00fchrtes Unternehmen mit Hauptsitz in Lippstadt entwickeln, produzieren und vertreiben wir hochwertige Sicherheitskomponenten f\u00fcr industrielle Anwendungen.\",\"email\":\"info@asosafety.com\",\"telephone\":\"+49294197930\",\"legalName\":\"ASO GmbH\",\"vatID\":\"DE126316194\",\"taxID\":\"330\\\/5703\\\/2780\",\"numberOfEmployees\":{\"@type\":\"QuantitativeValue\",\"minValue\":\"51\",\"maxValue\":\"200\"}}]}<\/script>\n<!-- \/ Yoast SEO Premium plugin. -->","yoast_head_json":{"title":"News &amp; Events - ASO Safety Solutions","robots":{"index":"index","follow":"follow","max-snippet":"max-snippet:-1","max-image-preview":"max-image-preview:large","max-video-preview":"max-video-preview:-1"},"canonical":"https:\/\/asosafety.com\/de\/news-events\/","og_locale":"de_DE","og_type":"article","og_title":"News &amp; Events","og_description":"Wo Innovation auf Begegnung trifft Unsere Pr\u00e4senz auf Messen und Events spiegelt unsere Leidenschaft f\u00fcr Innovation und Qualit\u00e4t wider. Mit jeder Veranstaltung schaffen wir Begegnungen, die verbinden &#8211; sei es mit Kunden, Partnern oder der Branche insgesamt. Wir pr\u00e4sentieren unsere L\u00f6sungen anschaulich, inspirieren durch Kompetenz und Engagement und gestalten Erlebnisse, die nachhaltig Eindruck hinterlassen. News...","og_url":"https:\/\/asosafety.com\/de\/news-events\/","og_site_name":"ASO Safety Solutions","article_modified_time":"2026-03-04T09:07:55+00:00","og_image":[{"width":1024,"height":683,"url":"https:\/\/asosafety.com\/wp-content\/uploads\/2025\/01\/FJM00186-1024x683.png","type":"image\/png"}],"twitter_card":"summary_large_image","twitter_misc":{"Gesch\u00e4tzte Lesezeit":"1\u00a0Minute"},"schema":{"@context":"https:\/\/schema.org","@graph":[{"@type":"WebPage","@id":"https:\/\/asosafety.com\/de\/news-events\/","url":"https:\/\/asosafety.com\/de\/news-events\/","name":"News &amp; Events - ASO Safety Solutions","isPartOf":{"@id":"https:\/\/asosafety.com\/de\/#website"},"primaryImageOfPage":{"@id":"https:\/\/asosafety.com\/de\/news-events\/#primaryimage"},"image":{"@id":"https:\/\/asosafety.com\/de\/news-events\/#primaryimage"},"thumbnailUrl":"https:\/\/asosafety.com\/wp-content\/uploads\/2025\/01\/FJM00186.png","datePublished":"2025-06-25T11:32:12+00:00","dateModified":"2026-03-04T09:07:55+00:00","breadcrumb":{"@id":"https:\/\/asosafety.com\/de\/news-events\/#breadcrumb"},"inLanguage":"de","potentialAction":[{"@type":"ReadAction","target":["https:\/\/asosafety.com\/de\/news-events\/"]}]},{"@type":"ImageObject","inLanguage":"de","@id":"https:\/\/asosafety.com\/de\/news-events\/#primaryimage","url":"https:\/\/asosafety.com\/wp-content\/uploads\/2025\/01\/FJM00186.png","contentUrl":"https:\/\/asosafety.com\/wp-content\/uploads\/2025\/01\/FJM00186.png"},{"@type":"BreadcrumbList","@id":"https:\/\/asosafety.com\/de\/news-events\/#breadcrumb","itemListElement":[{"@type":"ListItem","position":1,"name":"Startseite","item":"https:\/\/asosafety.com\/de\/"},{"@type":"ListItem","position":2,"name":"News &amp; Events"}]},{"@type":"WebSite","@id":"https:\/\/asosafety.com\/de\/#website","url":"https:\/\/asosafety.com\/de\/","name":"ASO Safety Solutions","description":"","publisher":{"@id":"https:\/\/asosafety.com\/de\/#organization"},"potentialAction":[{"@type":"SearchAction","target":{"@type":"EntryPoint","urlTemplate":"https:\/\/asosafety.com\/de\/?s={search_term_string}"},"query-input":{"@type":"PropertyValueSpecification","valueRequired":true,"valueName":"search_term_string"}}],"inLanguage":"de"},{"@type":"Organization","@id":"https:\/\/asosafety.com\/de\/#organization","name":"ASO Safety Solutions","alternateName":"ASO","url":"https:\/\/asosafety.com\/de\/","logo":{"@type":"ImageObject","inLanguage":"de","@id":"https:\/\/asosafety.com\/de\/#\/schema\/logo\/image\/","url":"https:\/\/asosafety.com\/wp-content\/uploads\/2025\/11\/cropped-cropped-ASO-Logo-1.png","contentUrl":"https:\/\/asosafety.com\/wp-content\/uploads\/2025\/11\/cropped-cropped-ASO-Logo-1.png","width":200,"height":80,"caption":"ASO Safety Solutions"},"image":{"@id":"https:\/\/asosafety.com\/de\/#\/schema\/logo\/image\/"},"sameAs":["https:\/\/www.linkedin.com\/company\/aso-safety-solutions","https:\/\/www.youtube.com\/@ASOGmbHDeutschland","https:\/\/www.instagram.com\/ausbildung_aso\/"],"description":"ASO Safety Solutions ist f\u00fchrender Hersteller von Sicherheitssensoren f\u00fcr die Automation Seit \u00fcber 40 Jahren steht die ASO GmbH f\u00fcr innovative Sicherheitssensorik und ma\u00dfgeschneiderte L\u00f6sungen in der Automatisierungstechnik. Als familiengef\u00fchrtes Unternehmen mit Hauptsitz in Lippstadt entwickeln, produzieren und vertreiben wir hochwertige Sicherheitskomponenten f\u00fcr industrielle Anwendungen.","email":"info@asosafety.com","telephone":"+49294197930","legalName":"ASO GmbH","vatID":"DE126316194","taxID":"330\/5703\/2780","numberOfEmployees":{"@type":"QuantitativeValue","minValue":"51","maxValue":"200"}}]}},"taxonomy_info":[],"featured_image_src_large":false,"author_info":{"display_name":"wp-asoadmin","author_link":"https:\/\/asosafety.com\/de\/author\/wp-asoadmin\/"},"comment_info":0,"_links":{"self":[{"href":"https:\/\/asosafety.com\/de\/wp-json\/wp\/v2\/pages\/2709","targetHints":{"allow":["GET"]}}],"collection":[{"href":"https:\/\/asosafety.com\/de\/wp-json\/wp\/v2\/pages"}],"about":[{"href":"https:\/\/asosafety.com\/de\/wp-json\/wp\/v2\/types\/page"}],"author":[{"embeddable":true,"href":"https:\/\/asosafety.com\/de\/wp-json\/wp\/v2\/users\/3"}],"replies":[{"embeddable":true,"href":"https:\/\/asosafety.com\/de\/wp-json\/wp\/v2\/comments?post=2709"}],"version-history":[{"count":6,"href":"https:\/\/asosafety.com\/de\/wp-json\/wp\/v2\/pages\/2709\/revisions"}],"predecessor-version":[{"id":17901,"href":"https:\/\/asosafety.com\/de\/wp-json\/wp\/v2\/pages\/2709\/revisions\/17901"}],"wp:attachment":[{"href":"https:\/\/asosafety.com\/de\/wp-json\/wp\/v2\/media?parent=2709"}],"curies":[{"name":"wp","href":"https:\/\/api.w.org\/{rel}","templated":true}]}}