{"id":18063,"date":"2026-03-06T09:57:05","date_gmt":"2026-03-06T08:57:05","guid":{"rendered":"https:\/\/asosafety.com\/?page_id=18063"},"modified":"2026-03-06T11:42:20","modified_gmt":"2026-03-06T10:42:20","slug":"lisensscan-error-page","status":"publish","type":"page","link":"https:\/\/asosafety.com\/de\/lisensscan-error-page\/","title":{"rendered":"LISENSscan Error Page"},"content":{"rendered":"<style>.kb-row-layout-wrap.wp-block-kadence-rowlayout.kb-row-layout-id18063_5644de-10{margin-top:0px;margin-bottom:0px;}.kb-row-layout-id18063_5644de-10 > .kt-row-column-wrap{align-content:center;}:where(.kb-row-layout-id18063_5644de-10 > .kt-row-column-wrap) > .wp-block-kadence-column{justify-content:center;}.kb-row-layout-id18063_5644de-10 > .kt-row-column-wrap{column-gap:var(--global-kb-gap-none, 0rem );row-gap:var(--global-kb-gap-md, 2rem);max-width:var( --global-content-width, 2000px );padding-left:var(--global-content-edge-padding);padding-right:var(--global-content-edge-padding);padding-top:var(--global-kb-spacing-5xl, 10rem);padding-bottom:var(--global-kb-spacing-5xl, 10rem);min-height:750px;grid-template-columns:minmax(0, 1fr);}.kb-row-layout-id18063_5644de-10{background-color:var(--global-palette3, #1A202C);background-image:url('https:\/\/asosafety.com\/wp-content\/uploads\/2025\/01\/20241008-Radar-Final-outdoor-scaled.png');background-size:cover;background-position:47% 69%;background-attachment:fixed;background-repeat:no-repeat;}.kb-row-layout-id18063_5644de-10 > .kt-row-layout-overlay{opacity:0.65;background-color:rgba(0, 0, 0, 0.5);}@media all and (max-width: 1024px), only screen and (min-device-width: 1024px) and (max-device-width: 1366px) and (-webkit-min-device-pixel-ratio: 2) and (hover: none){.kb-row-layout-id18063_5644de-10{background-attachment:scroll;}}@media all and (max-width: 1024px){.kb-row-layout-id18063_5644de-10 > .kt-row-column-wrap{padding-top:var(--global-kb-spacing-3xl, 6.5rem);padding-right:var(--global-kb-spacing-3xl, 6.5rem);padding-bottom:var(--global-kb-spacing-xl, 4rem);padding-left:var(--global-kb-spacing-xl, 4rem);grid-template-columns:minmax(0, 1fr);}}@media all and (max-width: 767px){.kb-row-layout-id18063_5644de-10 > .kt-row-column-wrap{padding-right:var(--global-kb-spacing-xs, 1rem);padding-left:var(--global-kb-spacing-xs, 1rem);grid-template-columns:minmax(0, 1fr);}}<\/style><div class=\"kb-row-layout-wrap kb-row-layout-id18063_5644de-10 alignfull kt-row-has-bg kt-jarallax wp-block-kadence-rowlayout\" data-img-position=\"47% 69%\" data-img-size=\"cover\"><div class=\"kt-row-layout-overlay kt-row-overlay-normal\"><\/div><div class=\"kt-row-column-wrap kt-has-1-columns kt-row-layout-equal kt-tab-layout-inherit kt-mobile-layout-row kt-row-valign-middle kb-theme-content-width\">\n<style>.kadence-column18063_41479f-3a > .kt-inside-inner-col,.kadence-column18063_41479f-3a > .kt-inside-inner-col:before{border-top-left-radius:0px;border-top-right-radius:0px;border-bottom-right-radius:0px;border-bottom-left-radius:0px;}.kadence-column18063_41479f-3a > .kt-inside-inner-col{column-gap:var(--global-kb-gap-sm, 1rem);}.kadence-column18063_41479f-3a > .kt-inside-inner-col{flex-direction:column;}.kadence-column18063_41479f-3a > .kt-inside-inner-col > .aligncenter{width:100%;}.kadence-column18063_41479f-3a > .kt-inside-inner-col:before{opacity:0.3;}.kadence-column18063_41479f-3a{position:relative;}@media all and (max-width: 1024px){.kadence-column18063_41479f-3a > .kt-inside-inner-col{flex-direction:column;justify-content:center;}}@media all and (max-width: 767px){.kadence-column18063_41479f-3a > .kt-inside-inner-col{flex-direction:column;justify-content:center;}}<\/style>\n<div class=\"wp-block-kadence-column kadence-column18063_41479f-3a\"><div class=\"kt-inside-inner-col\"><style>.wp-block-kadence-advancedheading.kt-adv-heading18063_9456c7-e8, .wp-block-kadence-advancedheading.kt-adv-heading18063_9456c7-e8[data-kb-block=\"kb-adv-heading18063_9456c7-e8\"]{text-align:center;font-style:normal;text-transform:none;background-color:rgba(255,0,0,0.64);}.wp-block-kadence-advancedheading.kt-adv-heading18063_9456c7-e8 mark.kt-highlight, .wp-block-kadence-advancedheading.kt-adv-heading18063_9456c7-e8[data-kb-block=\"kb-adv-heading18063_9456c7-e8\"] mark.kt-highlight{font-style:normal;color:#f76a0c;-webkit-box-decoration-break:clone;box-decoration-break:clone;padding-top:0px;padding-right:0px;padding-bottom:0px;padding-left:0px;}.wp-block-kadence-advancedheading.kt-adv-heading18063_9456c7-e8 img.kb-inline-image, .wp-block-kadence-advancedheading.kt-adv-heading18063_9456c7-e8[data-kb-block=\"kb-adv-heading18063_9456c7-e8\"] img.kb-inline-image{width:150px;vertical-align:baseline;}<\/style>\n<h2 class=\"kt-adv-heading18063_9456c7-e8 wp-block-kadence-advancedheading has-theme-palette-1-color has-text-color\" data-kb-block=\"kb-adv-heading18063_9456c7-e8\"><br>Bitte trennen Sie Ihr Ger\u00e4t vom Internet bzw. schalten Sie die mobilen Daten aus, um mit der Installation des LISENS scan Radarsensors zu beginnen.<br><br>Please disconnect your device from the internet or turn off mobile data to begin the installation of the LISENS Scan radar sensor.\u00a0<br><\/h2>\n<\/div><\/div>\n\n<\/div><\/div>\n\n<style>.kb-row-layout-id18063_9e7fd0-cf > .kt-row-column-wrap{align-content:start;}:where(.kb-row-layout-id18063_9e7fd0-cf > .kt-row-column-wrap) > .wp-block-kadence-column{justify-content:start;}.kb-row-layout-id18063_9e7fd0-cf > .kt-row-column-wrap{column-gap:var(--global-kb-gap-md, 2rem);row-gap:var(--global-kb-gap-md, 2rem);padding-top:var(--global-kb-spacing-lg, 3rem);padding-bottom:var(--global-kb-spacing-5xl, 10rem);}.kb-row-layout-id18063_9e7fd0-cf > .kt-row-column-wrap > div:not(.added-for-specificity){grid-column:initial;}.kb-row-layout-id18063_9e7fd0-cf > .kt-row-column-wrap{grid-template-columns:repeat(3, minmax(0, 1fr));}.kb-row-layout-id18063_9e7fd0-cf > .kt-row-layout-overlay{opacity:0.30;}@media all and (max-width: 1024px){.kb-row-layout-id18063_9e7fd0-cf > .kt-row-column-wrap > div:not(.added-for-specificity){grid-column:initial;}}@media all and (max-width: 1024px){.kb-row-layout-id18063_9e7fd0-cf > .kt-row-column-wrap{grid-template-columns:repeat(3, minmax(0, 1fr));}}@media all and (max-width: 767px){.kb-row-layout-id18063_9e7fd0-cf > .kt-row-column-wrap > div:not(.added-for-specificity){grid-column:initial;}.kb-row-layout-id18063_9e7fd0-cf > .kt-row-column-wrap{grid-template-columns:minmax(0, 1fr);}}<\/style><div class=\"kb-row-layout-wrap kb-row-layout-id18063_9e7fd0-cf alignnone has-theme-palette3-background-color kt-row-has-bg wp-block-kadence-rowlayout\"><div class=\"kt-row-column-wrap kt-has-3-columns kt-row-layout-equal kt-tab-layout-inherit kt-mobile-layout-row kt-row-valign-top\">\n<style>.kadence-column18063_30cff9-c4 > .kt-inside-inner-col,.kadence-column18063_30cff9-c4 > .kt-inside-inner-col:before{border-top-left-radius:0px;border-top-right-radius:0px;border-bottom-right-radius:0px;border-bottom-left-radius:0px;}.kadence-column18063_30cff9-c4 > .kt-inside-inner-col{column-gap:var(--global-kb-gap-sm, 1rem);}.kadence-column18063_30cff9-c4 > .kt-inside-inner-col{flex-direction:column;}.kadence-column18063_30cff9-c4 > .kt-inside-inner-col > .aligncenter{width:100%;}.kadence-column18063_30cff9-c4 > .kt-inside-inner-col:before{opacity:0.3;}.kadence-column18063_30cff9-c4{position:relative;}@media all and (max-width: 1024px){.kadence-column18063_30cff9-c4 > .kt-inside-inner-col{flex-direction:column;justify-content:center;}}@media all and (max-width: 767px){.kadence-column18063_30cff9-c4 > .kt-inside-inner-col{flex-direction:column;justify-content:center;}}<\/style>\n<div class=\"wp-block-kadence-column kadence-column18063_30cff9-c4\"><div class=\"kt-inside-inner-col\"><\/div><\/div>\n\n\n<style>.kadence-column18063_1e881a-ea > .kt-inside-inner-col,.kadence-column18063_1e881a-ea > .kt-inside-inner-col:before{border-top-left-radius:0px;border-top-right-radius:0px;border-bottom-right-radius:0px;border-bottom-left-radius:0px;}.kadence-column18063_1e881a-ea > .kt-inside-inner-col{column-gap:var(--global-kb-gap-sm, 1rem);}.kadence-column18063_1e881a-ea > .kt-inside-inner-col{flex-direction:column;}.kadence-column18063_1e881a-ea > .kt-inside-inner-col > .aligncenter{width:100%;}.kadence-column18063_1e881a-ea > .kt-inside-inner-col:before{opacity:0.3;}.kadence-column18063_1e881a-ea{position:relative;}@media all and (max-width: 1024px){.kadence-column18063_1e881a-ea > .kt-inside-inner-col{flex-direction:column;justify-content:center;}}@media all and (max-width: 767px){.kadence-column18063_1e881a-ea > .kt-inside-inner-col{flex-direction:column;justify-content:center;}}<\/style>\n<div class=\"wp-block-kadence-column kadence-column18063_1e881a-ea\"><div class=\"kt-inside-inner-col\"><style>.kb-image18063_bd3a8e-d9.kb-image-is-ratio-size, .kb-image18063_bd3a8e-d9 .kb-image-is-ratio-size{max-width:174px;width:100%;}.wp-block-kadence-column > .kt-inside-inner-col > .kb-image18063_bd3a8e-d9.kb-image-is-ratio-size, .wp-block-kadence-column > .kt-inside-inner-col > .kb-image18063_bd3a8e-d9 .kb-image-is-ratio-size{align-self:unset;}.kb-image18063_bd3a8e-d9 figure{max-width:174px;}.kb-image18063_bd3a8e-d9 .image-is-svg, .kb-image18063_bd3a8e-d9 .image-is-svg img{width:100%;}.kb-image18063_bd3a8e-d9 .kb-image-has-overlay:after{opacity:0.3;}.kb-image18063_bd3a8e-d9 img.kb-img, .kb-image18063_bd3a8e-d9 .kb-img img{background-color:var(--global-palette3, #1A202C);}<\/style>\n<div class=\"wp-block-kadence-image kb-image18063_bd3a8e-d9\"><figure class=\"aligncenter size-full\"><img loading=\"lazy\" decoding=\"async\" width=\"500\" height=\"500\" src=\"https:\/\/asosafety.com\/wp-content\/uploads\/2026\/02\/Logo.png\" alt=\"\" class=\"kb-img wp-image-16655\" srcset=\"https:\/\/asosafety.com\/wp-content\/uploads\/2026\/02\/Logo.png 500w, https:\/\/asosafety.com\/wp-content\/uploads\/2026\/02\/Logo-300x300.png 300w, https:\/\/asosafety.com\/wp-content\/uploads\/2026\/02\/Logo-150x150.png 150w, https:\/\/asosafety.com\/wp-content\/uploads\/2026\/02\/Logo-100x100.png 100w\" sizes=\"auto, (max-width: 500px) 100vw, 500px\" \/><\/figure><\/div>\n<\/div><\/div>\n\n\n<style>.kadence-column18063_2855e1-53 > .kt-inside-inner-col,.kadence-column18063_2855e1-53 > .kt-inside-inner-col:before{border-top-left-radius:0px;border-top-right-radius:0px;border-bottom-right-radius:0px;border-bottom-left-radius:0px;}.kadence-column18063_2855e1-53 > .kt-inside-inner-col{column-gap:var(--global-kb-gap-sm, 1rem);}.kadence-column18063_2855e1-53 > .kt-inside-inner-col{flex-direction:column;}.kadence-column18063_2855e1-53 > .kt-inside-inner-col > .aligncenter{width:100%;}.kadence-column18063_2855e1-53 > .kt-inside-inner-col:before{opacity:0.3;}.kadence-column18063_2855e1-53{position:relative;}@media all and (max-width: 1024px){.kadence-column18063_2855e1-53 > .kt-inside-inner-col{flex-direction:column;justify-content:center;}}@media all and (max-width: 767px){.kadence-column18063_2855e1-53 > .kt-inside-inner-col{flex-direction:column;justify-content:center;}}<\/style>\n<div class=\"wp-block-kadence-column kadence-column18063_2855e1-53\"><div class=\"kt-inside-inner-col\"><\/div><\/div>\n\n<\/div><\/div>\n\n<style>.kb-row-layout-id18063_121c7e-59 > .kt-row-column-wrap{align-content:start;}:where(.kb-row-layout-id18063_121c7e-59 > .kt-row-column-wrap) > .wp-block-kadence-column{justify-content:start;}.kb-row-layout-id18063_121c7e-59 > .kt-row-column-wrap{column-gap:var(--global-kb-gap-md, 2rem);row-gap:var(--global-kb-gap-md, 2rem);padding-top:var(--global-kb-spacing-5xl, 10rem);padding-bottom:var(--global-kb-spacing-5xl, 10rem);}.kb-row-layout-id18063_121c7e-59 > .kt-row-column-wrap > div:not(.added-for-specificity){grid-column:initial;}.kb-row-layout-id18063_121c7e-59 > .kt-row-column-wrap{grid-template-columns:repeat(3, minmax(0, 1fr));}.kb-row-layout-id18063_121c7e-59 > .kt-row-layout-overlay{opacity:0.30;}@media all and (max-width: 1024px){.kb-row-layout-id18063_121c7e-59 > .kt-row-column-wrap > div:not(.added-for-specificity){grid-column:initial;}}@media all and (max-width: 1024px){.kb-row-layout-id18063_121c7e-59 > .kt-row-column-wrap{grid-template-columns:repeat(3, minmax(0, 1fr));}}@media all and (max-width: 767px){.kb-row-layout-id18063_121c7e-59 > .kt-row-column-wrap > div:not(.added-for-specificity){grid-column:initial;}.kb-row-layout-id18063_121c7e-59 > .kt-row-column-wrap{grid-template-columns:minmax(0, 1fr);}}<\/style><div class=\"kb-row-layout-wrap kb-row-layout-id18063_121c7e-59 alignnone has-theme-palette3-background-color kt-row-has-bg wp-block-kadence-rowlayout\"><div class=\"kt-row-column-wrap kt-has-3-columns kt-row-layout-equal kt-tab-layout-inherit kt-mobile-layout-row kt-row-valign-top\">\n<style>.kadence-column18063_8ee5f6-f5 > .kt-inside-inner-col,.kadence-column18063_8ee5f6-f5 > .kt-inside-inner-col:before{border-top-left-radius:0px;border-top-right-radius:0px;border-bottom-right-radius:0px;border-bottom-left-radius:0px;}.kadence-column18063_8ee5f6-f5 > .kt-inside-inner-col{column-gap:var(--global-kb-gap-sm, 1rem);}.kadence-column18063_8ee5f6-f5 > .kt-inside-inner-col{flex-direction:column;}.kadence-column18063_8ee5f6-f5 > .kt-inside-inner-col > .aligncenter{width:100%;}.kadence-column18063_8ee5f6-f5 > .kt-inside-inner-col:before{opacity:0.3;}.kadence-column18063_8ee5f6-f5{position:relative;}@media all and (max-width: 1024px){.kadence-column18063_8ee5f6-f5 > .kt-inside-inner-col{flex-direction:column;justify-content:center;}}@media all and (max-width: 767px){.kadence-column18063_8ee5f6-f5 > .kt-inside-inner-col{flex-direction:column;justify-content:center;}}<\/style>\n<div class=\"wp-block-kadence-column kadence-column18063_8ee5f6-f5\"><div class=\"kt-inside-inner-col\"><\/div><\/div>\n\n\n<style>.kadence-column18063_15f2f7-d3 > .kt-inside-inner-col,.kadence-column18063_15f2f7-d3 > .kt-inside-inner-col:before{border-top-left-radius:0px;border-top-right-radius:0px;border-bottom-right-radius:0px;border-bottom-left-radius:0px;}.kadence-column18063_15f2f7-d3 > .kt-inside-inner-col{column-gap:var(--global-kb-gap-sm, 1rem);}.kadence-column18063_15f2f7-d3 > .kt-inside-inner-col{flex-direction:column;}.kadence-column18063_15f2f7-d3 > .kt-inside-inner-col > .aligncenter{width:100%;}.kadence-column18063_15f2f7-d3 > .kt-inside-inner-col:before{opacity:0.3;}.kadence-column18063_15f2f7-d3{position:relative;}@media all and (max-width: 1024px){.kadence-column18063_15f2f7-d3 > .kt-inside-inner-col{flex-direction:column;justify-content:center;}}@media all and (max-width: 767px){.kadence-column18063_15f2f7-d3 > .kt-inside-inner-col{flex-direction:column;justify-content:center;}}<\/style>\n<div class=\"wp-block-kadence-column kadence-column18063_15f2f7-d3\"><div class=\"kt-inside-inner-col\"><\/div><\/div>\n\n\n<style>.kadence-column18063_286437-80 > .kt-inside-inner-col,.kadence-column18063_286437-80 > .kt-inside-inner-col:before{border-top-left-radius:0px;border-top-right-radius:0px;border-bottom-right-radius:0px;border-bottom-left-radius:0px;}.kadence-column18063_286437-80 > .kt-inside-inner-col{column-gap:var(--global-kb-gap-sm, 1rem);}.kadence-column18063_286437-80 > .kt-inside-inner-col{flex-direction:column;}.kadence-column18063_286437-80 > .kt-inside-inner-col > .aligncenter{width:100%;}.kadence-column18063_286437-80 > .kt-inside-inner-col:before{opacity:0.3;}.kadence-column18063_286437-80{position:relative;}@media all and (max-width: 1024px){.kadence-column18063_286437-80 > .kt-inside-inner-col{flex-direction:column;justify-content:center;}}@media all and (max-width: 767px){.kadence-column18063_286437-80 > .kt-inside-inner-col{flex-direction:column;justify-content:center;}}<\/style>\n<div class=\"wp-block-kadence-column kadence-column18063_286437-80\"><div class=\"kt-inside-inner-col\"><\/div><\/div>\n\n<\/div><\/div>","protected":false},"excerpt":{"rendered":"<p>Bitte trennen Sie Ihr Ger\u00e4t vom Internet bzw. schalten Sie die mobilen Daten aus, um mit der Installation des LISENS scan Radarsensors zu beginnen. Please disconnect your device from the internet or turn off mobile data to begin the installation of the LISENS Scan radar sensor.\u00a0<\/p>\n","protected":false},"author":5,"featured_media":0,"parent":0,"menu_order":0,"comment_status":"closed","ping_status":"closed","template":"","meta":{"_kad_blocks_custom_css":"","_kad_blocks_head_custom_js":"","_kad_blocks_body_custom_js":"","_kad_blocks_footer_custom_js":"","_kad_post_transparent":"","_kad_post_title":"","_kad_post_layout":"","_kad_post_sidebar_id":"","_kad_post_content_style":"","_kad_post_vertical_padding":"","_kad_post_feature":"","_kad_post_feature_position":"","_kad_post_header":false,"_kad_post_footer":false,"_kad_post_classname":"","footnotes":""},"class_list":["post-18063","page","type-page","status-publish","hentry"],"yoast_head":"<!-- This site is optimized with the Yoast SEO Premium plugin v26.2 (Yoast SEO v27.5) - https:\/\/yoast.com\/product\/yoast-seo-premium-wordpress\/ -->\n<title>LISENSscan Error Page - ASO Safety Solutions<\/title>\n<meta name=\"robots\" content=\"index, follow, max-snippet:-1, max-image-preview:large, max-video-preview:-1\" \/>\n<link rel=\"canonical\" href=\"https:\/\/asosafety.com\/de\/lisensscan-error-page\/\" \/>\n<meta property=\"og:locale\" content=\"de_DE\" \/>\n<meta property=\"og:type\" content=\"article\" \/>\n<meta property=\"og:title\" content=\"LISENSscan Error Page\" \/>\n<meta property=\"og:description\" content=\"Bitte trennen Sie Ihr Ger\u00e4t vom Internet bzw. schalten Sie die mobilen Daten aus, um mit der Installation des LISENS scan Radarsensors zu beginnen. Please disconnect your device from the internet or turn off mobile data to begin the installation of the LISENS Scan radar sensor.\u00a0\" \/>\n<meta property=\"og:url\" content=\"https:\/\/asosafety.com\/de\/lisensscan-error-page\/\" \/>\n<meta property=\"og:site_name\" content=\"ASO Safety Solutions\" \/>\n<meta property=\"article:modified_time\" content=\"2026-03-06T10:42:20+00:00\" \/>\n<meta property=\"og:image\" content=\"https:\/\/asosafety.com\/wp-content\/uploads\/2026\/02\/Logo.png\" \/>\n\t<meta property=\"og:image:width\" content=\"500\" \/>\n\t<meta property=\"og:image:height\" content=\"500\" \/>\n\t<meta property=\"og:image:type\" content=\"image\/png\" \/>\n<meta name=\"twitter:card\" content=\"summary_large_image\" \/>\n<meta name=\"twitter:label1\" content=\"Gesch\u00e4tzte Lesezeit\" \/>\n\t<meta name=\"twitter:data1\" content=\"1\u00a0Minute\" \/>\n<script type=\"application\/ld+json\" class=\"yoast-schema-graph\">{\"@context\":\"https:\\\/\\\/schema.org\",\"@graph\":[{\"@type\":\"WebPage\",\"@id\":\"https:\\\/\\\/asosafety.com\\\/de\\\/lisensscan-error-page\\\/\",\"url\":\"https:\\\/\\\/asosafety.com\\\/de\\\/lisensscan-error-page\\\/\",\"name\":\"LISENSscan Error Page - ASO Safety Solutions\",\"isPartOf\":{\"@id\":\"https:\\\/\\\/asosafety.com\\\/de\\\/#website\"},\"primaryImageOfPage\":{\"@id\":\"https:\\\/\\\/asosafety.com\\\/de\\\/lisensscan-error-page\\\/#primaryimage\"},\"image\":{\"@id\":\"https:\\\/\\\/asosafety.com\\\/de\\\/lisensscan-error-page\\\/#primaryimage\"},\"thumbnailUrl\":\"https:\\\/\\\/asosafety.com\\\/wp-content\\\/uploads\\\/2026\\\/02\\\/Logo.png\",\"datePublished\":\"2026-03-06T08:57:05+00:00\",\"dateModified\":\"2026-03-06T10:42:20+00:00\",\"breadcrumb\":{\"@id\":\"https:\\\/\\\/asosafety.com\\\/de\\\/lisensscan-error-page\\\/#breadcrumb\"},\"inLanguage\":\"de\",\"potentialAction\":[{\"@type\":\"ReadAction\",\"target\":[\"https:\\\/\\\/asosafety.com\\\/de\\\/lisensscan-error-page\\\/\"]}]},{\"@type\":\"ImageObject\",\"inLanguage\":\"de\",\"@id\":\"https:\\\/\\\/asosafety.com\\\/de\\\/lisensscan-error-page\\\/#primaryimage\",\"url\":\"https:\\\/\\\/asosafety.com\\\/wp-content\\\/uploads\\\/2026\\\/02\\\/Logo.png\",\"contentUrl\":\"https:\\\/\\\/asosafety.com\\\/wp-content\\\/uploads\\\/2026\\\/02\\\/Logo.png\"},{\"@type\":\"BreadcrumbList\",\"@id\":\"https:\\\/\\\/asosafety.com\\\/de\\\/lisensscan-error-page\\\/#breadcrumb\",\"itemListElement\":[{\"@type\":\"ListItem\",\"position\":1,\"name\":\"Startseite\",\"item\":\"https:\\\/\\\/asosafety.com\\\/de\\\/\"},{\"@type\":\"ListItem\",\"position\":2,\"name\":\"LISENSscan Error Page\"}]},{\"@type\":\"WebSite\",\"@id\":\"https:\\\/\\\/asosafety.com\\\/de\\\/#website\",\"url\":\"https:\\\/\\\/asosafety.com\\\/de\\\/\",\"name\":\"ASO Safety Solutions\",\"description\":\"\",\"publisher\":{\"@id\":\"https:\\\/\\\/asosafety.com\\\/de\\\/#organization\"},\"potentialAction\":[{\"@type\":\"SearchAction\",\"target\":{\"@type\":\"EntryPoint\",\"urlTemplate\":\"https:\\\/\\\/asosafety.com\\\/de\\\/?s={search_term_string}\"},\"query-input\":{\"@type\":\"PropertyValueSpecification\",\"valueRequired\":true,\"valueName\":\"search_term_string\"}}],\"inLanguage\":\"de\"},{\"@type\":\"Organization\",\"@id\":\"https:\\\/\\\/asosafety.com\\\/de\\\/#organization\",\"name\":\"ASO Safety Solutions\",\"alternateName\":\"ASO\",\"url\":\"https:\\\/\\\/asosafety.com\\\/de\\\/\",\"logo\":{\"@type\":\"ImageObject\",\"inLanguage\":\"de\",\"@id\":\"https:\\\/\\\/asosafety.com\\\/de\\\/#\\\/schema\\\/logo\\\/image\\\/\",\"url\":\"https:\\\/\\\/asosafety.com\\\/wp-content\\\/uploads\\\/2025\\\/11\\\/cropped-cropped-ASO-Logo-1.png\",\"contentUrl\":\"https:\\\/\\\/asosafety.com\\\/wp-content\\\/uploads\\\/2025\\\/11\\\/cropped-cropped-ASO-Logo-1.png\",\"width\":200,\"height\":80,\"caption\":\"ASO Safety Solutions\"},\"image\":{\"@id\":\"https:\\\/\\\/asosafety.com\\\/de\\\/#\\\/schema\\\/logo\\\/image\\\/\"},\"sameAs\":[\"https:\\\/\\\/www.linkedin.com\\\/company\\\/aso-safety-solutions\",\"https:\\\/\\\/www.youtube.com\\\/@ASOGmbHDeutschland\",\"https:\\\/\\\/www.instagram.com\\\/ausbildung_aso\\\/\"],\"description\":\"ASO Safety Solutions ist f\u00fchrender Hersteller von Sicherheitssensoren f\u00fcr die Automation Seit \u00fcber 40 Jahren steht die ASO GmbH f\u00fcr innovative Sicherheitssensorik und ma\u00dfgeschneiderte L\u00f6sungen in der Automatisierungstechnik. Als familiengef\u00fchrtes Unternehmen mit Hauptsitz in Lippstadt entwickeln, produzieren und vertreiben wir hochwertige Sicherheitskomponenten f\u00fcr industrielle Anwendungen.\",\"email\":\"info@asosafety.com\",\"telephone\":\"+49294197930\",\"legalName\":\"ASO GmbH\",\"vatID\":\"DE126316194\",\"taxID\":\"330\\\/5703\\\/2780\",\"numberOfEmployees\":{\"@type\":\"QuantitativeValue\",\"minValue\":\"51\",\"maxValue\":\"200\"}}]}<\/script>\n<!-- \/ Yoast SEO Premium plugin. -->","yoast_head_json":{"title":"LISENSscan Error Page - ASO Safety Solutions","robots":{"index":"index","follow":"follow","max-snippet":"max-snippet:-1","max-image-preview":"max-image-preview:large","max-video-preview":"max-video-preview:-1"},"canonical":"https:\/\/asosafety.com\/de\/lisensscan-error-page\/","og_locale":"de_DE","og_type":"article","og_title":"LISENSscan Error Page","og_description":"Bitte trennen Sie Ihr Ger\u00e4t vom Internet bzw. schalten Sie die mobilen Daten aus, um mit der Installation des LISENS scan Radarsensors zu beginnen. Please disconnect your device from the internet or turn off mobile data to begin the installation of the LISENS Scan radar sensor.\u00a0","og_url":"https:\/\/asosafety.com\/de\/lisensscan-error-page\/","og_site_name":"ASO Safety Solutions","article_modified_time":"2026-03-06T10:42:20+00:00","og_image":[{"width":500,"height":500,"url":"https:\/\/asosafety.com\/wp-content\/uploads\/2026\/02\/Logo.png","type":"image\/png"}],"twitter_card":"summary_large_image","twitter_misc":{"Gesch\u00e4tzte Lesezeit":"1\u00a0Minute"},"schema":{"@context":"https:\/\/schema.org","@graph":[{"@type":"WebPage","@id":"https:\/\/asosafety.com\/de\/lisensscan-error-page\/","url":"https:\/\/asosafety.com\/de\/lisensscan-error-page\/","name":"LISENSscan Error Page - ASO Safety Solutions","isPartOf":{"@id":"https:\/\/asosafety.com\/de\/#website"},"primaryImageOfPage":{"@id":"https:\/\/asosafety.com\/de\/lisensscan-error-page\/#primaryimage"},"image":{"@id":"https:\/\/asosafety.com\/de\/lisensscan-error-page\/#primaryimage"},"thumbnailUrl":"https:\/\/asosafety.com\/wp-content\/uploads\/2026\/02\/Logo.png","datePublished":"2026-03-06T08:57:05+00:00","dateModified":"2026-03-06T10:42:20+00:00","breadcrumb":{"@id":"https:\/\/asosafety.com\/de\/lisensscan-error-page\/#breadcrumb"},"inLanguage":"de","potentialAction":[{"@type":"ReadAction","target":["https:\/\/asosafety.com\/de\/lisensscan-error-page\/"]}]},{"@type":"ImageObject","inLanguage":"de","@id":"https:\/\/asosafety.com\/de\/lisensscan-error-page\/#primaryimage","url":"https:\/\/asosafety.com\/wp-content\/uploads\/2026\/02\/Logo.png","contentUrl":"https:\/\/asosafety.com\/wp-content\/uploads\/2026\/02\/Logo.png"},{"@type":"BreadcrumbList","@id":"https:\/\/asosafety.com\/de\/lisensscan-error-page\/#breadcrumb","itemListElement":[{"@type":"ListItem","position":1,"name":"Startseite","item":"https:\/\/asosafety.com\/de\/"},{"@type":"ListItem","position":2,"name":"LISENSscan Error Page"}]},{"@type":"WebSite","@id":"https:\/\/asosafety.com\/de\/#website","url":"https:\/\/asosafety.com\/de\/","name":"ASO Safety Solutions","description":"","publisher":{"@id":"https:\/\/asosafety.com\/de\/#organization"},"potentialAction":[{"@type":"SearchAction","target":{"@type":"EntryPoint","urlTemplate":"https:\/\/asosafety.com\/de\/?s={search_term_string}"},"query-input":{"@type":"PropertyValueSpecification","valueRequired":true,"valueName":"search_term_string"}}],"inLanguage":"de"},{"@type":"Organization","@id":"https:\/\/asosafety.com\/de\/#organization","name":"ASO Safety Solutions","alternateName":"ASO","url":"https:\/\/asosafety.com\/de\/","logo":{"@type":"ImageObject","inLanguage":"de","@id":"https:\/\/asosafety.com\/de\/#\/schema\/logo\/image\/","url":"https:\/\/asosafety.com\/wp-content\/uploads\/2025\/11\/cropped-cropped-ASO-Logo-1.png","contentUrl":"https:\/\/asosafety.com\/wp-content\/uploads\/2025\/11\/cropped-cropped-ASO-Logo-1.png","width":200,"height":80,"caption":"ASO Safety Solutions"},"image":{"@id":"https:\/\/asosafety.com\/de\/#\/schema\/logo\/image\/"},"sameAs":["https:\/\/www.linkedin.com\/company\/aso-safety-solutions","https:\/\/www.youtube.com\/@ASOGmbHDeutschland","https:\/\/www.instagram.com\/ausbildung_aso\/"],"description":"ASO Safety Solutions ist f\u00fchrender Hersteller von Sicherheitssensoren f\u00fcr die Automation Seit \u00fcber 40 Jahren steht die ASO GmbH f\u00fcr innovative Sicherheitssensorik und ma\u00dfgeschneiderte L\u00f6sungen in der Automatisierungstechnik. Als familiengef\u00fchrtes Unternehmen mit Hauptsitz in Lippstadt entwickeln, produzieren und vertreiben wir hochwertige Sicherheitskomponenten f\u00fcr industrielle Anwendungen.","email":"info@asosafety.com","telephone":"+49294197930","legalName":"ASO GmbH","vatID":"DE126316194","taxID":"330\/5703\/2780","numberOfEmployees":{"@type":"QuantitativeValue","minValue":"51","maxValue":"200"}}]}},"taxonomy_info":[],"featured_image_src_large":false,"author_info":{"display_name":"Simon Micheel","author_link":"https:\/\/asosafety.com\/de\/author\/admin-smi\/"},"comment_info":0,"_links":{"self":[{"href":"https:\/\/asosafety.com\/de\/wp-json\/wp\/v2\/pages\/18063","targetHints":{"allow":["GET"]}}],"collection":[{"href":"https:\/\/asosafety.com\/de\/wp-json\/wp\/v2\/pages"}],"about":[{"href":"https:\/\/asosafety.com\/de\/wp-json\/wp\/v2\/types\/page"}],"author":[{"embeddable":true,"href":"https:\/\/asosafety.com\/de\/wp-json\/wp\/v2\/users\/5"}],"replies":[{"embeddable":true,"href":"https:\/\/asosafety.com\/de\/wp-json\/wp\/v2\/comments?post=18063"}],"version-history":[{"count":3,"href":"https:\/\/asosafety.com\/de\/wp-json\/wp\/v2\/pages\/18063\/revisions"}],"predecessor-version":[{"id":18086,"href":"https:\/\/asosafety.com\/de\/wp-json\/wp\/v2\/pages\/18063\/revisions\/18086"}],"wp:attachment":[{"href":"https:\/\/asosafety.com\/de\/wp-json\/wp\/v2\/media?parent=18063"}],"curies":[{"name":"wp","href":"https:\/\/api.w.org\/{rel}","templated":true}]}}